{"id":51,"date":"2019-10-04T13:20:31","date_gmt":"2019-10-04T11:20:31","guid":{"rendered":"https:\/\/earsandeyes.noblogs.org\/?page_id=51"},"modified":"2023-05-05T18:11:50","modified_gmt":"2023-05-05T16:11:50","slug":"telechargements","status":"publish","type":"page","link":"https:\/\/earsandeyes.noblogs.org\/fr\/telechargements\/","title":{"rendered":"T\u00e9l\u00e9chargements"},"content":{"rendered":"<p style=\"font-size: 1.7rem\"><strong>Ce site web n&rsquo;est plus mis \u00e0 jour ! T\u00e9l\u00e9chargez les derni\u00e8res versions des fichiers ci-dessous sur notre nouvelle adresse : <a href=\"https:\/\/csrc.link\/earsandeyes\/fr\">csrc.link\/earsandeyes\/fr<\/a>.<\/strong><\/p>\n<hr \/>\n<h3>Liste de dispositifs de surveillance retrouv\u00e9s<\/h3>\n<ul>\n<li>En <strong>fran\u00e7ais<\/strong> :\n<ul>\n<li>Avec photos : <a href=\"https:\/\/earsandeyes.noblogs.org\/files\/2023\/03\/list-pictures-fr-2023-03.pdf\">list-pictures-fr-2023-03.pdf<\/a><\/li>\n<li>Sans photos : <a href=\"https:\/\/earsandeyes.noblogs.org\/files\/2023\/03\/list-fr-2023-03.pdf\">list-fr-2023-03.pdf<\/a><\/li>\n<\/ul>\n<\/li>\n<li>In <strong>english<\/strong>:\n<ul>\n<li>With pictures: <a href=\"https:\/\/earsandeyes.noblogs.org\/files\/2023\/03\/list-pictures-en-2023-03.pdf\">list-pictures-en-2023-03.pdf<\/a><\/li>\n<li>Without pictures: <a href=\"https:\/\/earsandeyes.noblogs.org\/files\/2023\/03\/list-en-2023-03.pdf\">list-en-2023-03.pdf<\/a><\/li>\n<\/ul>\n<\/li>\n<\/ul>\n<h3>Archive contenant les photos des dispositifs en haute r\u00e9solution<\/h3>\n<ul>\n<li>T\u00e9l\u00e9charger ici : <a href=\"https:\/\/we.riseup.net\/assets\/858445\/devices-pictures.zip\">devices-pictures.zip<\/a> (118 Mo)<\/li>\n<\/ul>\n","protected":false},"excerpt":{"rendered":"<p>Ce site web n&rsquo;est plus mis \u00e0 jour ! T\u00e9l\u00e9chargez les derni\u00e8res versions des fichiers ci-dessous sur notre nouvelle adresse : csrc.link\/earsandeyes\/fr. Liste de dispositifs de surveillance retrouv\u00e9s En fran\u00e7ais : Avec photos : list-pictures-fr-2023-03.pdf Sans photos : list-fr-2023-03.pdf In &hellip; <a href=\"https:\/\/earsandeyes.noblogs.org\/fr\/telechargements\/\">Continuer la lecture <span class=\"meta-nav\">&rarr;<\/span><\/a><\/p>\n","protected":false},"author":13290,"featured_media":0,"parent":0,"menu_order":0,"comment_status":"closed","ping_status":"closed","template":"","meta":{"_locale":"fr_FR","_original_post":"41","footnotes":""},"class_list":["post-51","page","type-page","status-publish","hentry","fr-FR"],"_links":{"self":[{"href":"https:\/\/earsandeyes.noblogs.org\/wp-json\/wp\/v2\/pages\/51","targetHints":{"allow":["GET"]}}],"collection":[{"href":"https:\/\/earsandeyes.noblogs.org\/wp-json\/wp\/v2\/pages"}],"about":[{"href":"https:\/\/earsandeyes.noblogs.org\/wp-json\/wp\/v2\/types\/page"}],"author":[{"embeddable":true,"href":"https:\/\/earsandeyes.noblogs.org\/wp-json\/wp\/v2\/users\/13290"}],"replies":[{"embeddable":true,"href":"https:\/\/earsandeyes.noblogs.org\/wp-json\/wp\/v2\/comments?post=51"}],"version-history":[{"count":31,"href":"https:\/\/earsandeyes.noblogs.org\/wp-json\/wp\/v2\/pages\/51\/revisions"}],"predecessor-version":[{"id":2675,"href":"https:\/\/earsandeyes.noblogs.org\/wp-json\/wp\/v2\/pages\/51\/revisions\/2675"}],"wp:attachment":[{"href":"https:\/\/earsandeyes.noblogs.org\/wp-json\/wp\/v2\/media?parent=51"}],"curies":[{"name":"wp","href":"https:\/\/api.w.org\/{rel}","templated":true}]}}