{"id":35,"date":"2019-10-04T11:37:14","date_gmt":"2019-10-04T09:37:14","guid":{"rendered":"https:\/\/earsandeyes.noblogs.org\/?page_id=35"},"modified":"2019-11-05T11:32:05","modified_gmt":"2019-11-05T10:32:05","slug":"contact","status":"publish","type":"page","link":"https:\/\/earsandeyes.noblogs.org\/fr\/contact\/","title":{"rendered":"Contact"},"content":{"rendered":"<p>Tu peux nous contacter par mail sur <strong>desoreillesetdesyeux<span class=\"atwho-query\"> &lsquo;at&rsquo; <\/span>riseup.net<\/strong>.<br \/>\nOn parle fran\u00e7ais et anglais. Si tu nous \u00e9cris dans une autre langue, on peut essayer de se d\u00e9brouiller pour traduire.<\/p>\n<h3>Cl\u00e9 PGP<\/h3>\n<pre>-----BEGIN PGP PUBLIC KEY BLOCK-----\r\n\r\nmQINBFv9G6YBEADGflmYSqqjPblEVZtZSxVc2AJfEILoDgtdozuuRP5Hq+tvQ+do\r\nlwqu7c\/JPG0tErkCPI9oEotgPWQUFlxxAxuMYgU0E\/uLcUfcK4MB8gX3BW\/1hLJf\r\nzr5Pd8KXwZXlhl\/T4GMyQPUHnEPlLvPNmaSLEcMHozMPR2wiZxCJ2FVzenFtWPWV\r\nxRbwJEZZJT8hOdlKPUCRU91GWlfN\/0ek1LWb3IxaCAKp2cMbXJYOK0Pp9PpHACGm\r\nhsH39ubuVgnGPK40+Yg6WErH6IXDUKNDqNool0THM+Hk16hGGnVYX0omA\/iUEs7R\r\nanV3BJS3KMw9Cnr7LvwiPpCFxzS4pnCr+nd0UvWID2SxSFetLwBArk094gPv5eAL\r\nWgTyoSi+7PwVMWrn77YtGm955CHAvWM0b4+YvpfE4KpZQNwhm2hy0JVEaS8SNqij\r\nsKXtbk7n3C+INJ6BKH7AgNiuOZ6j39Y0XiK0l5S7cJquZSzwbGbbPP68Q8mPZcH+\r\n7qYTAfcsl97wtJVxAJWdNjElSTYC6mjldx8O3eU3ruLvSz3YWhK3zzRqnikdLd+Z\r\ndwMHepwx\/zpY+yYksacJv7WZs9rfo7nikTgjP6T3NbNwYbsyVx6ndZoPt2WR33aY\r\nBZKg9wQr63cqpbRBFturmzROApXu00N7LBol+YyGvK26r+Mv0qzOTxuiNQARAQAB\r\ntDZkZXNvcmVpbGxlc2V0ZGVzeWV1eCA8ZGVzb3JlaWxsZXNldGRlc3lldXhAcmlz\r\nZXVwLm5ldD6JAk4EEwEKADgWIQQF1U8mYjka8EBkUchqt4pPl0d3hQUCW\/0bpgIb\r\nAwULCQgHAwUVCgkICwUWAgMBAAIeAQIXgAAKCRBqt4pPl0d3hSp4EACnWzW4hQcH\r\nd\/ah4d5hkKy6KnHTFQRPrAUMpjFNx9yh0sPqunYJhFpm8jFBakF4v1lJOsplCFN\/\r\n1ZAVeOLbaQUXgYWQTYDjOagmiJWBe7gTCQ65maK8RQ5gjTlbpqMHYSbUvwxW7RQw\r\npVvJtOAEFQWVazLf4EhzL7oao4IeTMcFs0bwp4LPCJTIIJmwxUN1IS0rR30M0maQ\r\nKXTn0xsIMbbsPeaLJ0mTaf6C9SYNnlct9Qvk\/Ocwvb9nFp6gJ5sBV63iDQ5iKYEB\r\nHLAVbNvKIisD4YsVxp4zvPGdj+iAhampa+XspR4h\/6ysq8MSWDKdMR3ORsjAV4bt\r\nyolOI3P1pG24zRKmiB6u1IpHymSD2r9W6GA8eAdKUhCzPjKQvF2KF1UMbqvtSGWA\r\nQ5rm2ek3fdLrJJMkLEUBs0XY\/5dGyT5f6L7IVK3E4l9bywPnIGK3bOW39MXNmCJF\r\nx5JF4t82WzBOIB73O\/cccAQWYO09rs4Wvu+Fn5Tn\/zpja6Hxb\/oxrFfmFLChduen\r\nhXsBum1srNG25fyEbiW0MQm5Jr1CeVcc0tqew0e5VnbbiXjJSMmAAlRdQiCdfAcc\r\nTUPqJQ3auDEN+PS6p5yqiy+rTT6Y+3wQgNERQnreRde9OLv3kDSwl0X0Guk\/sUsh\r\nvz9d38LbAF6YMXinSpVRSTLeEYNOEP7mm7kCDQRb\/RumARAA2nIjSWvhiKLv0tXW\r\nEKB+9vW+hzumMQRKjoDTicKCIkEyFcGRZm6w\/dtHiPTP4mqeTeA2qpr\/rISuGtuY\r\nbrhAVB8IYtcTShqkkW4o1NKbLhIEzXnja6kEUkofSRaJF3R9DiYCeL4LdawzXPus\r\n8tQDe8uFyeWCP74FGNGAewLTG\/qeJ3IfaN4Qd9vQSZ2IO8Tn3IqGvLiYMPg5PEay\r\nkxvp6hKvcgtQSrJVxjb5p0FrkhlCCvaHBPHA7dC8qPBMpwGSf9f7w9YJDVUjRsXZ\r\nujkmdM7jxYkymgVgqR9B1l6KOlnuU1L\/5FPNXGWv7Ni043GKJUlT2rvNCsPzP216\r\nVLREH+P4yiXScfivLUSi5RIZ9W8yFKoh\/dNzVstGN6O2v+evRYL5OyXqDtE2v0GC\r\nJphPXMoAzFHlqFvxUBwLgVRctBCsGm14ZCYEAYmXN+YixomRbyxBwD8SEs5+B8M\/\r\nDsNLFjsDBD126P7E5QW9C2Exq4+P8ePNcgJIkoGq3imfl9OXPxr5JeC+OveSiGYP\r\n5+RaCgmxooA+W7NGyqGDcE8ewY30JWCUrhtPTmyFdoNk4TNmHtY2oSMB3pVQtZbc\r\nr3CqadJIaZYQAFbSChZZnroVykJFAtOHHgjkA7RdiChiTQ\/IIKGuDjZIBxPRFr5U\r\nZdBqZNgviVvlQBkQB2aHYgsomW8AEQEAAYkCNgQYAQoAIBYhBAXVTyZiORrwQGRR\r\nyGq3ik+XR3eFBQJb\/RumAhsMAAoJEGq3ik+XR3eFEV4QAJGQRSjQpQr\/WNsJbzUa\r\nUXH4hemoLCNWHNvVDAPB3Wnfpsf2L2mH6gK0wKdeU2qqr2agMh+zScVl45TZ\/0nu\r\nzFnLGEmRj+fc4dEPis5t1PdymRqAQdMHuXI1deWVpA\/wtAfu0MuV7Re4qa9wfLuU\r\n6pM1iaXqvrQKiSOSAO9sb37rNobvQmhTor0hjoHIsQ6uNHwp6V0Fw6e5UNk0hgiQ\r\nz7gh0I70MW58inur6kc+Kh8ms13Cup7msHrh91eAEPUezuO2HkONuN01\/8qgtWUx\r\n7MCQCZUXqFY8m+OxtjibmNGrQ\/Ms8L2dm6tTzVEETmwp5+7IMCi4adiM6ke8P+pt\r\ndOb4Pbj6V4Y2+R\/se0HAqW+uSgV0JKhQRppm4TFjbQWdpmEDry+GKCPsA5F\/TFYB\r\nshkv0CgGUzGjOytQkUAcVZygWzkThrhcrrNlxmPW66jsI+iTFeyDHg2skYadBO5h\r\ntpmicXS7TorfEpgMa+Y0AVBe0iI9X\/b1yrLVp3X1omSmPKlnsERtAbxp2TGYyR0P\r\n1KanPZ42WJPlSYzjZN1BhK75pDBYNgaVitNs9dYXDctjaTmR+zUvFO4+jC8ZkVNE\r\nRpaiec8aRKDqbGUtGy7ZUQUHDtngspqR3a0n9\/pW\/+ocsrXsLHaEzIp73T2T54kw\r\nMb\/tsljDA7hmT5s6l6AgBOOw\r\n=1bPL\r\n-----END PGP PUBLIC KEY BLOCK-----<\/pre>\n","protected":false},"excerpt":{"rendered":"<p>Tu peux nous contacter par mail sur desoreillesetdesyeux &lsquo;at&rsquo; riseup.net. On parle fran\u00e7ais et anglais. Si tu nous \u00e9cris dans une autre langue, on peut essayer de se d\u00e9brouiller pour traduire. Cl\u00e9 PGP &#8212;&#8211;BEGIN PGP PUBLIC KEY BLOCK&#8212;&#8211; mQINBFv9G6YBEADGflmYSqqjPblEVZtZSxVc2AJfEILoDgtdozuuRP5Hq+tvQ+do lwqu7c\/JPG0tErkCPI9oEotgPWQUFlxxAxuMYgU0E\/uLcUfcK4MB8gX3BW\/1hLJf &hellip; <a href=\"https:\/\/earsandeyes.noblogs.org\/fr\/contact\/\">Continuer la lecture <span class=\"meta-nav\">&rarr;<\/span><\/a><\/p>\n","protected":false},"author":13290,"featured_media":0,"parent":0,"menu_order":0,"comment_status":"closed","ping_status":"closed","template":"","meta":{"_locale":"fr_FR","_original_post":"31","footnotes":""},"class_list":["post-35","page","type-page","status-publish","hentry","fr-FR"],"_links":{"self":[{"href":"https:\/\/earsandeyes.noblogs.org\/wp-json\/wp\/v2\/pages\/35","targetHints":{"allow":["GET"]}}],"collection":[{"href":"https:\/\/earsandeyes.noblogs.org\/wp-json\/wp\/v2\/pages"}],"about":[{"href":"https:\/\/earsandeyes.noblogs.org\/wp-json\/wp\/v2\/types\/page"}],"author":[{"embeddable":true,"href":"https:\/\/earsandeyes.noblogs.org\/wp-json\/wp\/v2\/users\/13290"}],"replies":[{"embeddable":true,"href":"https:\/\/earsandeyes.noblogs.org\/wp-json\/wp\/v2\/comments?post=35"}],"version-history":[{"count":2,"href":"https:\/\/earsandeyes.noblogs.org\/wp-json\/wp\/v2\/pages\/35\/revisions"}],"predecessor-version":[{"id":179,"href":"https:\/\/earsandeyes.noblogs.org\/wp-json\/wp\/v2\/pages\/35\/revisions\/179"}],"wp:attachment":[{"href":"https:\/\/earsandeyes.noblogs.org\/wp-json\/wp\/v2\/media?parent=35"}],"curies":[{"name":"wp","href":"https:\/\/api.w.org\/{rel}","templated":true}]}}