{"id":2115,"date":"2021-01-10T19:55:46","date_gmt":"2021-01-10T18:55:46","guid":{"rendered":"https:\/\/earsandeyes.noblogs.org\/?page_id=2115"},"modified":"2021-01-10T20:10:52","modified_gmt":"2021-01-10T19:10:52","slug":"atet","status":"publish","type":"page","link":"https:\/\/earsandeyes.noblogs.org\/fr\/atet\/","title":{"rendered":"Atet"},"content":{"rendered":"<p><strong>Site officiel<\/strong> : <a href=\"https:\/\/atet.it\">atet.it<\/a><br \/>\n<strong>Adresse \u00e0 Turin<\/strong> : Via G. da Verrazzano, 42, 10129 Torino, Italie<br \/>\n<strong>Adresse \u00e0 Rome<\/strong> : Via Aurelia, 480, 00165 Roma, Italie<br \/>\n<strong>Adresse \u00e0 Milan<\/strong> : Via Fucini, 4, 20092 Cinisello Balsamo, MI, Italie<br \/>\n<strong>T\u00e9l\u00e9phone<\/strong> : +39 011 5683200 (Turin), +39 06 66017768 (Rome), +39 02 84171524 (Milan)<br \/>\n<strong>Email<\/strong> : info@atet.it, marketing@atet.it, customersupport@atet.it, atet@pec.it<\/p>\n<p><strong>Statut l\u00e9gal<\/strong> : Entreprise italienne fond\u00e9e en 1960. D&rsquo;apr\u00e8s <a href=\"https:\/\/web.archive.org\/web\/20160315033348\/http:\/\/www.atet.it\/\">une version archiv\u00e9e d&rsquo;une page de leur site web<\/a>, en 2012 Atet a rachet\u00e9 l&rsquo;entreprise italienne Gruppo TRS.<br \/>\n<strong>Clients<\/strong> : Agences du maintien de l&rsquo;ordre et agences gouvernementales, d&rsquo;apr\u00e8s <a href=\"https:\/\/atet.it\/intelligent-support-system-division\/\">une page de leur site web<\/a>.<br \/>\n<strong>Produits<\/strong> : Syst\u00e8mes de surveillance audio et par localisation. D&rsquo;apr\u00e8s <a href=\"https:\/\/atet.it\/intelligent-support-system-division\/\">une page de leur site web<\/a>, \u00ab\u00a0un domaine cl\u00e9 de [leur] activit\u00e9 est la surveillance audio et les syst\u00e8mes de pistage de petite taille\u00a0\u00bb (\u00ab\u00a0a key area of [their] activity is small-sized audio surveillance and tracking systems\u00a0\u00bb).<\/p>\n<p><strong>Dispositifs retrouv\u00e9s<\/strong> : En f\u00e9vrier 2014 \u00e0 Turin, en Italie, un dispositif de surveillance commercialis\u00e9 par l&rsquo;entreprise Gruppo TRS (qui avait \u00e9t\u00e9 rachet\u00e9e par Atec deux ans auparavant) a \u00e9t\u00e9 trouv\u00e9 dans la rue, devant le squat Asilo Occupato. Ce cas figure dans notre <a href=\"https:\/\/earsandeyes.noblogs.org\/fr\/telechargements\">liste d&rsquo;exemples de dispositifs de surveillance retrouv\u00e9s<\/a>, avec une photo qui montre le logo de Gruppo TRS sur le dispositif.<\/p>\n","protected":false},"excerpt":{"rendered":"<p>Site officiel : atet.it Adresse \u00e0 Turin : Via G. da Verrazzano, 42, 10129 Torino, Italie Adresse \u00e0 Rome : Via Aurelia, 480, 00165 Roma, Italie Adresse \u00e0 Milan : Via Fucini, 4, 20092 Cinisello Balsamo, MI, Italie T\u00e9l\u00e9phone : &hellip; <a href=\"https:\/\/earsandeyes.noblogs.org\/fr\/atet\/\">Continuer la lecture <span class=\"meta-nav\">&rarr;<\/span><\/a><\/p>\n","protected":false},"author":13290,"featured_media":0,"parent":0,"menu_order":0,"comment_status":"closed","ping_status":"closed","template":"","meta":{"_locale":"fr_FR","_original_post":"http:\/\/earsandeyes.noblogs.org\/?page_id=2110","footnotes":""},"class_list":["post-2115","page","type-page","status-publish","hentry","fr-FR"],"_links":{"self":[{"href":"https:\/\/earsandeyes.noblogs.org\/wp-json\/wp\/v2\/pages\/2115","targetHints":{"allow":["GET"]}}],"collection":[{"href":"https:\/\/earsandeyes.noblogs.org\/wp-json\/wp\/v2\/pages"}],"about":[{"href":"https:\/\/earsandeyes.noblogs.org\/wp-json\/wp\/v2\/types\/page"}],"author":[{"embeddable":true,"href":"https:\/\/earsandeyes.noblogs.org\/wp-json\/wp\/v2\/users\/13290"}],"replies":[{"embeddable":true,"href":"https:\/\/earsandeyes.noblogs.org\/wp-json\/wp\/v2\/comments?post=2115"}],"version-history":[{"count":3,"href":"https:\/\/earsandeyes.noblogs.org\/wp-json\/wp\/v2\/pages\/2115\/revisions"}],"predecessor-version":[{"id":2124,"href":"https:\/\/earsandeyes.noblogs.org\/wp-json\/wp\/v2\/pages\/2115\/revisions\/2124"}],"wp:attachment":[{"href":"https:\/\/earsandeyes.noblogs.org\/wp-json\/wp\/v2\/media?parent=2115"}],"curies":[{"name":"wp","href":"https:\/\/api.w.org\/{rel}","templated":true}]}}