{"id":2049,"date":"2021-01-06T02:51:41","date_gmt":"2021-01-06T01:51:41","guid":{"rendered":"https:\/\/earsandeyes.noblogs.org\/?page_id=2049"},"modified":"2021-01-06T04:15:37","modified_gmt":"2021-01-06T03:15:37","slug":"dispositifs-surveillance-vue-d-ensemble","status":"publish","type":"page","link":"https:\/\/earsandeyes.noblogs.org\/fr\/dispositifs-surveillance-vue-d-ensemble\/","title":{"rendered":"Dispositifs de surveillance &#8211; vue d&rsquo;ensemble"},"content":{"rendered":"<p>Les flics et les agences de renseignement utilisent parfois des dispositifs de surveillance physiques cach\u00e9s &#8211; microphones, cam\u00e9ras, balises de localisation &#8211; pour espionner des individus ou des groupes pratiquant des actions subversives. L&rsquo;objectif de cette page est de donner un aper\u00e7u rapide de ces dispositifs en r\u00e9pondant aux questions suivantes :<\/p>\n<ul>\n<li><a href=\"#Quand sont-ils install\u00e9s ?\">Quand sont-ils install\u00e9s ?<\/a><\/li>\n<li><a href=\"#O\u00f9 sont-ils cach\u00e9s ?\">O\u00f9 sont-ils cach\u00e9s ?<\/a><\/li>\n<li><a href=\"#Comment fonctionnent-ils ?\">Comment fonctionnent-ils ?<\/a><\/li>\n<li><a href=\"#Comment les trouver ?\">Comment les trouver ?<\/a><\/li>\n<\/ul>\n<p>Notez que notre but n&rsquo;est pas de d\u00e9crire tous les dispositifs de surveillance existants &#8211; comme ceux utilis\u00e9s pour espionner les grandes entreprises ou les gouvernements. Nous nous int\u00e9ressons uniquement aux dispositifs que nous pensons susceptibles d&rsquo;\u00eatre utilis\u00e9s contre des individus ou des groupes pratiquant des actions subversives. Les dispositifs ou fonctionnalit\u00e9s que nous pensons peu susceptibles d&rsquo;\u00eatre utilis\u00e9s dans notre contexte sont indiqu\u00e9s comme \u00ab\u00a0hors cadre\u00a0\u00bb ci-dessous.<\/p>\n<p>Les informations ci-dessous sont bas\u00e9es sur nos propres recherches. Nous avons notamment utilis\u00e9 notre <a href=\"https:\/\/earsandeyes.noblogs.org\/fr\/telechargements\/\">liste de dispositifs retrouv\u00e9s<\/a>, et les nombreuses sp\u00e9cifications techniques disponibles dans notre <a href=\"https:\/\/earsandeyes.noblogs.org\/fr\/industrie-surveillance-liste-entreprises\/\">liste d&rsquo;entreprises<\/a>. Il s&rsquo;agit d&rsquo;une rapide vue d&rsquo;ensemble, et chacun des sujets ci-dessous pourrait \u00eatre couvert de mani\u00e8re beaucoup plus d\u00e9taill\u00e9e. Un jour, on devrait publier une brochure plus compl\u00e8te dans ce but.<\/p>\n<h1 id=\"Quand sont-ils install\u00e9s ?\">Quand sont-ils install\u00e9s ?<\/h1>\n<p>Il semble que la dissimulation de dispositifs de surveillance physiques soit utilis\u00e9e par les flics lorsqu&rsquo;ils veulent recueillir des renseignements sur des individus ou des groupes sp\u00e9cifiques, et que les m\u00e9thodes traditionnelles &#8211; surveillance physique, surveillance des t\u00e9l\u00e9phones et des connexions Internet, etc &#8211; ne sont pas assez efficaces.<\/p>\n<p>Les dispositifs peuvent \u00eatre install\u00e9s pour la surveillance \u00e0 long terme d&rsquo;un lieu ou d&rsquo;un v\u00e9hicule, auquel cas ils peuvent rester en place pendant des mois ou des ann\u00e9es avant d&rsquo;\u00eatre retir\u00e9s par les flics &#8211; ou dans certains cas, d&rsquo;\u00eatre trouv\u00e9s par les personnes surveill\u00e9es. Ils peuvent \u00e9galement \u00eatre install\u00e9s pour la surveillance \u00e0 court terme d&rsquo;\u00e9v\u00e9nements sp\u00e9cifiques.<\/p>\n<p>Dans de nombreux pays, l&rsquo;installation de ces dispositifs est r\u00e9glement\u00e9e par la loi et doit \u00eatre autoris\u00e9e par un juge. Bien s\u00fbr, comme on le sait, souvent les flics ne respectent pas la loi.<\/p>\n<h1 id=\"O\u00f9 sont-ils cach\u00e9s ?\">O\u00f9 sont-ils cach\u00e9s ?<\/h1>\n<h2>Dans des b\u00e2timents<\/h2>\n<div id=\"attachment_2054\" style=\"width: 160px\" class=\"wp-caption alignright\"><a href=\"https:\/\/earsandeyes.noblogs.org\/files\/2021\/01\/Bologne-janvier-2018.jpg\"><img loading=\"lazy\" decoding=\"async\" aria-describedby=\"caption-attachment-2054\" class=\"wp-image-2054 size-thumbnail\" src=\"https:\/\/earsandeyes.noblogs.org\/files\/2021\/01\/Bologne-janvier-2018-150x150.jpg\" alt=\"\" width=\"150\" height=\"150\" \/><\/a><p id=\"caption-attachment-2054\" class=\"wp-caption-text\">Des micros retrouv\u00e9s \u00e0 l&rsquo;int\u00e9rieur d&rsquo;une prise \u00e9lectrique \u00e0 Bologne, Italie, en janvier 2018<\/p><\/div>\n<p>Des microphones et des cam\u00e9ras cach\u00e9s peuvent \u00eatre install\u00e9s dans des b\u00e2timents pour enregistrer le son et l&rsquo;image de ce qui se passe \u00e0 l&rsquo;int\u00e9rieur. Ils peuvent \u00eatre install\u00e9s aussi bien dans des maisons personnelles que dans des espaces collectifs. Des dispositifs cach\u00e9s ont \u00e9t\u00e9 trouv\u00e9s \u00e0 l&rsquo;int\u00e9rieur d&rsquo;objets reli\u00e9s aux murs, tels que des prises \u00e9lectriques, des lampes, des bouches d&rsquo;a\u00e9ration, des multiprises, des interphones et des compteurs \u00e9lectriques. Certains ont \u00e9t\u00e9 trouv\u00e9s cach\u00e9s \u00e0 l&rsquo;int\u00e9rieur de meubles &#8211; dans un ampli, une t\u00e9l\u00e9vision ou une hotte de cuisine. Un autre a \u00e9t\u00e9 trouv\u00e9 au-dessus d&rsquo;un faux plafond. Et dans un cas, un dispositif a \u00e9t\u00e9 trouv\u00e9 \u00e0 l&rsquo;int\u00e9rieur d&rsquo;un mur &#8211; le trou perc\u00e9 dans le mur pour installer le dispositif avait \u00e9t\u00e9 recouvert de mortier.<\/p>\n<p>Les dispositifs de surveillance peuvent \u00e9galement \u00eatre install\u00e9s \u00e0 l&rsquo;int\u00e9rieur de b\u00e2timents proches du lieu mis sous surveillance. G\u00e9n\u00e9ralement, ces dispositifs sont install\u00e9s derri\u00e8re des fen\u00eatres, ce qui leur permet d&rsquo;enregistrer l&rsquo;image et\/ou le son du lieu surveill\u00e9, de sa porte d&rsquo;entr\u00e9e, ou du chemin qui y m\u00e8ne.<\/p>\n<h2>Dans des v\u00e9hicules<\/h2>\n<div id=\"attachment_2058\" style=\"width: 160px\" class=\"wp-caption alignleft\"><a href=\"https:\/\/earsandeyes.noblogs.org\/files\/2021\/01\/Lecce-d\u00e9cembre-2017.png\"><img loading=\"lazy\" decoding=\"async\" aria-describedby=\"caption-attachment-2058\" class=\"size-thumbnail wp-image-2058\" src=\"https:\/\/earsandeyes.noblogs.org\/files\/2021\/01\/Lecce-d\u00e9cembre-2017-150x150.png\" alt=\"\" width=\"150\" height=\"150\" \/><\/a><p id=\"caption-attachment-2058\" class=\"wp-caption-text\">Des micros et une balise GPS retrouv\u00e9s dans la bo\u00eete \u00e0 fusibles d&rsquo;une voiture \u00e0 Lecce, Italie, en d\u00e9cembre 2017<\/p><\/div>\n<p>Des microphones et des dispositifs de surveillance par localisation peuvent \u00eatre install\u00e9s dans tous les types de v\u00e9hicules &#8211; voitures, camions, motos &#8211; pour enregistrer le son de ce qui se passe dans le v\u00e9hicule, et sa localisation.<\/p>\n<p>Ils peuvent \u00eatre install\u00e9s dans des parties du v\u00e9hicule accessibles de l&rsquo;ext\u00e9rieur, parfois fix\u00e9s \u00e0 l&rsquo;aide d&rsquo;aimants. De tels dispositifs cach\u00e9s ont \u00e9t\u00e9 d\u00e9couverts fix\u00e9s sous des v\u00e9hicules, \u00e0 l&rsquo;int\u00e9rieur d&rsquo;une roue ou dans le support d&rsquo;une roue de secours, sur un pare-chocs arri\u00e8re, derri\u00e8re la grille du klaxon ou derri\u00e8re la grille de ventilation de la batterie d&rsquo;un v\u00e9hicule.<\/p>\n<p>Ils peuvent \u00e9galement \u00eatre install\u00e9s \u00e0 l&rsquo;int\u00e9rieur du v\u00e9hicule. Des dispositifs ont ainsi \u00e9t\u00e9 d\u00e9couverts entre la carrosserie et le rev\u00eatement int\u00e9rieur, \u00e0 l&rsquo;int\u00e9rieur du plafond de la voiture &#8211; notamment dans la partie du plafond qui abrite la lumi\u00e8re int\u00e9rieure, dans les bouches d&rsquo;a\u00e9ration int\u00e9rieures, \u00e0 l&rsquo;int\u00e9rieur des t\u00eates des si\u00e8ges des passagers, ou sous le tableau de bord &#8211; notamment derri\u00e8re l&rsquo;indicateur de vitesse ou dans la bo\u00eete \u00e0 fusibles.<\/p>\n<h2>Autres<\/h2>\n<p>Des microphones et des cam\u00e9ras cach\u00e9s peuvent \u00e9galement \u00eatre install\u00e9s \u00e0 l&rsquo;ext\u00e9rieur. En milieu urbain, des dispositifs cach\u00e9s ont \u00e9t\u00e9 d\u00e9couverts dans les rues entourant des lieux mis sous surveillance, notamment \u00e0 l&rsquo;int\u00e9rieur d&rsquo;un faux bo\u00eetier \u00e9lectrique ou \u00e0 l&rsquo;int\u00e9rieur d&rsquo;un faux caillou. En milieu rural, des dispositifs ont \u00e9t\u00e9 trouv\u00e9s cach\u00e9s parmis la v\u00e9g\u00e9tation.<\/p>\n<h1 id=\"Comment fonctionnent-ils ?\">Comment fonctionnent-ils ?<\/h1>\n<h2>Alimentation \u00e9lectrique<\/h2>\n<p>Les dispositifs de surveillance cach\u00e9s ont besoin d&rsquo;une alimentation \u00e9lectrique. L&rsquo;alimentation peut \u00eatre fournie soit par une batterie, soit par le syst\u00e8me \u00e9lectrique du b\u00e2timent ou du v\u00e9hicule dans lequel le dispositif est install\u00e9. Parfois, les deux sources d&rsquo;\u00e9nergie sont pr\u00e9sentes.<\/p>\n<p>Les dispositifs ne sont pas n\u00e9cessairement allum\u00e9s en permanence. Certains microphones cach\u00e9s peuvent ne s&rsquo;allumer que lorsqu&rsquo;il y a du bruit. Certaines cam\u00e9ras cach\u00e9es peuvent ne s&rsquo;allumer qu&rsquo;en cas de mouvement gr\u00e2ce \u00e0 un capteur infrarouge. Certains dispositifs de localisation install\u00e9s sur un v\u00e9hicule peuvent ne s&rsquo;allumer que lorsque le v\u00e9hicule est en marche, ou seulement lorsqu&rsquo;il est en mouvement, gr\u00e2ce \u00e0 un capteur de mouvement. Ces fonctionnalit\u00e9s sont utiles \u00e0 la fois pour \u00e9conomiser la batterie si le dispositif est aliment\u00e9 par une batterie, et pour rendre plus difficile la d\u00e9tection du dispositif.<\/p>\n<p><em>Hors cadre :<\/em><\/p>\n<ul>\n<li><em>les dispositifs utilisant des sources d&rsquo;alimentation moins traditionnelles, comme le Power over Ethernet (PoE)<\/em><\/li>\n<li><em>les dispositifs utilisant des capteurs moins traditionnels pour ne s&rsquo;allumer que dans des conditions sp\u00e9cifiques, tels que les capteurs de vibrations, les capteurs de pression, les capteurs magn\u00e9tiques et les capteurs \u00ab\u00a0trip wire\u00a0\u00bb<\/em><\/li>\n<\/ul>\n<h2>Collecte de donn\u00e9es<\/h2>\n<h3>Son<\/h3>\n<p>Les dispositifs cach\u00e9s peuvent enregistrer le son \u00e0 l&rsquo;aide de microphones.<\/p>\n<p><em>Hors cadre :<\/em><\/p>\n<ul>\n<li><em>les dispositifs qui mettent directement sur \u00e9coute les t\u00e9l\u00e9phones fixes<\/em><\/li>\n<li><em>les dispositifs utilisant des techniques d&rsquo;enregistrement sonore moins traditionnelles, tels que les microphones optiques, les microphones de contact et les \u00ab\u00a0microphone arrays\u00a0\u00bb<\/em><\/li>\n<\/ul>\n<h3>Image<\/h3>\n<p>Les dispositifs cach\u00e9s peuvent enregistrer des images \u00e0 l&rsquo;aide de cam\u00e9ras. Certains dispositifs incluent des cam\u00e9ras infrarouges, capables de \u00ab\u00a0voir dans le noir\u00a0\u00bb.<\/p>\n<h3>Localisation<\/h3>\n<p>La fa\u00e7on la plus courante pour les dispositifs install\u00e9s sur un v\u00e9hicule d&rsquo;enregistrer la position du v\u00e9hicule est d&rsquo;utiliser le Global Positioning System (GPS), ce qui leur permet d&rsquo;obtenir leur propre position presque partout \u00e0 la surface du globe, sans transmettre de donn\u00e9es. Si un dispositif est \u00e9quip\u00e9 d&rsquo;une carte SIM, il peut \u00e9galement se connecter au r\u00e9seau de t\u00e9l\u00e9phonie mobile, et obtenir sa propre position en utilisant comme r\u00e9f\u00e9rence les tours de t\u00e9l\u00e9phonie mobile auxquelles il se connecte.<\/p>\n<p><em>Hors cadre : les dispositifs qui envoient des signaux sur des fr\u00e9quences radio, de sorte que les signaux sont re\u00e7us par les flics \u00e0 proximit\u00e9 (g\u00e9n\u00e9ralement en train de suivre le v\u00e9hicule plac\u00e9 sous surveillance dans leur propre v\u00e9hicule) et utilis\u00e9s pour estimer l&#8217;emplacement du dispositif.<\/em><\/p>\n<h3>Autres<\/h3>\n<p><em>Hors cadre : dispositifs qui peuvent \u00eatre connect\u00e9s \u00e0 un clavier d&rsquo;ordinateur, ou cach\u00e9s \u00e0 l&rsquo;int\u00e9rieur de celui-ci, pour enregistrer les touches tap\u00e9es au clavier.<\/em><\/p>\n<h2>R\u00e9cup\u00e9ration des donn\u00e9es<\/h2>\n<div id=\"attachment_2073\" style=\"width: 160px\" class=\"wp-caption alignright\"><a href=\"https:\/\/earsandeyes.noblogs.org\/files\/2021\/01\/Italy-ao\u00fbt-2019.jpg\"><img loading=\"lazy\" decoding=\"async\" aria-describedby=\"caption-attachment-2073\" class=\"size-thumbnail wp-image-2073\" src=\"https:\/\/earsandeyes.noblogs.org\/files\/2021\/01\/Italy-ao\u00fbt-2019-150x150.jpg\" alt=\"\" width=\"150\" height=\"150\" \/><\/a><p id=\"caption-attachment-2073\" class=\"wp-caption-text\">Dispositif \u00e9quipp\u00e9 d&rsquo;une carte SIM retrouv\u00e9 en Italie an ao\u00fbt 2019<\/p><\/div>\n<p>Les donn\u00e9es collect\u00e9es par un dispositif de surveillance cach\u00e9 doivent \u00eatre r\u00e9cup\u00e9r\u00e9es \u00e0 un moment donn\u00e9 par les flics. Les donn\u00e9es collect\u00e9es par un dispositif peuvent \u00eatre r\u00e9cup\u00e9r\u00e9es par le biais du r\u00e9seau de t\u00e9l\u00e9phonie mobile si le dispositif est \u00e9quip\u00e9 d&rsquo;une carte SIM. Elles peuvent \u00e9galement \u00eatre r\u00e9cup\u00e9r\u00e9es par le biais de signaux envoy\u00e9s par le dispositif sur des fr\u00e9quences radio. Cette technique n\u00e9cessite qu&rsquo;un autre dispositif, un r\u00e9cepteur, soit pr\u00e9sent \u00e0 proximit\u00e9 pour recevoir les signaux &#8211; le r\u00e9cepteur peut \u00eatre cach\u00e9 dans un autre b\u00e2timent ou dans un v\u00e9hicule appartenant aux flics par exemple.<\/p>\n<p>Souvent, les dispositifs disposent d&rsquo;une m\u00e9moire interne, par exemple une carte SD, leur permettant de stocker les donn\u00e9es collect\u00e9es, de sorte qu&rsquo;il n&rsquo;est pas n\u00e9cessaire de les r\u00e9cup\u00e9rer en continu. Dans ce cas, les donn\u00e9es peuvent n&rsquo;\u00eatre r\u00e9cup\u00e9r\u00e9es qu&rsquo;\u00e0 des moments pr\u00e9cis, par exemple lorsque les flics contactent le dispositif par le biais du r\u00e9seau de t\u00e9l\u00e9phonie mobile afin de r\u00e9cup\u00e9rer ses donn\u00e9es. Cette fonctionnalit\u00e9 peut rendre les dispositifs plus difficiles \u00e0 d\u00e9tecter.<\/p>\n<p><em>Hors cadre : les dispositifs utilisant des techniques de transmission de donn\u00e9es moins traditionnelles, comme l&rsquo;acc\u00e8s physique aux dispositifs pour r\u00e9cup\u00e9rer leurs donn\u00e9es, la transmission de donn\u00e9es par Wi-Fi, par Ethernet, ou par une connexion directe par satellite (par exemple \u00e0 la constellation de satellites Iridium), ou l&rsquo;utilisation de la communication par Courants Porteurs en Ligne (CPL).<\/em><\/p>\n<h1 id=\"Comment les trouver ?\">Comment les trouver ?<\/h1>\n<div id=\"attachment_2077\" style=\"width: 160px\" class=\"wp-caption alignleft\"><a href=\"https:\/\/earsandeyes.noblogs.org\/files\/2021\/01\/Lecco-octobre-2010.jpg\"><img loading=\"lazy\" decoding=\"async\" aria-describedby=\"caption-attachment-2077\" class=\"size-thumbnail wp-image-2077\" src=\"https:\/\/earsandeyes.noblogs.org\/files\/2021\/01\/Lecco-octobre-2010-150x150.jpg\" alt=\"\" width=\"150\" height=\"150\" \/><\/a><p id=\"caption-attachment-2077\" class=\"wp-caption-text\">Prise \u00e9lectrique d\u00e9mont\u00e9e dans laquelle un micro a \u00e9t\u00e9 trouv\u00e9 \u00e0 Lecco, Italie, en octobre 2010<\/p><\/div>\n<p>Tout d&rsquo;abord, les dispositifs peuvent \u00eatre trouv\u00e9s en les recherchant manuellement dans le lieu, le v\u00e9hicule ou l&rsquo;environnement ext\u00e9rieur soup\u00e7onn\u00e9 de contenir des dispositifs de surveillance cach\u00e9s. Si l&rsquo;on soup\u00e7onne que des dispositifs ont \u00e9t\u00e9 install\u00e9s r\u00e9cemment, il peut \u00eatre utile de chercher des choses qui ne sont pas \u00e0 leur place : des meubles qui ont \u00e9t\u00e9 d\u00e9plac\u00e9s ou des parties de mur qui ont l\u00e9g\u00e8rement chang\u00e9 de couleur (ce qui pourrait indiquer qu&rsquo;un trou a \u00e9t\u00e9 perc\u00e9 puis recouvert). Il peut \u00eatre utile d&rsquo;avoir des outils adapt\u00e9s, par exemple pour d\u00e9monter les prises \u00e9lectriques d&rsquo;un b\u00e2timent ou pour d\u00e9monter l&rsquo;int\u00e9rieur d&rsquo;un v\u00e9hicule. Si un dispositif est trouv\u00e9, il est important de ne pas s&rsquo;arr\u00eater l\u00e0 : d&rsquo;autres peuvent \u00eatre pr\u00e9sents !<\/p>\n<p>De plus, des appareils de d\u00e9tection peuvent \u00eatre achet\u00e9s dans des magasins sp\u00e9cialis\u00e9s ou sur Internet. Ces appareils comprennent :<\/p>\n<ul>\n<li>les d\u00e9tecteurs de fr\u00e9quences radio (\u00ab\u00a0radio frequency detectors\u00a0\u00bb en anglais), pour d\u00e9tecter les dispositifs en train de transmettre des donn\u00e9es sur des fr\u00e9quences radio au moment de la d\u00e9tection<\/li>\n<li>les d\u00e9tecteurs de lentilles de cam\u00e9ra (\u00ab\u00a0camera lens detectors\u00a0\u00bb en anglais), pour d\u00e9tecter les cam\u00e9ras<\/li>\n<\/ul>\n<p>Les \u00e9quipements professionnels &#8211; analyseurs de spectre, d\u00e9tecteurs de jonctions non-lin\u00e9aires, syst\u00e8mes d&rsquo;imagerie thermique &#8211; peuvent \u00eatre plus efficaces, mais ils sont tr\u00e8s co\u00fbteux. Il est \u00e9galement possible de payer une entreprise sp\u00e9cialis\u00e9e pour rechercher des dispositifs cach\u00e9s, mais c&rsquo;est aussi tr\u00e8s co\u00fbteux, et ce genre d&rsquo;entreprises a parfois des liens \u00e9troits avec les autorit\u00e9s locales.<\/p>\n<p><em>Hors cadre : dispositifs utilisant des techniques de d\u00e9tection de d\u00e9couverte, tels que les dispositifs utilisant des capteurs de lumi\u00e8re pour d\u00e9tecter par eux-m\u00eames quand ils sont d\u00e9couverts et alerter les flics de la d\u00e9couverte.<\/em><\/p>\n","protected":false},"excerpt":{"rendered":"<p>Les flics et les agences de renseignement utilisent parfois des dispositifs de surveillance physiques cach\u00e9s &#8211; microphones, cam\u00e9ras, balises de localisation &#8211; pour espionner des individus ou des groupes pratiquant des actions subversives. L&rsquo;objectif de cette page est de donner &hellip; <a href=\"https:\/\/earsandeyes.noblogs.org\/fr\/dispositifs-surveillance-vue-d-ensemble\/\">Continuer la lecture <span class=\"meta-nav\">&rarr;<\/span><\/a><\/p>\n","protected":false},"author":13290,"featured_media":0,"parent":0,"menu_order":0,"comment_status":"closed","ping_status":"closed","template":"","meta":{"_locale":"fr_FR","_original_post":"http:\/\/earsandeyes.noblogs.org\/?page_id=2037","footnotes":""},"class_list":["post-2049","page","type-page","status-publish","hentry","fr-FR"],"_links":{"self":[{"href":"https:\/\/earsandeyes.noblogs.org\/wp-json\/wp\/v2\/pages\/2049","targetHints":{"allow":["GET"]}}],"collection":[{"href":"https:\/\/earsandeyes.noblogs.org\/wp-json\/wp\/v2\/pages"}],"about":[{"href":"https:\/\/earsandeyes.noblogs.org\/wp-json\/wp\/v2\/types\/page"}],"author":[{"embeddable":true,"href":"https:\/\/earsandeyes.noblogs.org\/wp-json\/wp\/v2\/users\/13290"}],"replies":[{"embeddable":true,"href":"https:\/\/earsandeyes.noblogs.org\/wp-json\/wp\/v2\/comments?post=2049"}],"version-history":[{"count":13,"href":"https:\/\/earsandeyes.noblogs.org\/wp-json\/wp\/v2\/pages\/2049\/revisions"}],"predecessor-version":[{"id":2098,"href":"https:\/\/earsandeyes.noblogs.org\/wp-json\/wp\/v2\/pages\/2049\/revisions\/2098"}],"wp:attachment":[{"href":"https:\/\/earsandeyes.noblogs.org\/wp-json\/wp\/v2\/media?parent=2049"}],"curies":[{"name":"wp","href":"https:\/\/api.w.org\/{rel}","templated":true}]}}