{"id":2047,"date":"2021-01-06T01:58:22","date_gmt":"2021-01-06T00:58:22","guid":{"rendered":"https:\/\/earsandeyes.noblogs.org\/?page_id=2047"},"modified":"2021-01-06T04:15:08","modified_gmt":"2021-01-06T03:15:08","slug":"dispositifs-surveillance-autres-ressources","status":"publish","type":"page","link":"https:\/\/earsandeyes.noblogs.org\/fr\/dispositifs-surveillance-autres-ressources\/","title":{"rendered":"Dispositifs de surveillance &#8211; autres ressources"},"content":{"rendered":"<p>Cette page a pour but de lister des <strong>ressources \u00e0 propos des dispositifs de surveillance<\/strong> qui ont \u00e9t\u00e9 publi\u00e9es par d\u2019autres personnes que nous, et qui sont particuli\u00e8rement pertinentes dans notre contexte.<\/p>\n<hr \/>\n<ul>\n<li><a href=\"https:\/\/earsandeyes.noblogs.org\/fr\/post\/2019\/03\/12\/document-interne-renseignements-francais\/\">Aide technique \u00e0 la surveillance et filature \u2013 le balisage<\/a>, document interne des services de renseignements fran\u00e7ais qui date du milieu des ann\u00e9es 2000, est un manuel expliquant la pose et l\u2019exploitation de balises de localisation sur des v\u00e9hicules dans le but de surveiller des d\u00e9placements.<\/li>\n<li><a href=\"https:\/\/earsandeyes.noblogs.org\/fr\/post\/2019\/02\/11\/techniques-de-contre-surveillance-masnahmen-gegen-observation\/\">Ma\u00dfnahmen gegen Observation<\/a> (Techniques de contre-surveillance) est une brochure parue en allemand en juin 2011. Elle d\u00e9crit certaines techniques de surveillance mises en place par les \u00c9tats pour surveiller des individus et des groupes (notamment dans le contexte de l\u2019Allemagne), ainsi que des moyens de lutter contre cette surveillance.<\/li>\n<\/ul>\n","protected":false},"excerpt":{"rendered":"<p>Cette page a pour but de lister des ressources \u00e0 propos des dispositifs de surveillance qui ont \u00e9t\u00e9 publi\u00e9es par d\u2019autres personnes que nous, et qui sont particuli\u00e8rement pertinentes dans notre contexte. Aide technique \u00e0 la surveillance et filature \u2013 &hellip; <a href=\"https:\/\/earsandeyes.noblogs.org\/fr\/dispositifs-surveillance-autres-ressources\/\">Continuer la lecture <span class=\"meta-nav\">&rarr;<\/span><\/a><\/p>\n","protected":false},"author":13290,"featured_media":0,"parent":0,"menu_order":0,"comment_status":"closed","ping_status":"closed","template":"","meta":{"_locale":"fr_FR","_original_post":"http:\/\/earsandeyes.noblogs.org\/?page_id=2043","footnotes":""},"class_list":["post-2047","page","type-page","status-publish","hentry","fr-FR"],"_links":{"self":[{"href":"https:\/\/earsandeyes.noblogs.org\/wp-json\/wp\/v2\/pages\/2047","targetHints":{"allow":["GET"]}}],"collection":[{"href":"https:\/\/earsandeyes.noblogs.org\/wp-json\/wp\/v2\/pages"}],"about":[{"href":"https:\/\/earsandeyes.noblogs.org\/wp-json\/wp\/v2\/types\/page"}],"author":[{"embeddable":true,"href":"https:\/\/earsandeyes.noblogs.org\/wp-json\/wp\/v2\/users\/13290"}],"replies":[{"embeddable":true,"href":"https:\/\/earsandeyes.noblogs.org\/wp-json\/wp\/v2\/comments?post=2047"}],"version-history":[{"count":2,"href":"https:\/\/earsandeyes.noblogs.org\/wp-json\/wp\/v2\/pages\/2047\/revisions"}],"predecessor-version":[{"id":2095,"href":"https:\/\/earsandeyes.noblogs.org\/wp-json\/wp\/v2\/pages\/2047\/revisions\/2095"}],"wp:attachment":[{"href":"https:\/\/earsandeyes.noblogs.org\/wp-json\/wp\/v2\/media?parent=2047"}],"curies":[{"name":"wp","href":"https:\/\/api.w.org\/{rel}","templated":true}]}}