{"id":2013,"date":"2020-11-29T03:40:36","date_gmt":"2020-11-29T02:40:36","guid":{"rendered":"https:\/\/earsandeyes.noblogs.org\/?page_id=2013"},"modified":"2022-02-23T00:59:54","modified_gmt":"2022-02-22T23:59:54","slug":"a-propos","status":"publish","type":"page","link":"https:\/\/earsandeyes.noblogs.org\/fr\/a-propos\/","title":{"rendered":"\u00c0 propos"},"content":{"rendered":"<h3>Les Oreilles et les Yeux (et les balises GPS)<\/h3>\n<p>Les \u00c9tats, dans leur r\u00f4le de r\u00e9pression des individus et groupes pratiquant des activit\u00e9s subversives, d\u00e9ploient un certain nombre de moyens pour surveiller ces individus et ces groupes. Il semble qu\u2019une partie de cette surveillance passe par la dissimulation de dispositifs de surveillance dans des espaces de vie.<\/p>\n<p>Les dispositifs en question sont vari\u00e9s : microphones, cam\u00e9ras, balises de localisation. Les espaces vis\u00e9s peuvent \u00eatre tous les espaces qu\u2019on traverse : b\u00e2timents, v\u00e9hicules, espace public. Ces pratiques sont parfois l\u00e9gales, r\u00e9alis\u00e9es avec l\u2019accord d\u2019un juge d\u2019instruction par exemple, et parfois non, r\u00e9alis\u00e9es par les services de renseignement hors d\u2019un cadre l\u00e9gal.<\/p>\n<h3>Et donc&#8230;<\/h3>\n<p>On a constat\u00e9 le manque d\u2019informations disponibles autour de nous sur ce type de surveillance. Quelle est l\u2019utilisation r\u00e9elle de ces dispositifs par les services de renseignement\u00a0? Quels types de dispositifs sont utilis\u00e9s\u00a0? Dans quels contextes\u00a0? Avec quelle efficacit\u00e9\u00a0? Quels moyens mettre en place pour contrer ce type de surveillance\u00a0?<span id=\"more-61\"><\/span><\/p>\n<p>On veut collecter des informations \u00e0 ce sujet. On souhaite se concentrer sur la surveillance exerc\u00e9e par les services de renseignement et de police politique \u00e0 l\u2019encontre d\u2019individus ou groupes pratiquant des actions subversives. De plus, on se limite \u00e0 l\u2019\u00e9tude des dispositifs de surveillance physiques dissimul\u00e9s dans les espaces travers\u00e9s par les individus ou groupes surveill\u00e9s (on ne parlera donc pas d\u2019autres types de surveillance comme les filatures, les \u00e9coutes t\u00e9l\u00e9phoniques ou la surveillance d\u2019Internet).<\/p>\n<h3>Ce que vous trouverez sur ce site<\/h3>\n<p>R\u00e9guli\u00e8rement, des dispositifs de surveillance cach\u00e9s sont trouv\u00e9s dans des squats, des lieux militants, des v\u00e9hicules, des maisons ou \u00e0 l&rsquo;ext\u00e9rieur lors d&rsquo;\u00e9v\u00e9nements publics. Parfois, ces d\u00e9couvertes sont rendues publiques sur Internet. Nous essayons de suivre l&rsquo;actualit\u00e9, et nous publions ces d\u00e9couvertes dans la section <a href=\"https:\/\/earsandeyes.noblogs.org\/fr\/\">articles<\/a> de notre site web. Nous publions \u00e9galement une <a href=\"https:\/\/earsandeyes.noblogs.org\/fr\/dispositifs-surveillance-vue-d-ensemble\/\">vue d&rsquo;ensemble des dispositifs de surveillance<\/a> et une <a href=\"https:\/\/earsandeyes.noblogs.org\/fr\/telechargements\/\">liste de dispositifs de surveillance retrouv\u00e9s<\/a>, qui contient environ 90 exemples de dispositifs retrouv\u00e9s partout dans le monde depuis 1988.<\/p>\n<p>Quand les flics d\u00e9cident de nous espionner en utilisant des dispositifs de surveillance, les dispositifs doivent bien venir de quelque part. Il semble que ceux-ci sont souvent achet\u00e9s aupr\u00e8s d\u2019entreprises priv\u00e9es. Les entreprises qui fabriquent et commercialisent des produits et des services de surveillance aupr\u00e8s d\u2019agences de maintien de l\u2019ordre, de gouvernements et de forces arm\u00e9es forment ce qu\u2019on appelle l\u2019industrie de la surveillance. Nous publions quelques ressources sur cette industrie, dont une <a href=\"https:\/\/earsandeyes.noblogs.org\/fr\/industrie-surveillance-liste-entreprises\/\">liste d&rsquo;entreprises<\/a> qui vendent des dispositifs de surveillance physiques con\u00e7us pour \u00eatre cach\u00e9s dans des espaces \u00e0 des agences de maintien de l\u2019ordre.<\/p>\n<h3>Contactez-nous<\/h3>\n<p>Si vous avez des questions ou des commentaires, ou si vous souhaitez contribuer au site web, vous pouvez <a href=\"https:\/\/earsandeyes.noblogs.org\/fr\/contact\/\">nous contacter<\/a>.<\/p>\n","protected":false},"excerpt":{"rendered":"<p>Les Oreilles et les Yeux (et les balises GPS) Les \u00c9tats, dans leur r\u00f4le de r\u00e9pression des individus et groupes pratiquant des activit\u00e9s subversives, d\u00e9ploient un certain nombre de moyens pour surveiller ces individus et ces groupes. Il semble qu\u2019une &hellip; <a href=\"https:\/\/earsandeyes.noblogs.org\/fr\/a-propos\/\">Continuer la lecture <span class=\"meta-nav\">&rarr;<\/span><\/a><\/p>\n","protected":false},"author":13290,"featured_media":0,"parent":0,"menu_order":0,"comment_status":"closed","ping_status":"closed","template":"","meta":{"_locale":"fr_FR","_original_post":"http:\/\/earsandeyes.noblogs.org\/?page_id=2002","footnotes":""},"class_list":["post-2013","page","type-page","status-publish","hentry","fr-FR"],"_links":{"self":[{"href":"https:\/\/earsandeyes.noblogs.org\/wp-json\/wp\/v2\/pages\/2013","targetHints":{"allow":["GET"]}}],"collection":[{"href":"https:\/\/earsandeyes.noblogs.org\/wp-json\/wp\/v2\/pages"}],"about":[{"href":"https:\/\/earsandeyes.noblogs.org\/wp-json\/wp\/v2\/types\/page"}],"author":[{"embeddable":true,"href":"https:\/\/earsandeyes.noblogs.org\/wp-json\/wp\/v2\/users\/13290"}],"replies":[{"embeddable":true,"href":"https:\/\/earsandeyes.noblogs.org\/wp-json\/wp\/v2\/comments?post=2013"}],"version-history":[{"count":5,"href":"https:\/\/earsandeyes.noblogs.org\/wp-json\/wp\/v2\/pages\/2013\/revisions"}],"predecessor-version":[{"id":2415,"href":"https:\/\/earsandeyes.noblogs.org\/wp-json\/wp\/v2\/pages\/2013\/revisions\/2415"}],"wp:attachment":[{"href":"https:\/\/earsandeyes.noblogs.org\/wp-json\/wp\/v2\/media?parent=2013"}],"curies":[{"name":"wp","href":"https:\/\/api.w.org\/{rel}","templated":true}]}}