{"id":1982,"date":"2020-11-29T02:03:42","date_gmt":"2020-11-29T01:03:42","guid":{"rendered":"https:\/\/earsandeyes.noblogs.org\/?page_id=1982"},"modified":"2020-11-29T02:03:42","modified_gmt":"2020-11-29T01:03:42","slug":"stancom","status":"publish","type":"page","link":"https:\/\/earsandeyes.noblogs.org\/fr\/stancom\/","title":{"rendered":"Stancom"},"content":{"rendered":"<p><strong>Site officiel<\/strong> : <a href=\"https:\/\/www.stancom.fr\">stancom.fr<\/a><br \/>\n<strong>Addresse<\/strong> : Stancom Ing\u00e9nierie, 25 rue Louis de Broglie, 95500 Le Thillay, France<br \/>\n<strong>T\u00e9l\u00e9phone<\/strong> : 01 39 92 90 10<\/p>\n<p><strong>Statut l\u00e9gal<\/strong> : Entreprise fran\u00e7aise fond\u00e9e en 1995, sous le nom de Stancom Ing\u00e9nierie.<br \/>\n<strong>Clients<\/strong> : Agences gouvernementales. Comme montr\u00e9 dans <a href=\"https:\/\/earsandeyes.noblogs.org\/fr\/post\/2020\/07\/09\/quelques-informations-extraites-dune-brochure-sur-le-renseignement-francais\/\">un article que nous avons publi\u00e9<\/a>, Stancom commercialise des produits aupr\u00e8s du gouvernement fran\u00e7ais. D&rsquo;apr\u00e8s <a href=\"http:\/\/afigeo.asso.fr\/component\/phocadownload\/category\/7-documents-club-international.html?download=767:programme-catalogue-sig-alger-2013\">le programme d&rsquo;un \u00e9v\u00e8nement de l&rsquo;industrie dat\u00e9 de 2013<\/a>, en 2013 Stancom exportait des produits en R\u00e9publique Dominicaine, en Italie, en Malaisie et en Suisse.<br \/>\n<strong>Produits<\/strong> : Dispositifs de surveillance par localisation. Une <a href=\"https:\/\/www.stancom.fr\/products-category\/geolocalisation\/\">page produits<\/a> de leur site web liste les dispositifs de localisation commercialis\u00e9s par l&rsquo;entreprise, sans sp\u00e9cifications techniques. Certains de leurs produits sont d\u00e9crits comme \u00e9tant commercialis\u00e9s pour de la \u00ab\u00a0surveillance\u00a0\u00bb ou comme \u00e9tant \u00ab\u00a0facilement dissimulables\u00a0\u00bb.<\/p>\n","protected":false},"excerpt":{"rendered":"<p>Site officiel : stancom.fr Addresse : Stancom Ing\u00e9nierie, 25 rue Louis de Broglie, 95500 Le Thillay, France T\u00e9l\u00e9phone : 01 39 92 90 10 Statut l\u00e9gal : Entreprise fran\u00e7aise fond\u00e9e en 1995, sous le nom de Stancom Ing\u00e9nierie. Clients : &hellip; <a href=\"https:\/\/earsandeyes.noblogs.org\/fr\/stancom\/\">Continuer la lecture <span class=\"meta-nav\">&rarr;<\/span><\/a><\/p>\n","protected":false},"author":13290,"featured_media":0,"parent":0,"menu_order":0,"comment_status":"closed","ping_status":"closed","template":"","meta":{"_locale":"fr_FR","_original_post":"http:\/\/earsandeyes.noblogs.org\/?page_id=1979","footnotes":""},"class_list":["post-1982","page","type-page","status-publish","hentry","fr-FR"],"_links":{"self":[{"href":"https:\/\/earsandeyes.noblogs.org\/wp-json\/wp\/v2\/pages\/1982","targetHints":{"allow":["GET"]}}],"collection":[{"href":"https:\/\/earsandeyes.noblogs.org\/wp-json\/wp\/v2\/pages"}],"about":[{"href":"https:\/\/earsandeyes.noblogs.org\/wp-json\/wp\/v2\/types\/page"}],"author":[{"embeddable":true,"href":"https:\/\/earsandeyes.noblogs.org\/wp-json\/wp\/v2\/users\/13290"}],"replies":[{"embeddable":true,"href":"https:\/\/earsandeyes.noblogs.org\/wp-json\/wp\/v2\/comments?post=1982"}],"version-history":[{"count":1,"href":"https:\/\/earsandeyes.noblogs.org\/wp-json\/wp\/v2\/pages\/1982\/revisions"}],"predecessor-version":[{"id":1984,"href":"https:\/\/earsandeyes.noblogs.org\/wp-json\/wp\/v2\/pages\/1982\/revisions\/1984"}],"wp:attachment":[{"href":"https:\/\/earsandeyes.noblogs.org\/wp-json\/wp\/v2\/media?parent=1982"}],"curies":[{"name":"wp","href":"https:\/\/api.w.org\/{rel}","templated":true}]}}