{"id":1973,"date":"2020-11-29T01:20:21","date_gmt":"2020-11-29T00:20:21","guid":{"rendered":"https:\/\/earsandeyes.noblogs.org\/?page_id=1973"},"modified":"2020-11-29T03:56:37","modified_gmt":"2020-11-29T02:56:37","slug":"point-core","status":"publish","type":"page","link":"https:\/\/earsandeyes.noblogs.org\/fr\/point-core\/","title":{"rendered":"Point Core"},"content":{"rendered":"<p><strong>Site officiel<\/strong> : <a href=\"http:\/\/www.point-core.com\/index.php\">point-core.com<\/a><br \/>\n<strong>Si\u00e8ge social<\/strong> : Point-Core SAS, 29\/31, Rue du Bois Galon, 94120 Fontenay-sous-Bois, France<br \/>\n<strong>Autre adresse<\/strong> : Point-Core SAS, 5 lotissement Castel Dour, 29840 Lanildut, France<br \/>\n<strong>T\u00e9l\u00e9phone<\/strong> : +33 1 83 64 21 90<\/p>\n<p><strong>Statut l\u00e9gal<\/strong> : Entreprise fran\u00e7aise fond\u00e9e en 2008.<br \/>\n<strong>Clients<\/strong> : Entreprises de maintien de l&rsquo;ordre. Comme montr\u00e9 dans <a href=\"https:\/\/earsandeyes.noblogs.org\/fr\/post\/2020\/07\/09\/quelques-informations-extraites-dune-brochure-sur-le-renseignement-francais\/\">un article que nous avons publi\u00e9<\/a>, Point Core commercialise des produits aupr\u00e8s du gouvernement fran\u00e7ais.<br \/>\n<strong>Produits<\/strong> : Dispositifs de surveillance par localisation. Une <a href=\"http:\/\/www.point-core.com\/index.php\/lien-fr-main-geo\">page de leur site web<\/a> d\u00e9crit comment leur dispositif \u00ab\u00a0G\u00e9opisteur\u00a0\u00bb fonctionne, et <a href=\"http:\/\/www.point-core.com\/index.php\/17-cat-fr-blog\/cat-fr-geo\/cat-fr-geo-products\/26-art-fr-geopisteur-v3-jumbo\">une autre page<\/a> donne des sp\u00e9cifications techniques pour la troisi\u00e8me version de leur \u00ab\u00a0G\u00e9opisteur\u00a0\u00bb, appel\u00e9e \u00ab\u00a0V3Jumbo\u00a0\u00bb.<\/p>\n<p>\u00c9galement, un de leurs logiciels de pistage peut \u00eatre t\u00e9l\u00e9charg\u00e9 librement sur leur site web <a href=\"http:\/\/crash.point-core.com\/\">ici<\/a>.<\/p>\n","protected":false},"excerpt":{"rendered":"<p>Site officiel : point-core.com Si\u00e8ge social : Point-Core SAS, 29\/31, Rue du Bois Galon, 94120 Fontenay-sous-Bois, France Autre adresse : Point-Core SAS, 5 lotissement Castel Dour, 29840 Lanildut, France T\u00e9l\u00e9phone : +33 1 83 64 21 90 Statut l\u00e9gal : &hellip; <a href=\"https:\/\/earsandeyes.noblogs.org\/fr\/point-core\/\">Continuer la lecture <span class=\"meta-nav\">&rarr;<\/span><\/a><\/p>\n","protected":false},"author":13290,"featured_media":0,"parent":0,"menu_order":0,"comment_status":"closed","ping_status":"closed","template":"","meta":{"_locale":"fr_FR","_original_post":"http:\/\/earsandeyes.noblogs.org\/?page_id=1970","footnotes":""},"class_list":["post-1973","page","type-page","status-publish","hentry","fr-FR"],"_links":{"self":[{"href":"https:\/\/earsandeyes.noblogs.org\/wp-json\/wp\/v2\/pages\/1973","targetHints":{"allow":["GET"]}}],"collection":[{"href":"https:\/\/earsandeyes.noblogs.org\/wp-json\/wp\/v2\/pages"}],"about":[{"href":"https:\/\/earsandeyes.noblogs.org\/wp-json\/wp\/v2\/types\/page"}],"author":[{"embeddable":true,"href":"https:\/\/earsandeyes.noblogs.org\/wp-json\/wp\/v2\/users\/13290"}],"replies":[{"embeddable":true,"href":"https:\/\/earsandeyes.noblogs.org\/wp-json\/wp\/v2\/comments?post=1973"}],"version-history":[{"count":2,"href":"https:\/\/earsandeyes.noblogs.org\/wp-json\/wp\/v2\/pages\/1973\/revisions"}],"predecessor-version":[{"id":2018,"href":"https:\/\/earsandeyes.noblogs.org\/wp-json\/wp\/v2\/pages\/1973\/revisions\/2018"}],"wp:attachment":[{"href":"https:\/\/earsandeyes.noblogs.org\/wp-json\/wp\/v2\/media?parent=1973"}],"curies":[{"name":"wp","href":"https:\/\/api.w.org\/{rel}","templated":true}]}}