{"id":1957,"date":"2020-11-28T03:04:00","date_gmt":"2020-11-28T02:04:00","guid":{"rendered":"https:\/\/earsandeyes.noblogs.org\/?page_id=1957"},"modified":"2020-11-28T03:04:00","modified_gmt":"2020-11-28T02:04:00","slug":"photospace","status":"publish","type":"page","link":"https:\/\/earsandeyes.noblogs.org\/fr\/photospace\/","title":{"rendered":"Photospace"},"content":{"rendered":"<p><strong>Site officiel<\/strong> : ?<br \/>\n<strong>Adresse<\/strong> : (d&rsquo;apr\u00e8s le <a href=\"https:\/\/en.milipol.com\/Media\/Milipol-Paris-Medias\/Files\/Catalogue-MP2019-L-Z\">catalogue 2019 de Milipol<\/a>) 214, Rue Rousseau Vaudran, 77190 Dammarie-Les-Lys, France<br \/>\n<strong>T\u00e9l\u00e9phone<\/strong> : (d&rsquo;apr\u00e8s le <a href=\"https:\/\/en.milipol.com\/Media\/Milipol-Paris-Medias\/Files\/Catalogue-MP2019-L-Z\">catalogue 2019 de Milipol<\/a>) +33 (0)6 08 23 24 35<br \/>\n<strong>Email<\/strong> : (d&rsquo;apr\u00e8s le <a href=\"https:\/\/en.milipol.com\/Media\/Milipol-Paris-Medias\/Files\/Catalogue-MP2019-L-Z\">catalogue 2019 de Milipol<\/a>) jeff.palloure@photospace.fr<\/p>\n<p><strong>Statut l\u00e9gal<\/strong> : Entreprise fran\u00e7aise fond\u00e9e en 2006.<br \/>\n<strong>Clients<\/strong> : Agences gouvernementales. Comme montr\u00e9 dans <a href=\"https:\/\/earsandeyes.noblogs.org\/fr\/post\/2020\/07\/09\/quelques-informations-extraites-dune-brochure-sur-le-renseignement-francais\/\">un article que nous avons publi\u00e9<\/a>, Photospace commercialise des produits aupr\u00e8s du gouvernement fran\u00e7ais.<br \/>\n<strong>Produits<\/strong> : Dispositifs de surveillance par localisation, comme montr\u00e9 dans <a href=\"https:\/\/earsandeyes.noblogs.org\/fr\/post\/2020\/07\/09\/quelques-informations-extraites-dune-brochure-sur-le-renseignement-francais\/\">un article que nous avons publi\u00e9<\/a>. D&rsquo;apr\u00e8s l&rsquo;article sur lequel notre article est bas\u00e9, Photospace commercialise un \u00ab\u00a0<em>un \u00e9metteur radio \u00e0 ondes longues qui peut prendre le relais si la transmission GSM est brouill\u00e9e<\/em>\u00a0\u00bb et \u00ab\u00a0<em>est aussi connue pour ses balises Silex<\/em>\u00ab\u00a0.<\/p>\n","protected":false},"excerpt":{"rendered":"<p>Site officiel : ? Adresse : (d&rsquo;apr\u00e8s le catalogue 2019 de Milipol) 214, Rue Rousseau Vaudran, 77190 Dammarie-Les-Lys, France T\u00e9l\u00e9phone : (d&rsquo;apr\u00e8s le catalogue 2019 de Milipol) +33 (0)6 08 23 24 35 Email : (d&rsquo;apr\u00e8s le catalogue 2019 de &hellip; <a href=\"https:\/\/earsandeyes.noblogs.org\/fr\/photospace\/\">Continuer la lecture <span class=\"meta-nav\">&rarr;<\/span><\/a><\/p>\n","protected":false},"author":13290,"featured_media":0,"parent":0,"menu_order":0,"comment_status":"closed","ping_status":"closed","template":"","meta":{"_locale":"fr_FR","_original_post":"http:\/\/earsandeyes.noblogs.org\/?page_id=1954","footnotes":""},"class_list":["post-1957","page","type-page","status-publish","hentry","fr-FR"],"_links":{"self":[{"href":"https:\/\/earsandeyes.noblogs.org\/wp-json\/wp\/v2\/pages\/1957","targetHints":{"allow":["GET"]}}],"collection":[{"href":"https:\/\/earsandeyes.noblogs.org\/wp-json\/wp\/v2\/pages"}],"about":[{"href":"https:\/\/earsandeyes.noblogs.org\/wp-json\/wp\/v2\/types\/page"}],"author":[{"embeddable":true,"href":"https:\/\/earsandeyes.noblogs.org\/wp-json\/wp\/v2\/users\/13290"}],"replies":[{"embeddable":true,"href":"https:\/\/earsandeyes.noblogs.org\/wp-json\/wp\/v2\/comments?post=1957"}],"version-history":[{"count":3,"href":"https:\/\/earsandeyes.noblogs.org\/wp-json\/wp\/v2\/pages\/1957\/revisions"}],"predecessor-version":[{"id":1961,"href":"https:\/\/earsandeyes.noblogs.org\/wp-json\/wp\/v2\/pages\/1957\/revisions\/1961"}],"wp:attachment":[{"href":"https:\/\/earsandeyes.noblogs.org\/wp-json\/wp\/v2\/media?parent=1957"}],"curies":[{"name":"wp","href":"https:\/\/api.w.org\/{rel}","templated":true}]}}