{"id":1948,"date":"2020-11-28T02:37:39","date_gmt":"2020-11-28T01:37:39","guid":{"rendered":"https:\/\/earsandeyes.noblogs.org\/?page_id=1948"},"modified":"2020-11-28T02:37:39","modified_gmt":"2020-11-28T01:37:39","slug":"track-cars","status":"publish","type":"page","link":"https:\/\/earsandeyes.noblogs.org\/fr\/track-cars\/","title":{"rendered":"Track Cars"},"content":{"rendered":"<p><strong>Site officiel<\/strong> : <a href=\"https:\/\/trackcars.org\">trackcars.org<\/a><br \/>\n<strong>Adresse<\/strong> : Track Cars, 1501 Route Des Dolines, 06560 Valbonne, France<\/p>\n<p><strong>Statut l\u00e9gal<\/strong> : Entreprise fran\u00e7aise fond\u00e9e en 2007.<br \/>\n<strong>Clients<\/strong> : Agences de maintien de l&rsquo;ordre. Comme montr\u00e9 dans <a href=\"https:\/\/earsandeyes.noblogs.org\/fr\/post\/2020\/07\/09\/quelques-informations-extraites-dune-brochure-sur-le-renseignement-francais\/\">un article que nous avons publi\u00e9<\/a>, Track Cars commercialise des produits aupr\u00e8s de la police fran\u00e7aise et du gouvernement fran\u00e7ais.<br \/>\n<strong>Produits<\/strong> : Dispositifs de surveillance par localisation, comme montr\u00e9 dans <a href=\"https:\/\/earsandeyes.noblogs.org\/fr\/post\/2020\/07\/09\/quelques-informations-extraites-dune-brochure-sur-le-renseignement-francais\/\">un article que nous avons publi\u00e9<\/a>. Il n&rsquo;y a pas d&rsquo;autres informations disponibles \u00e0 propos de leurs produits.<\/p>\n","protected":false},"excerpt":{"rendered":"<p>Site officiel : trackcars.org Adresse : Track Cars, 1501 Route Des Dolines, 06560 Valbonne, France Statut l\u00e9gal : Entreprise fran\u00e7aise fond\u00e9e en 2007. Clients : Agences de maintien de l&rsquo;ordre. Comme montr\u00e9 dans un article que nous avons publi\u00e9, Track &hellip; <a href=\"https:\/\/earsandeyes.noblogs.org\/fr\/track-cars\/\">Continuer la lecture <span class=\"meta-nav\">&rarr;<\/span><\/a><\/p>\n","protected":false},"author":13290,"featured_media":0,"parent":0,"menu_order":0,"comment_status":"closed","ping_status":"closed","template":"","meta":{"_locale":"fr_FR","_original_post":"http:\/\/earsandeyes.noblogs.org\/?page_id=1945","footnotes":""},"class_list":["post-1948","page","type-page","status-publish","hentry","fr-FR"],"_links":{"self":[{"href":"https:\/\/earsandeyes.noblogs.org\/wp-json\/wp\/v2\/pages\/1948","targetHints":{"allow":["GET"]}}],"collection":[{"href":"https:\/\/earsandeyes.noblogs.org\/wp-json\/wp\/v2\/pages"}],"about":[{"href":"https:\/\/earsandeyes.noblogs.org\/wp-json\/wp\/v2\/types\/page"}],"author":[{"embeddable":true,"href":"https:\/\/earsandeyes.noblogs.org\/wp-json\/wp\/v2\/users\/13290"}],"replies":[{"embeddable":true,"href":"https:\/\/earsandeyes.noblogs.org\/wp-json\/wp\/v2\/comments?post=1948"}],"version-history":[{"count":1,"href":"https:\/\/earsandeyes.noblogs.org\/wp-json\/wp\/v2\/pages\/1948\/revisions"}],"predecessor-version":[{"id":1950,"href":"https:\/\/earsandeyes.noblogs.org\/wp-json\/wp\/v2\/pages\/1948\/revisions\/1950"}],"wp:attachment":[{"href":"https:\/\/earsandeyes.noblogs.org\/wp-json\/wp\/v2\/media?parent=1948"}],"curies":[{"name":"wp","href":"https:\/\/api.w.org\/{rel}","templated":true}]}}