{"id":1938,"date":"2020-11-28T02:13:47","date_gmt":"2020-11-28T01:13:47","guid":{"rendered":"https:\/\/earsandeyes.noblogs.org\/?page_id=1938"},"modified":"2020-11-28T02:13:47","modified_gmt":"2020-11-28T01:13:47","slug":"opto-vision","status":"publish","type":"page","link":"https:\/\/earsandeyes.noblogs.org\/fr\/opto-vision\/","title":{"rendered":"Opto Vision"},"content":{"rendered":"<p><strong>Site officiel<\/strong> : <a href=\"http:\/\/optovision.fr\">optovision.fr<\/a><br \/>\n<strong>Adresse<\/strong> : Opto Vision France, 9 rue Boudeville, Z.I. Thibaud, 31104 Toulouse Cedex 1, France<br \/>\n<strong>T\u00e9l\u00e9phone<\/strong> : 05 61 76 51 11<br \/>\n<strong>Fax<\/strong> : 05 61 76 51 52<br \/>\n<strong>Email<\/strong> : contact@optovision.fr, info@optovision.fr, contact@optovision.fr, sav@optovision.fr<\/p>\n<p><strong>Statut l\u00e9gal<\/strong> : Entreprise fran\u00e7aise fond\u00e9e en 1995.<br \/>\n<strong>Clients<\/strong> : Agences de maintien de l&rsquo;ordre (d&rsquo;apr\u00e8s leur site web).<br \/>\n<strong>Produits<\/strong> : Dispositifs de surveillance audio et vid\u00e9o. Une liste des dispositifs commercialis\u00e9s par l&rsquo;entreprise, avec des sp\u00e9cifications techniques, est disponible sur <a href=\"http:\/\/optovision.fr\/-Digitalisation-video-.html\">une page produits de leur site web<\/a>.<\/p>\n","protected":false},"excerpt":{"rendered":"<p>Site officiel : optovision.fr Adresse : Opto Vision France, 9 rue Boudeville, Z.I. Thibaud, 31104 Toulouse Cedex 1, France T\u00e9l\u00e9phone : 05 61 76 51 11 Fax : 05 61 76 51 52 Email : contact@optovision.fr, info@optovision.fr, contact@optovision.fr, sav@optovision.fr Statut &hellip; <a href=\"https:\/\/earsandeyes.noblogs.org\/fr\/opto-vision\/\">Continuer la lecture <span class=\"meta-nav\">&rarr;<\/span><\/a><\/p>\n","protected":false},"author":13290,"featured_media":0,"parent":0,"menu_order":0,"comment_status":"closed","ping_status":"closed","template":"","meta":{"_locale":"fr_FR","_original_post":"http:\/\/earsandeyes.noblogs.org\/?page_id=1935","footnotes":""},"class_list":["post-1938","page","type-page","status-publish","hentry","fr-FR"],"_links":{"self":[{"href":"https:\/\/earsandeyes.noblogs.org\/wp-json\/wp\/v2\/pages\/1938","targetHints":{"allow":["GET"]}}],"collection":[{"href":"https:\/\/earsandeyes.noblogs.org\/wp-json\/wp\/v2\/pages"}],"about":[{"href":"https:\/\/earsandeyes.noblogs.org\/wp-json\/wp\/v2\/types\/page"}],"author":[{"embeddable":true,"href":"https:\/\/earsandeyes.noblogs.org\/wp-json\/wp\/v2\/users\/13290"}],"replies":[{"embeddable":true,"href":"https:\/\/earsandeyes.noblogs.org\/wp-json\/wp\/v2\/comments?post=1938"}],"version-history":[{"count":2,"href":"https:\/\/earsandeyes.noblogs.org\/wp-json\/wp\/v2\/pages\/1938\/revisions"}],"predecessor-version":[{"id":1941,"href":"https:\/\/earsandeyes.noblogs.org\/wp-json\/wp\/v2\/pages\/1938\/revisions\/1941"}],"wp:attachment":[{"href":"https:\/\/earsandeyes.noblogs.org\/wp-json\/wp\/v2\/media?parent=1938"}],"curies":[{"name":"wp","href":"https:\/\/api.w.org\/{rel}","templated":true}]}}