{"id":1927,"date":"2020-11-28T01:45:00","date_gmt":"2020-11-28T00:45:00","guid":{"rendered":"https:\/\/earsandeyes.noblogs.org\/?page_id=1927"},"modified":"2020-11-28T02:35:24","modified_gmt":"2020-11-28T01:35:24","slug":"nagra","status":"publish","type":"page","link":"https:\/\/earsandeyes.noblogs.org\/fr\/nagra\/","title":{"rendered":"Nagra"},"content":{"rendered":"<p><em>Cette entreprise est \u00e9galement list\u00e9e sur<\/em> : <a href=\"https:\/\/fr.wikipedia.org\/wiki\/Nagra\">Wikipedia<\/a><\/p>\n<p><strong>Site officiel<\/strong> : <a href=\"https:\/\/www.nagraaudio.com\">nagraaudio.com<\/a><br \/>\n<strong>Adresse de la filliale \u00ab\u00a0s\u00e9curit\u00e9\u00a0\u00bb<\/strong> : Audio Technology Switzerland S.A., Ch. de l\u2019Orio 30A, CH \u2013 1032 Romanel, Suisse<br \/>\n<strong>Email<\/strong> : info@nagraaudio.com<\/p>\n<p><strong>Statut l\u00e9gal<\/strong> : Nagra est une marque de l&rsquo;entreprise Audio Technology Switzerland, bas\u00e9e en Suisse. La marque Nagra a \u00e9t\u00e9 cr\u00e9\u00e9e en 1951.<br \/>\n<strong>Clients<\/strong> : Agences de maintien de l&rsquo;ordre et agences gouvernementales, d&rsquo;apr\u00e8s <a href=\"https:\/\/security.nagraaudio.com\/contact\">la page de contact de leur filliale \u00ab\u00a0s\u00e9curit\u00e9\u00a0\u00bb<\/a>.<br \/>\n<strong>Produits<\/strong> : Dispositifs de surveillance audio. Comme montr\u00e9 dans <a href=\"https:\/\/earsandeyes.noblogs.org\/fr\/post\/2020\/07\/09\/quelques-informations-extraites-dune-brochure-sur-le-renseignement-francais\/\">un article que nous avons publi\u00e9<\/a>, Nagra commercialise un dispositif de surveillance audio d\u00e9guis\u00e9 en carte de cr\u00e9dit, et le fournit au gouvernement fran\u00e7ais. D&rsquo;apr\u00e8s l&rsquo;article sur lequel notre article est bas\u00e9, \u00ab\u00a0<em>Nagra garde cet aspect de son activit\u00e9 aussi discret que possible et ne distribue pas de copies de son catalogue de produits destin\u00e9 aux services de s\u00e9curit\u00e9<\/em>\u00ab\u00a0.<\/p>\n","protected":false},"excerpt":{"rendered":"<p>Cette entreprise est \u00e9galement list\u00e9e sur : Wikipedia Site officiel : nagraaudio.com Adresse de la filliale \u00ab\u00a0s\u00e9curit\u00e9\u00a0\u00bb : Audio Technology Switzerland S.A., Ch. de l\u2019Orio 30A, CH \u2013 1032 Romanel, Suisse Email : info@nagraaudio.com Statut l\u00e9gal : Nagra est une &hellip; <a href=\"https:\/\/earsandeyes.noblogs.org\/fr\/nagra\/\">Continuer la lecture <span class=\"meta-nav\">&rarr;<\/span><\/a><\/p>\n","protected":false},"author":13290,"featured_media":0,"parent":0,"menu_order":0,"comment_status":"closed","ping_status":"closed","template":"","meta":{"_locale":"fr_FR","_original_post":"http:\/\/earsandeyes.noblogs.org\/?page_id=1923","footnotes":""},"class_list":["post-1927","page","type-page","status-publish","hentry","fr-FR"],"_links":{"self":[{"href":"https:\/\/earsandeyes.noblogs.org\/wp-json\/wp\/v2\/pages\/1927","targetHints":{"allow":["GET"]}}],"collection":[{"href":"https:\/\/earsandeyes.noblogs.org\/wp-json\/wp\/v2\/pages"}],"about":[{"href":"https:\/\/earsandeyes.noblogs.org\/wp-json\/wp\/v2\/types\/page"}],"author":[{"embeddable":true,"href":"https:\/\/earsandeyes.noblogs.org\/wp-json\/wp\/v2\/users\/13290"}],"replies":[{"embeddable":true,"href":"https:\/\/earsandeyes.noblogs.org\/wp-json\/wp\/v2\/comments?post=1927"}],"version-history":[{"count":4,"href":"https:\/\/earsandeyes.noblogs.org\/wp-json\/wp\/v2\/pages\/1927\/revisions"}],"predecessor-version":[{"id":1951,"href":"https:\/\/earsandeyes.noblogs.org\/wp-json\/wp\/v2\/pages\/1927\/revisions\/1951"}],"wp:attachment":[{"href":"https:\/\/earsandeyes.noblogs.org\/wp-json\/wp\/v2\/media?parent=1927"}],"curies":[{"name":"wp","href":"https:\/\/api.w.org\/{rel}","templated":true}]}}