{"id":1909,"date":"2020-11-26T05:06:57","date_gmt":"2020-11-26T04:06:57","guid":{"rendered":"https:\/\/earsandeyes.noblogs.org\/?page_id=1909"},"modified":"2021-03-26T07:55:32","modified_gmt":"2021-03-26T06:55:32","slug":"spei-2000","status":"publish","type":"page","link":"https:\/\/earsandeyes.noblogs.org\/fr\/spei-2000\/","title":{"rendered":"SPEI 2000"},"content":{"rendered":"<p>Anciene entreprise italienne qui commercialisait des dispositifs de surveillance audio et par localisation. Il semble que l&rsquo;entreprise ait stopp\u00e9 ses activit\u00e9s en 2018, puisque leur <a href=\"http:\/\/www.spei2000.it\">site web<\/a> n&rsquo;est plus disponible depuis 2018.<\/p>\n<p>Plusieurs documents d\u00e9crivent les produits que l&rsquo;entreprise commercialisait, avec des sp\u00e9cifications techniques et des photos :<\/p>\n<ul>\n<li>Des dispositifs de surveillance audio destin\u00e9s \u00e0 \u00eatre cach\u00e9s, de mod\u00e8les <a href=\"https:\/\/assets.documentcloud.org\/documents\/409305\/168-spei-p5.pdf\">P5<\/a> et <a href=\"https:\/\/assets.documentcloud.org\/documents\/409306\/169-spei-p6.pdf\">P6<\/a>, ainsi que des \u00e9metteurs audio g\u00e9n\u00e9riques destin\u00e9s \u00e0 \u00eatre utilis\u00e9s dans des dispositifs de surveillance, de mod\u00e8les <a href=\"https:\/\/assets.documentcloud.org\/documents\/409298\/162-spei-rmk-073.pdf\">RMK 073<\/a>, <a href=\"https:\/\/assets.documentcloud.org\/documents\/409299\/163-spei-rmk-122-128.pdf\">RMK 122\/128<\/a>, <a href=\"https:\/\/assets.documentcloud.org\/documents\/409300\/164-spei-rmk-129.pdf\">RMK 129<\/a>, <a href=\"https:\/\/assets.documentcloud.org\/documents\/409301\/165-spei-rmk-141.pdf\">RMK 141<\/a><\/li>\n<li>Des balises GPS, de mod\u00e8les <a href=\"https:\/\/assets.documentcloud.org\/documents\/409302\/166-spei-p10.pdf\">P10<\/a> et <a href=\"https:\/\/assets.documentcloud.org\/documents\/409304\/167-spei-p12.pdf\">P12<\/a><\/li>\n<li>Un <a href=\"https:\/\/assets.documentcloud.org\/documents\/409297\/161-spei-pkr-040-040-i.pdf\">r\u00e9cepteur<\/a> pour r\u00e9ceptionner les donn\u00e9es transmises par les dispositifs de surveillance<\/li>\n<\/ul>\n","protected":false},"excerpt":{"rendered":"<p>Anciene entreprise italienne qui commercialisait des dispositifs de surveillance audio et par localisation. Il semble que l&rsquo;entreprise ait stopp\u00e9 ses activit\u00e9s en 2018, puisque leur site web n&rsquo;est plus disponible depuis 2018. Plusieurs documents d\u00e9crivent les produits que l&rsquo;entreprise commercialisait, &hellip; <a href=\"https:\/\/earsandeyes.noblogs.org\/fr\/spei-2000\/\">Continuer la lecture <span class=\"meta-nav\">&rarr;<\/span><\/a><\/p>\n","protected":false},"author":13290,"featured_media":0,"parent":0,"menu_order":0,"comment_status":"closed","ping_status":"closed","template":"","meta":{"_locale":"fr_FR","_original_post":"800","footnotes":""},"class_list":["post-1909","page","type-page","status-publish","hentry","fr-FR"],"_links":{"self":[{"href":"https:\/\/earsandeyes.noblogs.org\/wp-json\/wp\/v2\/pages\/1909","targetHints":{"allow":["GET"]}}],"collection":[{"href":"https:\/\/earsandeyes.noblogs.org\/wp-json\/wp\/v2\/pages"}],"about":[{"href":"https:\/\/earsandeyes.noblogs.org\/wp-json\/wp\/v2\/types\/page"}],"author":[{"embeddable":true,"href":"https:\/\/earsandeyes.noblogs.org\/wp-json\/wp\/v2\/users\/13290"}],"replies":[{"embeddable":true,"href":"https:\/\/earsandeyes.noblogs.org\/wp-json\/wp\/v2\/comments?post=1909"}],"version-history":[{"count":3,"href":"https:\/\/earsandeyes.noblogs.org\/wp-json\/wp\/v2\/pages\/1909\/revisions"}],"predecessor-version":[{"id":2244,"href":"https:\/\/earsandeyes.noblogs.org\/wp-json\/wp\/v2\/pages\/1909\/revisions\/2244"}],"wp:attachment":[{"href":"https:\/\/earsandeyes.noblogs.org\/wp-json\/wp\/v2\/media?parent=1909"}],"curies":[{"name":"wp","href":"https:\/\/api.w.org\/{rel}","templated":true}]}}