{"id":1766,"date":"2020-11-26T01:26:36","date_gmt":"2020-11-26T00:26:36","guid":{"rendered":"https:\/\/earsandeyes.noblogs.org\/?page_id=1766"},"modified":"2021-03-26T07:37:39","modified_gmt":"2021-03-26T06:37:39","slug":"area","status":"publish","type":"page","link":"https:\/\/earsandeyes.noblogs.org\/fr\/area\/","title":{"rendered":"Area"},"content":{"rendered":"<p><strong>Site officiel<\/strong> : <a href=\"https:\/\/www.area.it\">area.it<\/a><br \/>\n<strong>Adresse<\/strong> : MXP Business Park, Via Gabriele d&rsquo;Annunzio, 2, 21010 Vizzola Ticino (VA), Italie<br \/>\n<strong>T\u00e9l\u00e9phone<\/strong> : +39 0331 710 000 (italien), +39 0331 710 001 (anglais)<br \/>\n<strong>Fax<\/strong> : +39 0331 710 100<\/p>\n<p><strong>Statut l\u00e9gal<\/strong> : Entreprise italienne fond\u00e9e en 1996.<br \/>\n<strong>Clients<\/strong> : Agences du maintien de l&rsquo;ordre. D&rsquo;apr\u00e8s la <a href=\"https:\/\/www.area.it\/?page_id=20\">page \u00ab\u00a0\u00e0 propos\u00a0\u00bb<\/a> de leur site web, l&rsquo;entreprise se concentre totalement sur un type particulier de clients &#8211; les agences du maintien de l&rsquo;ordre (\u00ab\u00a0[our] total focus [is] on a specific type of customer &#8211; Lawful Enforcement Agencies\u00a0\u00bb).<br \/>\n<strong>Produits<\/strong> : Dispositifs de surveillance par localisation. La <a href=\"https:\/\/www.area.it\/?page_id=28\">page produits<\/a> de leur site web ne donne pas beaucoup d&rsquo;informations \u00e0 propos de leurs produits.<\/p>\n<p>Un document disponible d\u00e9crit un syst\u00e8me de surveillance par localisation commercialis\u00e9 par l&rsquo;entreprise appel\u00e9 <a href=\"https:\/\/assets.documentcloud.org\/documents\/810662\/79-area-brochure-mcr-tracer.pdf\">MCR TRACER<\/a>. D&rsquo;apr\u00e8s ce document, l&rsquo;entreprise commercialise des dispositifs de surveillance par localisation \u00ab\u00a0install\u00e9s sur des v\u00e9hicules ou autres objets en mouvement, permettant aux agences du maintien de l&rsquo;ordre d&rsquo;obtenir des informations pertinentes concernant les mouvements des v\u00e9hicules : contr\u00f4le en temps r\u00e9el ou a posteriori, date et heure de tous les mouvements, vitesse moyenne, localisation en temps r\u00e9el sur des cartes, etc\u00a0\u00bb (\u00ab\u00a0installed on vehicles or others moving Objects, allowing Law Enforcement Agencies to acquire relevant data concerning vehicles movements: history and real-time monitoring, date and time of all movements, average speed, real-time localization on maps, etc\u00a0\u00bb).<\/p>\n","protected":false},"excerpt":{"rendered":"<p>Site officiel : area.it Adresse : MXP Business Park, Via Gabriele d&rsquo;Annunzio, 2, 21010 Vizzola Ticino (VA), Italie T\u00e9l\u00e9phone : +39 0331 710 000 (italien), +39 0331 710 001 (anglais) Fax : +39 0331 710 100 Statut l\u00e9gal : Entreprise &hellip; <a href=\"https:\/\/earsandeyes.noblogs.org\/fr\/area\/\">Continuer la lecture <span class=\"meta-nav\">&rarr;<\/span><\/a><\/p>\n","protected":false},"author":13290,"featured_media":0,"parent":0,"menu_order":0,"comment_status":"closed","ping_status":"closed","template":"","meta":{"_locale":"fr_FR","_original_post":"1003","footnotes":""},"class_list":["post-1766","page","type-page","status-publish","hentry","fr-FR"],"_links":{"self":[{"href":"https:\/\/earsandeyes.noblogs.org\/wp-json\/wp\/v2\/pages\/1766","targetHints":{"allow":["GET"]}}],"collection":[{"href":"https:\/\/earsandeyes.noblogs.org\/wp-json\/wp\/v2\/pages"}],"about":[{"href":"https:\/\/earsandeyes.noblogs.org\/wp-json\/wp\/v2\/types\/page"}],"author":[{"embeddable":true,"href":"https:\/\/earsandeyes.noblogs.org\/wp-json\/wp\/v2\/users\/13290"}],"replies":[{"embeddable":true,"href":"https:\/\/earsandeyes.noblogs.org\/wp-json\/wp\/v2\/comments?post=1766"}],"version-history":[{"count":2,"href":"https:\/\/earsandeyes.noblogs.org\/wp-json\/wp\/v2\/pages\/1766\/revisions"}],"predecessor-version":[{"id":2152,"href":"https:\/\/earsandeyes.noblogs.org\/wp-json\/wp\/v2\/pages\/1766\/revisions\/2152"}],"wp:attachment":[{"href":"https:\/\/earsandeyes.noblogs.org\/wp-json\/wp\/v2\/media?parent=1766"}],"curies":[{"name":"wp","href":"https:\/\/api.w.org\/{rel}","templated":true}]}}