{"id":1640,"date":"2020-09-21T17:00:42","date_gmt":"2020-09-21T15:00:42","guid":{"rendered":"https:\/\/earsandeyes.noblogs.org\/?page_id=1640"},"modified":"2020-09-29T17:10:57","modified_gmt":"2020-09-29T15:10:57","slug":"technologies-organization-for-intelligence","status":"publish","type":"page","link":"https:\/\/earsandeyes.noblogs.org\/fr\/technologies-organization-for-intelligence\/","title":{"rendered":"Technologies &amp; Organization for Intelligence"},"content":{"rendered":"<p>Ancienne entreprise italienne qui commercialisait des syst\u00e8mes de surveillance audio et par localisation.<\/p>\n<p>Un <a href=\"https:\/\/earsandeyes.noblogs.org\/post\/2020\/09\/29\/quelques-informations-issues-de-documents-internes-de-la-police-nationale-italienne\">article<\/a> montre que l&rsquo;entreprise commercialisait :<\/p>\n<ul>\n<li>Un dispositif de surveillance audio\n<ul>\n<li>Peut \u00eatre consult\u00e9 ici : <a href=\"https:\/\/cloud.disroot.org\/s\/DJ4qDAs4TePB4zG\/download\">https:\/\/cloud.disroot.org\/s\/DJ4qDAs4TePB4zG\/download<\/a><\/li>\n<\/ul>\n<\/li>\n<li>Un dispositif de surveillance audio et par localisation\n<ul>\n<li>Peut \u00eatre consult\u00e9 ici : <a href=\"https:\/\/cloud.disroot.org\/s\/XeWysm3YbgdC6Y6\/download\">https:\/\/cloud.disroot.org\/s\/XeWysm3YbgdC6Y6\/download<\/a><\/li>\n<\/ul>\n<\/li>\n<li>Un logiciel espion pr\u00e9vu pour \u00eatre install\u00e9 sur l&rsquo;ordinateur d&rsquo;une personne suspecte\n<ul>\n<li>Peut \u00eatre consult\u00e9 ici : <a href=\"https:\/\/cloud.disroot.org\/s\/nXrcsEr2m4DkJZN\/download\">https:\/\/cloud.disroot.org\/s\/nXrcsEr2m4DkJZN\/download<\/a><\/li>\n<\/ul>\n<\/li>\n<\/ul>\n","protected":false},"excerpt":{"rendered":"<p>Ancienne entreprise italienne qui commercialisait des syst\u00e8mes de surveillance audio et par localisation. Un article montre que l&rsquo;entreprise commercialisait : Un dispositif de surveillance audio Peut \u00eatre consult\u00e9 ici : https:\/\/cloud.disroot.org\/s\/DJ4qDAs4TePB4zG\/download Un dispositif de surveillance audio et par localisation Peut &hellip; <a href=\"https:\/\/earsandeyes.noblogs.org\/fr\/technologies-organization-for-intelligence\/\">Continuer la lecture <span class=\"meta-nav\">&rarr;<\/span><\/a><\/p>\n","protected":false},"author":13290,"featured_media":0,"parent":0,"menu_order":0,"comment_status":"closed","ping_status":"closed","template":"","meta":{"_locale":"fr_FR","_original_post":"http:\/\/earsandeyes.noblogs.org\/?page_id=1638","footnotes":""},"class_list":["post-1640","page","type-page","status-publish","hentry","fr-FR"],"_links":{"self":[{"href":"https:\/\/earsandeyes.noblogs.org\/wp-json\/wp\/v2\/pages\/1640","targetHints":{"allow":["GET"]}}],"collection":[{"href":"https:\/\/earsandeyes.noblogs.org\/wp-json\/wp\/v2\/pages"}],"about":[{"href":"https:\/\/earsandeyes.noblogs.org\/wp-json\/wp\/v2\/types\/page"}],"author":[{"embeddable":true,"href":"https:\/\/earsandeyes.noblogs.org\/wp-json\/wp\/v2\/users\/13290"}],"replies":[{"embeddable":true,"href":"https:\/\/earsandeyes.noblogs.org\/wp-json\/wp\/v2\/comments?post=1640"}],"version-history":[{"count":3,"href":"https:\/\/earsandeyes.noblogs.org\/wp-json\/wp\/v2\/pages\/1640\/revisions"}],"predecessor-version":[{"id":1671,"href":"https:\/\/earsandeyes.noblogs.org\/wp-json\/wp\/v2\/pages\/1640\/revisions\/1671"}],"wp:attachment":[{"href":"https:\/\/earsandeyes.noblogs.org\/wp-json\/wp\/v2\/media?parent=1640"}],"curies":[{"name":"wp","href":"https:\/\/api.w.org\/{rel}","templated":true}]}}