{"id":1632,"date":"2020-09-21T16:46:29","date_gmt":"2020-09-21T14:46:29","guid":{"rendered":"https:\/\/earsandeyes.noblogs.org\/?page_id=1632"},"modified":"2020-11-26T03:58:32","modified_gmt":"2020-11-26T02:58:32","slug":"micro-team","status":"publish","type":"page","link":"https:\/\/earsandeyes.noblogs.org\/fr\/micro-team\/","title":{"rendered":"Micro Team"},"content":{"rendered":"<p><strong>Site officiel<\/strong> : <a href=\"http:\/\/www.micro-srl.it\">www.micro-srl.it<\/a><br \/>\n<strong>Adresse<\/strong> : Via Dante, 10, 40016 San Giorgio Di Piano (Bologna), Italie<br \/>\n<strong>T\u00e9l\u00e9phone<\/strong> : 051.663.4042, 051.663.0310, 348.411.1714<br \/>\n<strong>Email<\/strong> : info@micro-srl.it<\/p>\n<p><strong>Statut l\u00e9gal<\/strong> : Entreprise italienne. Ce n&rsquo;est pas clair si l&rsquo;entreprise est encore active ou non.<br \/>\n<strong>Clients<\/strong> : Agences du maintien de l\u2019ordre (d&rsquo;apr\u00e8s leur site web).<br \/>\n<strong>Produits<\/strong> : Syst\u00e8mes de surveillance audio, vid\u00e9o, et par localisation.<\/p>\n<p>Leur catalogue peut \u00eatre trouv\u00e9 sur leur site web (en italien) : <a href=\"http:\/\/www.micro-srl.it\/micro-catalogo.pdf\">http:\/\/www.micro-srl.it\/micro-catalogo.pdf<\/a>.<\/p>\n<p>Un <a href=\"https:\/\/earsandeyes.noblogs.org\/post\/2020\/09\/29\/quelques-informations-issues-de-documents-internes-de-la-police-nationale-italienne\">article<\/a> montre que, en 2011, l&rsquo;entreprise installait des balises GPS sur des v\u00e9hicules pour le compte de la justice italienne.<\/p>\n","protected":false},"excerpt":{"rendered":"<p>Site officiel : www.micro-srl.it Adresse : Via Dante, 10, 40016 San Giorgio Di Piano (Bologna), Italie T\u00e9l\u00e9phone : 051.663.4042, 051.663.0310, 348.411.1714 Email : info@micro-srl.it Statut l\u00e9gal : Entreprise italienne. Ce n&rsquo;est pas clair si l&rsquo;entreprise est encore active ou non. &hellip; <a href=\"https:\/\/earsandeyes.noblogs.org\/fr\/micro-team\/\">Continuer la lecture <span class=\"meta-nav\">&rarr;<\/span><\/a><\/p>\n","protected":false},"author":13290,"featured_media":0,"parent":0,"menu_order":0,"comment_status":"closed","ping_status":"closed","template":"","meta":{"_locale":"fr_FR","_original_post":"http:\/\/earsandeyes.noblogs.org\/?page_id=1630","footnotes":""},"class_list":["post-1632","page","type-page","status-publish","hentry","fr-FR"],"_links":{"self":[{"href":"https:\/\/earsandeyes.noblogs.org\/wp-json\/wp\/v2\/pages\/1632","targetHints":{"allow":["GET"]}}],"collection":[{"href":"https:\/\/earsandeyes.noblogs.org\/wp-json\/wp\/v2\/pages"}],"about":[{"href":"https:\/\/earsandeyes.noblogs.org\/wp-json\/wp\/v2\/types\/page"}],"author":[{"embeddable":true,"href":"https:\/\/earsandeyes.noblogs.org\/wp-json\/wp\/v2\/users\/13290"}],"replies":[{"embeddable":true,"href":"https:\/\/earsandeyes.noblogs.org\/wp-json\/wp\/v2\/comments?post=1632"}],"version-history":[{"count":4,"href":"https:\/\/earsandeyes.noblogs.org\/wp-json\/wp\/v2\/pages\/1632\/revisions"}],"predecessor-version":[{"id":1860,"href":"https:\/\/earsandeyes.noblogs.org\/wp-json\/wp\/v2\/pages\/1632\/revisions\/1860"}],"wp:attachment":[{"href":"https:\/\/earsandeyes.noblogs.org\/wp-json\/wp\/v2\/media?parent=1632"}],"curies":[{"name":"wp","href":"https:\/\/api.w.org\/{rel}","templated":true}]}}