{"id":1556,"date":"2020-02-10T14:59:34","date_gmt":"2020-02-10T13:59:34","guid":{"rendered":"https:\/\/earsandeyes.noblogs.org\/?page_id=1556"},"modified":"2020-11-26T03:42:21","modified_gmt":"2020-11-26T02:42:21","slug":"lutech","status":"publish","type":"page","link":"https:\/\/earsandeyes.noblogs.org\/fr\/lutech\/","title":{"rendered":"Lutech"},"content":{"rendered":"<p><strong>Site officiel<\/strong> : <a href=\"https:\/\/lutech.group\/en\">lutech.group<\/a><br \/>\n<strong>Adresse \u00e0 Milan<\/strong> : Via Milano, 150, 20093 Cologno Monzese (MI), Italie<br \/>\n<strong>T\u00e9l\u00e9phone<\/strong> : +39 02 25427011<br \/>\n<strong>Fax<\/strong> : +39 02 25427090<br \/>\n<strong>Email<\/strong> : info@lutech.it<\/p>\n<p><strong>Statut l\u00e9gal<\/strong> : Entreprise italienne fond\u00e9e en 2001. Elle a \u00e9t\u00e9 acquise en 2017 par l&rsquo;entreprise One Equity Partners, bas\u00e9e aux \u00c9tats-Unis. Leurs bureaux principaux sont \u00e0 Milan, Italie, mais l&rsquo;entreprise a d&rsquo;autres bureaux dans d&rsquo;autres villes italiennes.<br \/>\n<strong>Clients<\/strong> : Agences du maintien de l&rsquo;ordre.<br \/>\n<strong>Produits<\/strong> : Une grande gamme de produits, y compris des microphones.<\/p>\n<p><strong>Dispositifs retrouv\u00e9s<\/strong> : Des microphones cach\u00e9s fournis par Lutech ont \u00e9t\u00e9 <a href=\"https:\/\/earsandeyes.noblogs.org\/post\/2020\/02\/10\/des-micros-retrouves-dans-des-batiments-a-pise-et-follonica-italie\">retrouv\u00e9s \u00e0 Pise et Follonica en f\u00e9vrier 2020<\/a>.<\/p>\n","protected":false},"excerpt":{"rendered":"<p>Site officiel : lutech.group Adresse \u00e0 Milan : Via Milano, 150, 20093 Cologno Monzese (MI), Italie T\u00e9l\u00e9phone : +39 02 25427011 Fax : +39 02 25427090 Email : info@lutech.it Statut l\u00e9gal : Entreprise italienne fond\u00e9e en 2001. Elle a \u00e9t\u00e9 &hellip; <a href=\"https:\/\/earsandeyes.noblogs.org\/fr\/lutech\/\">Continuer la lecture <span class=\"meta-nav\">&rarr;<\/span><\/a><\/p>\n","protected":false},"author":13290,"featured_media":0,"parent":0,"menu_order":0,"comment_status":"closed","ping_status":"closed","template":"","meta":{"_locale":"fr_FR","_original_post":"1551","footnotes":""},"class_list":["post-1556","page","type-page","status-publish","hentry","fr-FR"],"_links":{"self":[{"href":"https:\/\/earsandeyes.noblogs.org\/wp-json\/wp\/v2\/pages\/1556","targetHints":{"allow":["GET"]}}],"collection":[{"href":"https:\/\/earsandeyes.noblogs.org\/wp-json\/wp\/v2\/pages"}],"about":[{"href":"https:\/\/earsandeyes.noblogs.org\/wp-json\/wp\/v2\/types\/page"}],"author":[{"embeddable":true,"href":"https:\/\/earsandeyes.noblogs.org\/wp-json\/wp\/v2\/users\/13290"}],"replies":[{"embeddable":true,"href":"https:\/\/earsandeyes.noblogs.org\/wp-json\/wp\/v2\/comments?post=1556"}],"version-history":[{"count":2,"href":"https:\/\/earsandeyes.noblogs.org\/wp-json\/wp\/v2\/pages\/1556\/revisions"}],"predecessor-version":[{"id":1843,"href":"https:\/\/earsandeyes.noblogs.org\/wp-json\/wp\/v2\/pages\/1556\/revisions\/1843"}],"wp:attachment":[{"href":"https:\/\/earsandeyes.noblogs.org\/wp-json\/wp\/v2\/media?parent=1556"}],"curies":[{"name":"wp","href":"https:\/\/api.w.org\/{rel}","templated":true}]}}