{"id":1432,"date":"2019-11-07T10:45:37","date_gmt":"2019-11-07T09:45:37","guid":{"rendered":"https:\/\/earsandeyes.noblogs.org\/?page_id=1432"},"modified":"2021-03-26T07:57:24","modified_gmt":"2021-03-26T06:57:24","slug":"wireonair","status":"publish","type":"page","link":"https:\/\/earsandeyes.noblogs.org\/fr\/wireonair\/","title":{"rendered":"WireOnAir"},"content":{"rendered":"<p><strong>Site officiel<\/strong> : <a href=\"http:\/\/www.wireonair.com\">wireonair.com<\/a><br \/>\n<strong>Adresse<\/strong> : WireOnAir A\/S, Brog\u00e5rdsvej 70, DK-2820 Gentofte, Danemark<br \/>\n<strong>T\u00e9l\u00e9phone<\/strong> : +45 3927 6860<br \/>\n<strong>Fax<\/strong> : +45 3927 6868<br \/>\n<strong>Email<\/strong> : info@wireonair.com<\/p>\n<p><strong>Statut l\u00e9gal<\/strong> : Entreprise bas\u00e9e au Danemark, fond\u00e9e en 2005 et enregistr\u00e9e sous le nom de WireOnAir A\/S.<br \/>\n<strong>Clients<\/strong> : Agences gouvernementales, d&rsquo;apr\u00e8s la <a href=\"https:\/\/www.securityandpolicing.co.uk\/exhibitors\/exhibitors-list-2020\/wireonair-a-s\/\">description de leur entreprise<\/a> qui accompagne leur enregistrement en tant qu&rsquo;entreprise exposante \u00e0 l&rsquo;\u00e9v\u00e8nement Security &amp; Policing 2020, un salon professionnel pour les entreprises des industries de la s\u00e9curit\u00e9 et de la d\u00e9fense.<br \/>\n<strong>Produits<\/strong> : Dispositifs de surveillance audio et vid\u00e9o. D&rsquo;apr\u00e8s la <a href=\"http:\/\/www.davidhorncommunications.com\/products\/police\/covert-audio-video\/\">description de leur entreprise<\/a> sur le site web de l&rsquo;entreprise britannique <a href=\"https:\/\/earsandeyes.noblogs.org\/fr\/david-horn-communications\">David Horn Communications<\/a>, WireOnAir commercialise \u00ab\u00a0de l&rsquo;\u00e9quipement miniature audio et audio\/vid\u00e9o hautement sp\u00e9cialis\u00e9\u00a0\u00bb (\u00ab\u00a0highly specialized [&#8230;] miniature audio and audo\/video equipment\u00a0\u00bb). Leur propre site web ne donne aucune description de leurs produits.<\/p>\n","protected":false},"excerpt":{"rendered":"<p>Site officiel : wireonair.com Adresse : WireOnAir A\/S, Brog\u00e5rdsvej 70, DK-2820 Gentofte, Danemark T\u00e9l\u00e9phone : +45 3927 6860 Fax : +45 3927 6868 Email : info@wireonair.com Statut l\u00e9gal : Entreprise bas\u00e9e au Danemark, fond\u00e9e en 2005 et enregistr\u00e9e sous le &hellip; <a href=\"https:\/\/earsandeyes.noblogs.org\/fr\/wireonair\/\">Continuer la lecture <span class=\"meta-nav\">&rarr;<\/span><\/a><\/p>\n","protected":false},"author":13290,"featured_media":0,"parent":0,"menu_order":0,"comment_status":"closed","ping_status":"closed","template":"","meta":{"_locale":"fr_FR","_original_post":"591","footnotes":""},"class_list":["post-1432","page","type-page","status-publish","hentry","fr-FR"],"_links":{"self":[{"href":"https:\/\/earsandeyes.noblogs.org\/wp-json\/wp\/v2\/pages\/1432","targetHints":{"allow":["GET"]}}],"collection":[{"href":"https:\/\/earsandeyes.noblogs.org\/wp-json\/wp\/v2\/pages"}],"about":[{"href":"https:\/\/earsandeyes.noblogs.org\/wp-json\/wp\/v2\/types\/page"}],"author":[{"embeddable":true,"href":"https:\/\/earsandeyes.noblogs.org\/wp-json\/wp\/v2\/users\/13290"}],"replies":[{"embeddable":true,"href":"https:\/\/earsandeyes.noblogs.org\/wp-json\/wp\/v2\/comments?post=1432"}],"version-history":[{"count":4,"href":"https:\/\/earsandeyes.noblogs.org\/wp-json\/wp\/v2\/pages\/1432\/revisions"}],"predecessor-version":[{"id":2257,"href":"https:\/\/earsandeyes.noblogs.org\/wp-json\/wp\/v2\/pages\/1432\/revisions\/2257"}],"wp:attachment":[{"href":"https:\/\/earsandeyes.noblogs.org\/wp-json\/wp\/v2\/media?parent=1432"}],"curies":[{"name":"wp","href":"https:\/\/api.w.org\/{rel}","templated":true}]}}