{"id":1429,"date":"2019-11-07T10:45:37","date_gmt":"2019-11-07T09:45:37","guid":{"rendered":"https:\/\/earsandeyes.noblogs.org\/?page_id=1429"},"modified":"2019-11-07T10:45:37","modified_gmt":"2019-11-07T09:45:37","slug":"timespace-technology","status":"publish","type":"page","link":"https:\/\/earsandeyes.noblogs.org\/fr\/timespace-technology\/","title":{"rendered":"Timespace Technology"},"content":{"rendered":"<p><strong>Site officiel<\/strong> : <a href=\"https:\/\/tspace.co.uk\">tspace.co.uk<\/a><br \/>\n<strong>Adresse<\/strong> : Timespace Technology Limited, Lakeview Court, Ermine Business Park, Huntingdon PE29 6UA, Royaume-Uni<br \/>\n<strong>T\u00e9l\u00e9phone<\/strong> : +44 (0)1480 414147<br \/>\n<strong>Fax<\/strong> : +44 (0)1480 414146<br \/>\n<strong>Email<\/strong> : mail@tspace.co.uk, support@tspace.co.uk, service@tspace.co.uk<\/p>\n<p><strong>Statut l\u00e9gal<\/strong> : Entreprise britannique fond\u00e9e en 1998.<br \/>\n<strong>Clients<\/strong> : Agences du maintien de l&rsquo;ordre et l&rsquo;arm\u00e9e (d&rsquo;apr\u00e8s leur site web).<br \/>\n<strong>Produits<\/strong> : Dispositifs de surveillance vid\u00e9o et par localisation. Une <a href=\"https:\/\/tspace.co.uk\/products.asp\">page de leur site web<\/a> liste les dispositifs de surveillance commercialis\u00e9s par l&rsquo;entreprise. L&rsquo;entreprise est sp\u00e9cialis\u00e9e dans les cam\u00e9ras de surveillance. Certaines de leurs cam\u00e9ras sont con\u00e7ues pour \u00eatre utilis\u00e9es dans des op\u00e9rations de surveillance secr\u00e8te. Certaines de leurs cam\u00e9ras sont capables d&rsquo;obtenir leur propre position en utilisant le GPS.<\/p>\n","protected":false},"excerpt":{"rendered":"<p>Site officiel : tspace.co.uk Adresse : Timespace Technology Limited, Lakeview Court, Ermine Business Park, Huntingdon PE29 6UA, Royaume-Uni T\u00e9l\u00e9phone : +44 (0)1480 414147 Fax : +44 (0)1480 414146 Email : mail@tspace.co.uk, support@tspace.co.uk, service@tspace.co.uk Statut l\u00e9gal : Entreprise britannique fond\u00e9e en &hellip; <a href=\"https:\/\/earsandeyes.noblogs.org\/fr\/timespace-technology\/\">Continuer la lecture <span class=\"meta-nav\">&rarr;<\/span><\/a><\/p>\n","protected":false},"author":13290,"featured_media":0,"parent":0,"menu_order":0,"comment_status":"closed","ping_status":"closed","template":"","meta":{"_locale":"fr_FR","_original_post":"691","footnotes":""},"class_list":["post-1429","page","type-page","status-publish","hentry","fr-FR"],"_links":{"self":[{"href":"https:\/\/earsandeyes.noblogs.org\/wp-json\/wp\/v2\/pages\/1429","targetHints":{"allow":["GET"]}}],"collection":[{"href":"https:\/\/earsandeyes.noblogs.org\/wp-json\/wp\/v2\/pages"}],"about":[{"href":"https:\/\/earsandeyes.noblogs.org\/wp-json\/wp\/v2\/types\/page"}],"author":[{"embeddable":true,"href":"https:\/\/earsandeyes.noblogs.org\/wp-json\/wp\/v2\/users\/13290"}],"replies":[{"embeddable":true,"href":"https:\/\/earsandeyes.noblogs.org\/wp-json\/wp\/v2\/comments?post=1429"}],"version-history":[{"count":1,"href":"https:\/\/earsandeyes.noblogs.org\/wp-json\/wp\/v2\/pages\/1429\/revisions"}],"predecessor-version":[{"id":1430,"href":"https:\/\/earsandeyes.noblogs.org\/wp-json\/wp\/v2\/pages\/1429\/revisions\/1430"}],"wp:attachment":[{"href":"https:\/\/earsandeyes.noblogs.org\/wp-json\/wp\/v2\/media?parent=1429"}],"curies":[{"name":"wp","href":"https:\/\/api.w.org\/{rel}","templated":true}]}}