{"id":1424,"date":"2019-11-07T10:45:37","date_gmt":"2019-11-07T09:45:37","guid":{"rendered":"https:\/\/earsandeyes.noblogs.org\/?page_id=1424"},"modified":"2021-03-26T07:57:16","modified_gmt":"2021-03-26T06:57:16","slug":"terrafix","status":"publish","type":"page","link":"https:\/\/earsandeyes.noblogs.org\/fr\/terrafix\/","title":{"rendered":"Terrafix"},"content":{"rendered":"<p><strong>Site officiel<\/strong> : <a href=\"http:\/\/terrafix.co.uk\">terrafix.co.uk<\/a><br \/>\n<strong>Adresse<\/strong> : Terrafix Limited, Bladon House, Festival Way, Stoke-on-Trent Staffordshire, Royaume-Uni, ST1 5SH<br \/>\n<strong>T\u00e9l\u00e9phone<\/strong> : (+44) 1782 577015<br \/>\n<strong>Fax<\/strong> : (+44) 1782 835667<br \/>\n<strong>Email<\/strong> : enquiries@terrafix.co.uk<\/p>\n<p><strong>Statut l\u00e9gal<\/strong> : Entreprise britannique fond\u00e9e en 1983.<br \/>\n<strong>Clients<\/strong> : Agences du maintien de l&rsquo;ordre. D&rsquo;apr\u00e8s la <a href=\"http:\/\/www.terrafix.co.uk\/events.html\">page \u00e9v\u00e8nements<\/a> de leur site web, l&rsquo;entreprise commercialise des produits \u00e0 l&rsquo;intention de \u00ab\u00a0la police, les professionnels du maintien de l&rsquo;ordre et de la s\u00e9curit\u00e9\u00a0\u00bb (\u00ab\u00a0police, law enforcement and security professionals\u00a0\u00bb).<br \/>\n<strong>Produits<\/strong> : Syst\u00e8mes de surveillance audio et par localisation. La <a href=\"http:\/\/www.terrafix.co.uk\/products.html\">page produits<\/a> de leur site web liste certains de leurs dispositifs de surveillance par localisation avec des sp\u00e9cifications techniques et des photos.<\/p>\n<p>Deux catalogues non dat\u00e9s sont aussi disponibles, <a href=\"https:\/\/assets.documentcloud.org\/documents\/810345\/1192-terrafix-product-list-specifications-tacs.pdf\">ici<\/a> et <a href=\"https:\/\/assets.documentcloud.org\/documents\/810474\/1193-terrafix-product-list-terratrack-tvc-4000.pdf\">ici<\/a>. Ils listent les produits commercialis\u00e9s par Terrafix, dont des syst\u00e8mes de surveillance secr\u00e8te audio et par localisation.<\/p>\n","protected":false},"excerpt":{"rendered":"<p>Site officiel : terrafix.co.uk Adresse : Terrafix Limited, Bladon House, Festival Way, Stoke-on-Trent Staffordshire, Royaume-Uni, ST1 5SH T\u00e9l\u00e9phone : (+44) 1782 577015 Fax : (+44) 1782 835667 Email : enquiries@terrafix.co.uk Statut l\u00e9gal : Entreprise britannique fond\u00e9e en 1983. Clients : &hellip; <a href=\"https:\/\/earsandeyes.noblogs.org\/fr\/terrafix\/\">Continuer la lecture <span class=\"meta-nav\">&rarr;<\/span><\/a><\/p>\n","protected":false},"author":13290,"featured_media":0,"parent":0,"menu_order":0,"comment_status":"closed","ping_status":"closed","template":"","meta":{"_locale":"fr_FR","_original_post":"823","footnotes":""},"class_list":["post-1424","page","type-page","status-publish","hentry","fr-FR"],"_links":{"self":[{"href":"https:\/\/earsandeyes.noblogs.org\/wp-json\/wp\/v2\/pages\/1424","targetHints":{"allow":["GET"]}}],"collection":[{"href":"https:\/\/earsandeyes.noblogs.org\/wp-json\/wp\/v2\/pages"}],"about":[{"href":"https:\/\/earsandeyes.noblogs.org\/wp-json\/wp\/v2\/types\/page"}],"author":[{"embeddable":true,"href":"https:\/\/earsandeyes.noblogs.org\/wp-json\/wp\/v2\/users\/13290"}],"replies":[{"embeddable":true,"href":"https:\/\/earsandeyes.noblogs.org\/wp-json\/wp\/v2\/comments?post=1424"}],"version-history":[{"count":3,"href":"https:\/\/earsandeyes.noblogs.org\/wp-json\/wp\/v2\/pages\/1424\/revisions"}],"predecessor-version":[{"id":2254,"href":"https:\/\/earsandeyes.noblogs.org\/wp-json\/wp\/v2\/pages\/1424\/revisions\/2254"}],"wp:attachment":[{"href":"https:\/\/earsandeyes.noblogs.org\/wp-json\/wp\/v2\/media?parent=1424"}],"curies":[{"name":"wp","href":"https:\/\/api.w.org\/{rel}","templated":true}]}}