{"id":1417,"date":"2019-11-07T10:45:37","date_gmt":"2019-11-07T09:45:37","guid":{"rendered":"https:\/\/earsandeyes.noblogs.org\/?page_id=1417"},"modified":"2021-03-26T07:57:05","modified_gmt":"2021-03-26T06:57:05","slug":"tar-ideal-concepts","status":"publish","type":"page","link":"https:\/\/earsandeyes.noblogs.org\/fr\/tar-ideal-concepts\/","title":{"rendered":"Tar Ideal Concepts"},"content":{"rendered":"<p><strong>Site officiel<\/strong> : <a href=\"https:\/\/www.tarideal.com\">tarideal.com<\/a><br \/>\n<strong>Adresse<\/strong> : 20 Zvi Bergman St. Petach Tikva, 4927976 Isra\u00ebl<br \/>\n<strong>T\u00e9l\u00e9phone<\/strong> : +972-3-6914564<br \/>\n<strong>Fax<\/strong> : +972-3-6914567<br \/>\n<strong>Email<\/strong> : office@tarideal.com<\/p>\n<p><strong>Statut l\u00e9gal<\/strong> : Entreprise bas\u00e9e en Isra\u00ebl fond\u00e9e en 1990. Tar Ideal Concepts fait partie de Avnon Group, qui a \u00e9t\u00e9 cr\u00e9\u00e9 en 2013 pour aider l&rsquo;entreprise \u00e0 se d\u00e9velopper, d&rsquo;apr\u00e8s une <a href=\"https:\/\/earsandeyes.noblogs.org\/files\/2020\/11\/TAR-Company-Profile-2019.pdf\">description de Tar Ideal Concepts de 2019<\/a>.<br \/>\n<strong>Clients<\/strong> : Agences du maintien de l&rsquo;ordre et gouvernements (d&rsquo;apr\u00e8s leur site web).<br \/>\n<strong>Produits<\/strong> : Dispositifs de surveillance par localisation. Les dispositifs de localisation commercialis\u00e9s par l&rsquo;entreprise sont d\u00e9crits aux pages 19 et 21 de leur <a href=\"https:\/\/assets.documentcloud.org\/documents\/810616\/1177-tar-ideal-concepts-product-list.pdf\">catalogue de 2008<\/a>.<\/p>\n","protected":false},"excerpt":{"rendered":"<p>Site officiel : tarideal.com Adresse : 20 Zvi Bergman St. Petach Tikva, 4927976 Isra\u00ebl T\u00e9l\u00e9phone : +972-3-6914564 Fax : +972-3-6914567 Email : office@tarideal.com Statut l\u00e9gal : Entreprise bas\u00e9e en Isra\u00ebl fond\u00e9e en 1990. Tar Ideal Concepts fait partie de Avnon &hellip; <a href=\"https:\/\/earsandeyes.noblogs.org\/fr\/tar-ideal-concepts\/\">Continuer la lecture <span class=\"meta-nav\">&rarr;<\/span><\/a><\/p>\n","protected":false},"author":13290,"featured_media":0,"parent":0,"menu_order":0,"comment_status":"closed","ping_status":"closed","template":"","meta":{"_locale":"fr_FR","_original_post":"732","footnotes":""},"class_list":["post-1417","page","type-page","status-publish","hentry","fr-FR"],"_links":{"self":[{"href":"https:\/\/earsandeyes.noblogs.org\/wp-json\/wp\/v2\/pages\/1417","targetHints":{"allow":["GET"]}}],"collection":[{"href":"https:\/\/earsandeyes.noblogs.org\/wp-json\/wp\/v2\/pages"}],"about":[{"href":"https:\/\/earsandeyes.noblogs.org\/wp-json\/wp\/v2\/types\/page"}],"author":[{"embeddable":true,"href":"https:\/\/earsandeyes.noblogs.org\/wp-json\/wp\/v2\/users\/13290"}],"replies":[{"embeddable":true,"href":"https:\/\/earsandeyes.noblogs.org\/wp-json\/wp\/v2\/comments?post=1417"}],"version-history":[{"count":5,"href":"https:\/\/earsandeyes.noblogs.org\/wp-json\/wp\/v2\/pages\/1417\/revisions"}],"predecessor-version":[{"id":2252,"href":"https:\/\/earsandeyes.noblogs.org\/wp-json\/wp\/v2\/pages\/1417\/revisions\/2252"}],"wp:attachment":[{"href":"https:\/\/earsandeyes.noblogs.org\/wp-json\/wp\/v2\/media?parent=1417"}],"curies":[{"name":"wp","href":"https:\/\/api.w.org\/{rel}","templated":true}]}}