{"id":1412,"date":"2019-11-07T10:45:37","date_gmt":"2019-11-07T09:45:37","guid":{"rendered":"https:\/\/earsandeyes.noblogs.org\/?page_id=1412"},"modified":"2021-03-26T07:56:55","modified_gmt":"2021-03-26T06:56:55","slug":"syans","status":"publish","type":"page","link":"https:\/\/earsandeyes.noblogs.org\/fr\/syans\/","title":{"rendered":"SYANS"},"content":{"rendered":"<p><strong>Site officiel<\/strong> : <a href=\"https:\/\/syans.fr\">syans.fr<\/a><br \/>\n<strong>Adresse<\/strong> : 10 rue des Postes, 16000 Angoul\u00eame, France<br \/>\n<strong>Email<\/strong> : contact@syans.fr<\/p>\n<p><strong>Statut l\u00e9gal<\/strong> : Entreprise fran\u00e7aise fond\u00e9e en 2010.<br \/>\n<strong>Clients<\/strong> : Agences gouvernementales (d&rsquo;apr\u00e8s leur site web).<br \/>\n<strong>Produits<\/strong> : Dispositifs de surveillance audio, vid\u00e9o, et par localisation. Leur site web ne donne pas d&rsquo;informations sur leurs produits. Une <a href=\"https:\/\/web.archive.org\/web\/20160307153243\/http:\/\/syans.fr\/\">version archiv\u00e9e<\/a> de leur site web indique que l&rsquo;entreprise commercialise des cam\u00e9ras et des enregistreurs miniatures pour de la \u00ab\u00a0surveillance discr\u00e8te\u00a0\u00bb, sans donner plus d&rsquo;informations.<\/p>\n","protected":false},"excerpt":{"rendered":"<p>Site officiel : syans.fr Adresse : 10 rue des Postes, 16000 Angoul\u00eame, France Email : contact@syans.fr Statut l\u00e9gal : Entreprise fran\u00e7aise fond\u00e9e en 2010. Clients : Agences gouvernementales (d&rsquo;apr\u00e8s leur site web). Produits : Dispositifs de surveillance audio, vid\u00e9o, et &hellip; <a href=\"https:\/\/earsandeyes.noblogs.org\/fr\/syans\/\">Continuer la lecture <span class=\"meta-nav\">&rarr;<\/span><\/a><\/p>\n","protected":false},"author":13290,"featured_media":0,"parent":0,"menu_order":0,"comment_status":"closed","ping_status":"closed","template":"","meta":{"_locale":"fr_FR","_original_post":"851","footnotes":""},"class_list":["post-1412","page","type-page","status-publish","hentry","fr-FR"],"_links":{"self":[{"href":"https:\/\/earsandeyes.noblogs.org\/wp-json\/wp\/v2\/pages\/1412","targetHints":{"allow":["GET"]}}],"collection":[{"href":"https:\/\/earsandeyes.noblogs.org\/wp-json\/wp\/v2\/pages"}],"about":[{"href":"https:\/\/earsandeyes.noblogs.org\/wp-json\/wp\/v2\/types\/page"}],"author":[{"embeddable":true,"href":"https:\/\/earsandeyes.noblogs.org\/wp-json\/wp\/v2\/users\/13290"}],"replies":[{"embeddable":true,"href":"https:\/\/earsandeyes.noblogs.org\/wp-json\/wp\/v2\/comments?post=1412"}],"version-history":[{"count":2,"href":"https:\/\/earsandeyes.noblogs.org\/wp-json\/wp\/v2\/pages\/1412\/revisions"}],"predecessor-version":[{"id":2250,"href":"https:\/\/earsandeyes.noblogs.org\/wp-json\/wp\/v2\/pages\/1412\/revisions\/2250"}],"wp:attachment":[{"href":"https:\/\/earsandeyes.noblogs.org\/wp-json\/wp\/v2\/media?parent=1412"}],"curies":[{"name":"wp","href":"https:\/\/api.w.org\/{rel}","templated":true}]}}