{"id":1407,"date":"2019-11-07T10:45:37","date_gmt":"2019-11-07T09:45:37","guid":{"rendered":"https:\/\/earsandeyes.noblogs.org\/?page_id=1407"},"modified":"2020-07-09T01:14:22","modified_gmt":"2020-07-08T23:14:22","slug":"industrie-surveillance-salons-professionnels-et-autres-evenements","status":"publish","type":"page","link":"https:\/\/earsandeyes.noblogs.org\/fr\/industrie-surveillance-salons-professionnels-et-autres-evenements\/","title":{"rendered":"Industrie de la surveillance &#8211; salons professionnels et autres \u00e9v\u00e8nements"},"content":{"rendered":"<p>L&rsquo;industrie de la surveillance est beaucoup organis\u00e9e autour de salons professionnels nationaux et internationaux et d&rsquo;autres \u00e9v\u00e9nements qui ont lieu r\u00e9guli\u00e8rement dans le monde entier. Cette page a pour but de lister les <strong>\u00e9v\u00e9nements o\u00f9 des dispositifs de surveillance physiques con\u00e7us pour \u00eatre cach\u00e9s dans des espaces sont susceptibles d&rsquo;\u00eatre pr\u00e9sent\u00e9s ou discut\u00e9s<\/strong>.<\/p>\n<p>Certains \u00e9v\u00e9nements proposent des conf\u00e9rences et des formations aux agences gouvernementales et aux entreprises priv\u00e9es. Les salons professionnels permettent aux clients des soci\u00e9t\u00e9s de surveillance &#8211; gouvernements, forces de l&rsquo;ordre et agences de s\u00e9curit\u00e9, forces arm\u00e9es &#8211; de rencontrer les membres de l&rsquo;entreprise, de d\u00e9couvrir leurs produits et services et de signer des contrats. La liste des entreprises exposant \u00e0 un salon professionnel est g\u00e9n\u00e9ralement publi\u00e9e sur le site web de l&rsquo;\u00e9v\u00e9nement, de sorte qu&rsquo;il est souvent possible de v\u00e9rifier si telle entreprise va assister \u00e0 tel salon professionnel.<\/p>\n<h2>European Police Congress<\/h2>\n<p><strong>Site officiel<\/strong> : <a href=\"https:\/\/www.european-police.eu\">european-police.eu<\/a><br \/>\n<strong>Description<\/strong> : Congr\u00e8s international pour les agences du maintien de l&rsquo;ordre et l&rsquo;industrie de la s\u00e9curit\u00e9, organis\u00e9 \u00e0 Berlin, Allemagne, chaque ann\u00e9e depuis 2003.<\/p>\n<h2>Eurosatory<\/h2>\n<p><strong>Site officiel<\/strong> : <a href=\"https:\/\/www.eurosatory.com\">eurosatory.com<\/a><br \/>\n<strong>Description<\/strong> : Salon professionnel international pour l&rsquo;industrie de la d\u00e9fense et de la s\u00e9curit\u00e9 organis\u00e9 \u00e0 Paris, France, depuis 1967. Il se tient tous les deux ans.<\/p>\n<h2>GPEC (General Police Equipment Exhibition and Conference)<\/h2>\n<p><strong>Site officiel<\/strong> : <a href=\"https:\/\/www.gpec.de\">gpec.de<\/a><br \/>\n<strong>Description<\/strong> : Salon professionnel pour les agences du maintien de l&rsquo;ordre organis\u00e9 en Allemagne depuis 2000.<\/p>\n<h2>IDEX<\/h2>\n<p><strong>Site officiel<\/strong> : <a href=\"https:\/\/idexuae.ae\">https:\/\/idexuae.ae<\/a><br \/>\n<strong>Description<\/strong> : Salon professionnel international et conf\u00e9rence pour l&rsquo;industrie de la d\u00e9fense, organis\u00e9 \u00e0 Abu Dhabi, \u00c9mirats arabes unis, tous les deux ans.<\/p>\n<h2>Interpol World<\/h2>\n<p><strong>Site officiel<\/strong> : <a href=\"https:\/\/www.interpol-world.com\">interpol-world.com<\/a><br \/>\n<strong>Description<\/strong> : Salon professionnel international pour les agences du maintien de l&rsquo;ordre et les entreprises de s\u00e9curit\u00e9 priv\u00e9es organis\u00e9 \u00e0 Singapour.<\/p>\n<h2>Interpolitex<\/h2>\n<p><strong>Site officiel<\/strong> : <a href=\"https:\/\/www.interpolitex.ru\">interpolitex.ru<\/a><br \/>\n<strong>Description<\/strong> : Salon professionnel d\u00e9di\u00e9 \u00e0 la s\u00e9curit\u00e9 int\u00e9rieure des \u00c9tats organis\u00e9 chaque ann\u00e9e \u00e0 Moscou, Russie, par le gouvernement russe.<\/p>\n<h2>ISS World<\/h2>\n<p><strong>Site officiel<\/strong> : <a href=\"https:\/\/www.issworldtraining.com\">issworldtraining.com<\/a><br \/>\n<strong>Description<\/strong> : Rassemblements internationaux d&rsquo;agences du maintien de l&rsquo;ordre et d&rsquo;agences de renseignement, proposant des conf\u00e9rences et des formations. Ils sont divis\u00e9s en cinq \u00e9v\u00e8nements r\u00e9guliers : ISS World Middle East, ISS World Europe, ISS World North America, ISS World Latin America and ISS World Asia.<\/p>\n<h2>LEA-DER<\/h2>\n<p><strong>Site officiel<\/strong> : <a href=\"http:\/\/www.lea-der.org\">lea-der.org<\/a><br \/>\n<strong>Description<\/strong> : \u00c9v\u00e8nement organis\u00e9 en R\u00e9publique Tch\u00e8que chaque ann\u00e9e depuis 2016. Il propose des formations, des conf\u00e9rences, des ateliers, et des pr\u00e9sentations de produits \u00e0 des agences du maintien de l&rsquo;ordre. L&rsquo;\u00e9dition de 2019 mentionnait sp\u00e9cifiquement la surveillance secr\u00e8te audio et vid\u00e9o (\u00ab\u00a0covert video &amp; audio surveillance\u00a0\u00bb) comme \u00e9tant l&rsquo;un des cinq th\u00e8mes de l&rsquo;\u00e9v\u00e8nement.<\/p>\n<h2>Milipol Asia-Pacific<\/h2>\n<p><strong>Site officiel<\/strong> : <a href=\"https:\/\/www.milipolasiapacific.com\">milipolasiapacific.com<\/a><br \/>\n<strong>Description<\/strong> : Salon professionnel international d\u00e9di\u00e9 \u00e0 la s\u00e9curit\u00e9 int\u00e9rieure des \u00c9tats, organis\u00e9 \u00e0 Singapour tous les deux ans depuis 2005.<\/p>\n<h2>Milipol Paris<\/h2>\n<p><strong>Site officiel<\/strong> : <a href=\"https:\/\/en.milipol.com\">en.milipol.com<\/a><br \/>\n<strong>Description<\/strong> : Salon professionnel international d\u00e9di\u00e9 \u00e0 la s\u00e9curit\u00e9 int\u00e9rieure des \u00c9tats organis\u00e9 \u00e0 Paris, France, depuis 1984. Il se tient tous les deux ans depuis 1991.<\/p>\n<h2>Milipol Qatar<\/h2>\n<p><strong>Site officiel<\/strong> : <a href=\"https:\/\/www.milipolqatar.com\">milipolqatar.com<\/a><br \/>\n<strong>Description<\/strong> : Salon professionnel international d\u00e9di\u00e9 \u00e0 la s\u00e9curit\u00e9 int\u00e9rieure des \u00c9tats au \u00ab\u00a0Moyen-Orient\u00a0\u00bb, organis\u00e9 \u00e0 Doha, Qatar, tous les deux ans depuis 1996.<\/p>\n<h2>Mock Prison Riot<\/h2>\n<p><strong>Site officiel<\/strong> : <a href=\"http:\/\/www.mockprisonriot.org\">mockprisonriot.org<\/a><br \/>\n<strong>Description<\/strong> : Salon professionnel pour les agences du maintien de l&rsquo;ordre et l&rsquo;arm\u00e9e, organis\u00e9 r\u00e9guli\u00e8rement dans une ancienne prison \u00e0 Moundsville, \u00c9tats-Unis.<\/p>\n<h2>NATIA National Conference<\/h2>\n<p><strong>Site officiel<\/strong> : <a href=\"https:\/\/www.natia.org\">natia.org<\/a><br \/>\n<strong>Description<\/strong> : Rassemblement annuel organis\u00e9 aux \u00c9tats-Unis chaque \u00e9t\u00e9 par la National Technical Investigator\u2019s Association (NATIA). Il propose des formations, des ateliers et des pr\u00e9sentations de produits \u00e0 des agences du maintien de l&rsquo;ordre et des agences de renseignement des \u00c9tats-Unis et d&rsquo;ailleurs. L&rsquo;association organise aussi de plus petits \u00e9v\u00e8nements appel\u00e9 \u00ab\u00a0Chapter Meetings\u00a0\u00bb qui ne sont pas rendus publics.<\/p>\n<h2>Security and Policing<\/h2>\n<p><strong>Site officiel<\/strong> : <a href=\"https:\/\/www.securityandpolicing.co.uk\">securityandpolicing.co.uk<\/a><br \/>\n<strong>Description<\/strong> : Salon professionnel pour les entreprises britanniques de s\u00e9curit\u00e9 et de d\u00e9fense, organis\u00e9 par les gouvernement du Royaume-Uni chaque ann\u00e9e.<\/p>\n<h2>ShieldAfrica<\/h2>\n<p><strong>Site officiel<\/strong> : <a href=\"https:\/\/www.shieldafrica.com\/en\">shieldafrica.com\/en<\/a><br \/>\n<strong>Description<\/strong> : Salon professionnel international pour l&rsquo;industrie de la s\u00e9curit\u00e9 et de la d\u00e9fense organis\u00e9 dans des pays africains (g\u00e9n\u00e9ralement en R\u00e9publique de C\u00f4te d&rsquo;Ivoire) depuis 2013. Il \u00e9tait organis\u00e9 chaque ann\u00e9e entre 2013 et 2015, et se tient tous les deux ans depuis 2015.<\/p>\n","protected":false},"excerpt":{"rendered":"<p>L&rsquo;industrie de la surveillance est beaucoup organis\u00e9e autour de salons professionnels nationaux et internationaux et d&rsquo;autres \u00e9v\u00e9nements qui ont lieu r\u00e9guli\u00e8rement dans le monde entier. Cette page a pour but de lister les \u00e9v\u00e9nements o\u00f9 des dispositifs de surveillance physiques &hellip; <a href=\"https:\/\/earsandeyes.noblogs.org\/fr\/industrie-surveillance-salons-professionnels-et-autres-evenements\/\">Continuer la lecture <span class=\"meta-nav\">&rarr;<\/span><\/a><\/p>\n","protected":false},"author":13290,"featured_media":0,"parent":0,"menu_order":0,"comment_status":"closed","ping_status":"closed","template":"","meta":{"_locale":"fr_FR","_original_post":"1008","footnotes":""},"class_list":["post-1407","page","type-page","status-publish","hentry","fr-FR"],"_links":{"self":[{"href":"https:\/\/earsandeyes.noblogs.org\/wp-json\/wp\/v2\/pages\/1407","targetHints":{"allow":["GET"]}}],"collection":[{"href":"https:\/\/earsandeyes.noblogs.org\/wp-json\/wp\/v2\/pages"}],"about":[{"href":"https:\/\/earsandeyes.noblogs.org\/wp-json\/wp\/v2\/types\/page"}],"author":[{"embeddable":true,"href":"https:\/\/earsandeyes.noblogs.org\/wp-json\/wp\/v2\/users\/13290"}],"replies":[{"embeddable":true,"href":"https:\/\/earsandeyes.noblogs.org\/wp-json\/wp\/v2\/comments?post=1407"}],"version-history":[{"count":5,"href":"https:\/\/earsandeyes.noblogs.org\/wp-json\/wp\/v2\/pages\/1407\/revisions"}],"predecessor-version":[{"id":1602,"href":"https:\/\/earsandeyes.noblogs.org\/wp-json\/wp\/v2\/pages\/1407\/revisions\/1602"}],"wp:attachment":[{"href":"https:\/\/earsandeyes.noblogs.org\/wp-json\/wp\/v2\/media?parent=1407"}],"curies":[{"name":"wp","href":"https:\/\/api.w.org\/{rel}","templated":true}]}}