{"id":1401,"date":"2019-11-07T10:45:37","date_gmt":"2019-11-07T09:45:37","guid":{"rendered":"https:\/\/earsandeyes.noblogs.org\/?page_id=1401"},"modified":"2019-11-07T10:47:15","modified_gmt":"2019-11-07T09:47:15","slug":"industrie-surveillance-vue-d-ensemble","status":"publish","type":"page","link":"https:\/\/earsandeyes.noblogs.org\/fr\/industrie-surveillance-vue-d-ensemble\/","title":{"rendered":"Industrie de la surveillance &#8211; vue d&rsquo;ensemble"},"content":{"rendered":"<p>Quand les flics d\u00e9cident de nous espionner en utilisant des dispositifs de surveillance, les dispositifs doivent bien venir de quelque part. Il semble que ceux-ci sont souvent achet\u00e9s aupr\u00e8s d&rsquo;entreprises priv\u00e9es. Les entreprises qui fabriquent et commercialisent des produits et des services de surveillance aupr\u00e8s d&rsquo;agences du maintien de l&rsquo;ordre, de gouvernements et de forces arm\u00e9es forment ce qu&rsquo;on appelle l&rsquo;<strong>industrie de la surveillance<\/strong>.<\/p>\n<p>Bien que sur ce site web on se limite \u00e0 l&rsquo;\u00e9tude des dispositifs de surveillance physiques cach\u00e9s, l&rsquo;industrie de la surveillance d\u00e9veloppe toutes sortes d&rsquo;outils de r\u00e9pression \u00e0 l&rsquo;intention d&rsquo;agences du maintien de l&rsquo;ordre et d&rsquo;agences de renseignement du monde entier. La surveillance d&rsquo;Internet, l&rsquo;interception des communications t\u00e9l\u00e9phoniques, l&rsquo;\u00e9quipement de contre-surveillance et les technologies biom\u00e9triques ne sont que quelques exemples.<\/p>\n<p>Les entreprises participant \u00e0 cette industrie ne sont pas r\u00e9parties \u00e9galement sur la carte du monde. Dans son rapport de 2016 sur l&rsquo;industrie mondiale de la surveillance, Privacy International a comment\u00e9 la r\u00e9partition g\u00e9ographique des 528 soci\u00e9t\u00e9s de surveillance prises en compte dans le rapport :<\/p>\n<blockquote><p>La grande majorit\u00e9 de ces entreprises sont bas\u00e9es dans des pays \u00e9conomiquement avanc\u00e9s et de grands pays exportateurs d&rsquo;armes, les \u00c9tats-Unis, le Royaume-Uni, la France, l&rsquo;Allemagne et Isra\u00ebl \u00e9tant les cinq principaux pays dans lesquels elles ont leur si\u00e8ge social.<\/p><\/blockquote>\n<p>Malgr\u00e9 cela, beaucoup de ces entreprises exportent leurs produits, de sorte que les dispositifs de surveillance fabriqu\u00e9s dans un pays peuvent parfois \u00eatre vendus partout dans le monde.<\/p>\n<p>En raison de la nature de l&rsquo;industrie, ces entreprises travaillent souvent dans un secret relatif et il est parfois difficile d&rsquo;obtenir des informations fiables sur leurs activit\u00e9s, leurs clients et leurs produits. Les documents divulgu\u00e9s par des lanceurs d&rsquo;alerte, comme les Spy Files, une importante collection de documents sur l&rsquo;industrie de la surveillance publi\u00e9s entre 2011 et 2014 par Wikileaks, sont une source pr\u00e9cieuse d&rsquo;information.<\/p>\n<p>On pense que comprendre comment fonctionne l&rsquo;industrie de la surveillance, qui vend les dispositifs de surveillance aux flics et \u00e0 quoi ressemblent ces dispositifs nous aidera \u00e0 nous opposer \u00e0 cette surveillance. Sur ce site web, vous trouverez une <a href=\"https:\/\/earsandeyes.noblogs.org\/fr\/industrie-surveillance-liste-entreprises\">liste des entreprises<\/a> qui vendent des dispositifs de surveillance physique \u00e0 des agences du maintien de l&rsquo;ordre, une liste des <a href=\"https:\/\/earsandeyes.noblogs.org\/fr\/industrie-surveillance-salons-professionnels-et-autres-evenements\">salons professionnels et autres \u00e9v\u00e8nements<\/a> de l&rsquo;industrie, un <a href=\"https:\/\/earsandeyes.noblogs.org\/fr\/industrie-surveillance-glossaire\">glossaire<\/a> des termes sp\u00e9cifiques de l&rsquo;industrie de la surveillance et une liste d&rsquo;<a href=\"https:\/\/earsandeyes.noblogs.org\/fr\/industrie-surveillance-autres-ressources\">autres ressources<\/a> sur le sujet.<\/p>\n","protected":false},"excerpt":{"rendered":"<p>Quand les flics d\u00e9cident de nous espionner en utilisant des dispositifs de surveillance, les dispositifs doivent bien venir de quelque part. Il semble que ceux-ci sont souvent achet\u00e9s aupr\u00e8s d&rsquo;entreprises priv\u00e9es. Les entreprises qui fabriquent et commercialisent des produits et &hellip; <a href=\"https:\/\/earsandeyes.noblogs.org\/fr\/industrie-surveillance-vue-d-ensemble\/\">Continuer la lecture <span class=\"meta-nav\">&rarr;<\/span><\/a><\/p>\n","protected":false},"author":13290,"featured_media":0,"parent":0,"menu_order":0,"comment_status":"closed","ping_status":"closed","template":"","meta":{"_locale":"fr_FR","_original_post":"903","footnotes":""},"class_list":["post-1401","page","type-page","status-publish","hentry","fr-FR"],"_links":{"self":[{"href":"https:\/\/earsandeyes.noblogs.org\/wp-json\/wp\/v2\/pages\/1401","targetHints":{"allow":["GET"]}}],"collection":[{"href":"https:\/\/earsandeyes.noblogs.org\/wp-json\/wp\/v2\/pages"}],"about":[{"href":"https:\/\/earsandeyes.noblogs.org\/wp-json\/wp\/v2\/types\/page"}],"author":[{"embeddable":true,"href":"https:\/\/earsandeyes.noblogs.org\/wp-json\/wp\/v2\/users\/13290"}],"replies":[{"embeddable":true,"href":"https:\/\/earsandeyes.noblogs.org\/wp-json\/wp\/v2\/comments?post=1401"}],"version-history":[{"count":4,"href":"https:\/\/earsandeyes.noblogs.org\/wp-json\/wp\/v2\/pages\/1401\/revisions"}],"predecessor-version":[{"id":1472,"href":"https:\/\/earsandeyes.noblogs.org\/wp-json\/wp\/v2\/pages\/1401\/revisions\/1472"}],"wp:attachment":[{"href":"https:\/\/earsandeyes.noblogs.org\/wp-json\/wp\/v2\/media?parent=1401"}],"curies":[{"name":"wp","href":"https:\/\/api.w.org\/{rel}","templated":true}]}}