{"id":1392,"date":"2019-11-07T10:45:37","date_gmt":"2019-11-07T09:45:37","guid":{"rendered":"https:\/\/earsandeyes.noblogs.org\/?page_id=1392"},"modified":"2021-03-26T07:47:45","modified_gmt":"2021-03-26T06:47:45","slug":"industrie-surveillance-autres-ressources","status":"publish","type":"page","link":"https:\/\/earsandeyes.noblogs.org\/fr\/industrie-surveillance-autres-ressources\/","title":{"rendered":"Industrie de la surveillance &#8211; autres ressources"},"content":{"rendered":"<p>Cette page a pour but de lister des <strong>ressources \u00e0 propos de l&rsquo;industrie de la surveillance<\/strong> qui ont \u00e9t\u00e9 publi\u00e9es par d&rsquo;autres personnes que nous. Ces ressources sont toutes en anglais.<\/p>\n<hr \/>\n<ul>\n<li><a href=\"https:\/\/buggedplanet.info\">BuggedPlanet.info<\/a> est une encyclop\u00e9die en ligne \u00e0 propos des entreprises priv\u00e9es et des agences gouvernementales actives dans les domaines du renseignement d&rsquo;origine \u00e9lectromagn\u00e9tique (en anglais Signals Intelligence ou SIGINT) et du renseignement sur les communications entre des personnes (en anglais Communications Intelligence ou COMINT). Bien que ce ne soit pas son sujet principal, elle contient aussi des informations sur des organisations qui commercialisent des dispositifs de surveillance physiques.<\/li>\n<li><a href=\"https:\/\/www.privacyinternational.org\/sites\/default\/files\/2017-12\/global_surveillance_0.pdf\">The Global Surveillance Industry<\/a> (l&rsquo;industrie mondiale de la surveillance) est un rapport qui offre une analyse de l&rsquo;industrie de la surveillance, notamment de son histoire, de ses produits, et de ses clients. Il a \u00e9t\u00e9 publi\u00e9 en 2016 par Privacy International, une association caritative bas\u00e9e au Royaume-Uni.<\/li>\n<li>Les <a href=\"https:\/\/wikileaks.org\/hackingteam\/emails\/\">emails de Hacking Team<\/a> sont une base de donn\u00e9es en ligne de plus d&rsquo;un million d&#8217;emails issus d&rsquo;une fuite de l&rsquo;entreprise italienne Hacking Team, qui commercialise des logiciels d&rsquo;intrusion aupr\u00e8s de gouvernements et d&rsquo;agences du maintien de l&rsquo;ordre dans le monde entier. Ils ont \u00e9t\u00e9 publi\u00e9s en 2015 par Wikileaks.<\/li>\n<li><a href=\"https:\/\/icwatch.wikileaks.org\/\">ICWATCH<\/a> est une base de donn\u00e9es en ligne de C.V. de personnes travaillant dans la communaut\u00e9 du renseignement. Elle permet de chercher parmis plus de 400 000 C.V. en fonction de plusieurs crit\u00e8res.<\/li>\n<li>Les <a href=\"https:\/\/wikileaks.org\/the-spyfiles.html\">Spy Files<\/a> sont un grand ensemble de documents \u00e0 propos de l&rsquo;industrie de la surveillance publi\u00e9s entre 2011 et 2014 par Wikileaks.<\/li>\n<\/ul>\n<p>\u00c9galement :<\/p>\n<ul>\n<li>Le Surveillance Industry Index (SII) \u00e9tait une base de donn\u00e9es en ligne d&rsquo;entreprises de surveillance. Elle permettait de chercher parmis plus de 500 entreprises en fonction de leur pays d&rsquo;origine, de l&#8217;emplacement de leurs agences, ou du type de technologies de surveillance qu&rsquo;elles commercialisent. Le site web n&rsquo;est plus accessible en ligne, mais les donn\u00e9es brutes peuvent toujours \u00eatre t\u00e9l\u00e9charg\u00e9es <a href=\"https:\/\/github.com\/TransparencyToolkit\/dataspec-sii\/tree\/master\/sii_data\">ici<\/a>.<\/li>\n<\/ul>\n","protected":false},"excerpt":{"rendered":"<p>Cette page a pour but de lister des ressources \u00e0 propos de l&rsquo;industrie de la surveillance qui ont \u00e9t\u00e9 publi\u00e9es par d&rsquo;autres personnes que nous. Ces ressources sont toutes en anglais. BuggedPlanet.info est une encyclop\u00e9die en ligne \u00e0 propos des &hellip; <a href=\"https:\/\/earsandeyes.noblogs.org\/fr\/industrie-surveillance-autres-ressources\/\">Continuer la lecture <span class=\"meta-nav\">&rarr;<\/span><\/a><\/p>\n","protected":false},"author":13290,"featured_media":0,"parent":0,"menu_order":0,"comment_status":"closed","ping_status":"closed","template":"","meta":{"_locale":"fr_FR","_original_post":"911","footnotes":""},"class_list":["post-1392","page","type-page","status-publish","hentry","fr-FR"],"_links":{"self":[{"href":"https:\/\/earsandeyes.noblogs.org\/wp-json\/wp\/v2\/pages\/1392","targetHints":{"allow":["GET"]}}],"collection":[{"href":"https:\/\/earsandeyes.noblogs.org\/wp-json\/wp\/v2\/pages"}],"about":[{"href":"https:\/\/earsandeyes.noblogs.org\/wp-json\/wp\/v2\/types\/page"}],"author":[{"embeddable":true,"href":"https:\/\/earsandeyes.noblogs.org\/wp-json\/wp\/v2\/users\/13290"}],"replies":[{"embeddable":true,"href":"https:\/\/earsandeyes.noblogs.org\/wp-json\/wp\/v2\/comments?post=1392"}],"version-history":[{"count":4,"href":"https:\/\/earsandeyes.noblogs.org\/wp-json\/wp\/v2\/pages\/1392\/revisions"}],"predecessor-version":[{"id":2178,"href":"https:\/\/earsandeyes.noblogs.org\/wp-json\/wp\/v2\/pages\/1392\/revisions\/2178"}],"wp:attachment":[{"href":"https:\/\/earsandeyes.noblogs.org\/wp-json\/wp\/v2\/media?parent=1392"}],"curies":[{"name":"wp","href":"https:\/\/api.w.org\/{rel}","templated":true}]}}