{"id":1373,"date":"2019-11-07T10:45:37","date_gmt":"2019-11-07T09:45:37","guid":{"rendered":"https:\/\/earsandeyes.noblogs.org\/?page_id=1373"},"modified":"2021-01-10T20:12:42","modified_gmt":"2021-01-10T19:12:42","slug":"industrie-surveillance-liste-entreprises","status":"publish","type":"page","link":"https:\/\/earsandeyes.noblogs.org\/fr\/industrie-surveillance-liste-entreprises\/","title":{"rendered":"Industrie de la surveillance &#8211; liste d&rsquo;entreprises"},"content":{"rendered":"<p><em>Note : hors ajouts mineurs, cette liste a \u00e9t\u00e9 mise \u00e0 jour pour la derni\u00e8re fois en<strong> novembre 2020<\/strong> &#8211; certaines informations peuvent ne pas \u00eatre \u00e0 jour.<br \/>\n<\/em><\/p>\n<p>Cette page a pour but de lister les entreprises qui vendent des <strong>dispositifs de surveillance physiques con\u00e7us pour \u00eatre cach\u00e9s dans des espaces<\/strong> \u00e0 des <strong>agences de maintien de l&rsquo;ordre<\/strong>. Chaque entreprise de la liste a sa propre page sur laquelle on essaie de rassembler autant d&rsquo;informations que possible sur les coordonn\u00e9es de l&rsquo;entreprise, son statut l\u00e9gal, ses clients, et ses produits.<\/p>\n<p>Les entreprises list\u00e9es sont class\u00e9es en fonction de leur continent et pays d&rsquo;origine. \u00c0 c\u00f4t\u00e9 de chaque nom d&rsquo;entreprise, vous pouvez voir si l&rsquo;entreprise commercialise des dispositifs de surveillance <strong>audio<\/strong>, <strong>vid\u00e9o<\/strong>, par <strong>localisation<\/strong>, ou d&rsquo;un <strong>autre<\/strong> type. Si il existe un exemple connu d&rsquo;un dispositif de l&rsquo;entreprise ayant \u00e9t\u00e9 retrouv\u00e9 apr\u00e8s avoir \u00e9t\u00e9 utilis\u00e9 pour surveiller des espaces anti-autoritaires ou des individus pratiquant des actions subversives, l&rsquo;exemple est indiqu\u00e9 en <strong><span style=\"color: #800080\">couleur violette<\/span><\/strong> apr\u00e8s le nom de l&rsquo;entreprise.<\/p>\n<p>Les liens suivants permettent d&rsquo;acc\u00e9der rapidement aux diff\u00e9rentes sections. Les nombres entre parenth\u00e8ses indiquent le nombre d&rsquo;entreprises list\u00e9es dans chaque section.<\/p>\n<ul>\n<li>Afrique : <a href=\"#Afrique du Sud\">Afrique du Sud<\/a> (2)<\/li>\n<li>Asie : <a href=\"#Chine\">Chine<\/a> (1), <a href=\"#\u00c9mirats arabes unis\">\u00c9mirats arabes unis<\/a> (1), <a href=\"#Isra\u00ebl\">Isra\u00ebl<\/a> (2), <a href=\"#Malaisie\">Malaisie<\/a> (1), <a href=\"#Pakistan\">Pakistan<\/a> (1), <a href=\"#Singapour\">Singapour<\/a> (1)<\/li>\n<li>Europe : <a href=\"#Allemagne\">Allemagne<\/a> (5), <a href=\"#Belgique\">Belgique<\/a> (1), <a href=\"#Danemark\">Danemark<\/a> (2), <a href=\"#France\">France<\/a> (14), <a href=\"#Irlande\">Irlande<\/a> (1), <a href=\"#Italie\">Italie<\/a> (15), <a href=\"#Lituanie\">Lituanie<\/a> (2), <a href=\"#Pays-Bas\">Pays-Bas<\/a> (1), <a href=\"#R\u00e9publique Tch\u00e8que\">R\u00e9publique Tch\u00e8que<\/a> (2), <a href=\"#Royaume-Uni\">Royaume-Uni<\/a> (17), <a href=\"#Russie\">Russie<\/a> (1), <a href=\"#Su\u00e8de\">Su\u00e8de<\/a> (1), <a href=\"#Suisse\">Suisse<\/a> (2)<\/li>\n<li>Am\u00e9rique du nord : <a href=\"#Canada\">Canada<\/a> (1), <a href=\"#\u00c9tats-Unis\">\u00c9tats-Unis<\/a> (6)<\/li>\n<li><a href=\"#Entreprises multinationales\">Entreprises multinationales<\/a> (5)<\/li>\n<li><a href=\"#Anciennes entreprises\">Anciennes entreprises<\/a> (6)<\/li>\n<\/ul>\n<p>Une section suppl\u00e9mentaire liste les <a href=\"#Entreprises qui n'ont pas \u00e9t\u00e9 incluses dans la liste\">entreprises qui n&rsquo;ont volontairement pas \u00e9t\u00e9 incluses dans cette liste<\/a>.<\/p>\n<hr \/>\n<h1>Afrique<\/h1>\n<h2 id=\"Afrique du Sud\">Afrique du Sud<\/h2>\n<ul>\n<li><a href=\"https:\/\/earsandeyes.noblogs.org\/fr\/parinto\">Parinto<\/a> : <strong>audio<\/strong>, <strong>vid\u00e9o<\/strong><\/li>\n<li><a href=\"https:\/\/earsandeyes.noblogs.org\/fr\/seartech\">Seartech<\/a> : <strong>audio<\/strong><\/li>\n<\/ul>\n<h1>Asie<\/h1>\n<h2 id=\"Chine\">Chine<\/h2>\n<ul>\n<li><a href=\"https:\/\/earsandeyes.noblogs.org\/fr\/longhope-police-equipment\">LongHope Police Equipment<\/a> : <strong>vid\u00e9o<\/strong><\/li>\n<\/ul>\n<h2 id=\"\u00c9mirats arabes unis\">\u00c9mirats arabes unis<\/h2>\n<ul>\n<li><a href=\"https:\/\/earsandeyes.noblogs.org\/fr\/al-fahad-security-systems\">Al Fahad Security Systems<\/a> (Etimad Group, Al Fahad Smart System, Al Fahad Smart Systems, Al Fahad Group) : <strong>audio<\/strong>, <strong>vid\u00e9o<\/strong>, <strong>localisation<\/strong><\/li>\n<\/ul>\n<h2 id=\"Isra\u00ebl\">Isra\u00ebl<\/h2>\n<ul>\n<li><a href=\"https:\/\/earsandeyes.noblogs.org\/fr\/pro4tech\">Pro4Tech<\/a> : <strong>audio<\/strong>, <strong>vid\u00e9o<\/strong><\/li>\n<li><a href=\"https:\/\/earsandeyes.noblogs.org\/fr\/tar-ideal-concepts\">Tar Ideal Concepts<\/a> (Avnon Group) : <strong>localisation<\/strong><\/li>\n<\/ul>\n<h2 id=\"Malaisie\">Malaisie<\/h2>\n<ul>\n<li><a href=\"https:\/\/earsandeyes.noblogs.org\/fr\/motec\">Motec<\/a> : <strong>audio<\/strong>, <strong>vid\u00e9o<\/strong>, <strong>localisation<\/strong><\/li>\n<\/ul>\n<h2 id=\"Pakistan\">Pakistan<\/h2>\n<ul>\n<li><a href=\"https:\/\/earsandeyes.noblogs.org\/fr\/shahzad-gul-enterprises\">Shahzad Gul Enterprises<\/a> (Evernew Group) : <strong>audio<\/strong>, <strong>vid\u00e9o<\/strong>, <strong>localisation<\/strong><\/li>\n<\/ul>\n<h2 id=\"Singapour\">Singapour<\/h2>\n<ul>\n<li><a href=\"https:\/\/earsandeyes.noblogs.org\/fr\/ammertex\">Ammertex<\/a> : <strong>audio<\/strong>, <strong>vid\u00e9o<\/strong><\/li>\n<\/ul>\n<h1>Europe<\/h1>\n<h2 id=\"Allemagne\">Allemagne<\/h2>\n<ul>\n<li><a href=\"https:\/\/earsandeyes.noblogs.org\/fr\/aaronia-ag\">Aaronia AG<\/a> : <strong>localisation<\/strong><\/li>\n<li><a href=\"https:\/\/earsandeyes.noblogs.org\/fr\/ebs-systart\">EBS-SYSTART<\/a> (EBS Electronic, SYSTART) : <strong>localisation<\/strong><\/li>\n<li><a href=\"https:\/\/earsandeyes.noblogs.org\/fr\/elaman\">Elaman<\/a> : <strong>audio<\/strong>, <strong>vid\u00e9o<\/strong>, <strong>localisation<\/strong>, <strong>autre<\/strong><\/li>\n<li><a href=\"https:\/\/earsandeyes.noblogs.org\/fr\/euromicron\">euromicron<\/a> (SIM Secure Information Management, SIM Asia, ATECS AG) : <strong>audio<\/strong>, <strong>vid\u00e9o<\/strong>, <strong>localisation<\/strong><\/li>\n<li><a href=\"https:\/\/earsandeyes.noblogs.org\/fr\/pki-electronic-intelligence\">PKI Electronic Intelligence<\/a> : <strong>audio<\/strong>, <strong>vid\u00e9o<\/strong>, <strong>localisation<\/strong><\/li>\n<\/ul>\n<h2 id=\"Belgique\">Belgique<\/h2>\n<ul>\n<li><a href=\"https:\/\/earsandeyes.noblogs.org\/fr\/caminos\">Caminos<\/a> : <strong>autre<\/strong><\/li>\n<\/ul>\n<h2 id=\"Danemark\">Danemark<\/h2>\n<ul>\n<li><a href=\"https:\/\/earsandeyes.noblogs.org\/fr\/covidence\">Covidence<\/a> : <strong>vid\u00e9o<\/strong><\/li>\n<li><a href=\"https:\/\/earsandeyes.noblogs.org\/fr\/wireonair\">WireOnAir<\/a> : <strong>audio<\/strong>, <strong>vid\u00e9o<\/strong><\/li>\n<\/ul>\n<h2 id=\"France\">France<\/h2>\n<ul>\n<li><a href=\"https:\/\/earsandeyes.noblogs.org\/fr\/allwan-security\">Allwan Security<\/a> : <strong>audio<\/strong>, <strong>vid\u00e9o<\/strong>, <strong><span style=\"color: #800080\">dispositif retrouv\u00e9 en ao\u00fbt 2020 en Loire-Atlantique, France<\/span><\/strong><\/li>\n<li><a href=\"https:\/\/earsandeyes.noblogs.org\/fr\/deveryware\">Deveryware<\/a> : <strong>localisation<\/strong><\/li>\n<li><a href=\"https:\/\/earsandeyes.noblogs.org\/fr\/exavision\">Exavision<\/a> : <strong>vid\u00e9o<\/strong><\/li>\n<li><a href=\"https:\/\/earsandeyes.noblogs.org\/fr\/fgh-security\">FGH Security<\/a> : <strong>audio<\/strong>, <strong>vid\u00e9o<\/strong>, <strong>localisation<\/strong><\/li>\n<li><a href=\"https:\/\/earsandeyes.noblogs.org\/fr\/gssi\">GSSI<\/a> : <strong>audio<\/strong>, <strong>vid\u00e9o<\/strong><\/li>\n<li><a href=\"https:\/\/earsandeyes.noblogs.org\/fr\/gts-services\">GTS SERVICES<\/a> : <strong>audio<\/strong>, <strong>autre<\/strong><\/li>\n<li><a href=\"https:\/\/earsandeyes.noblogs.org\/fr\/ibou\">Ibou<\/a> : <strong>localisation<\/strong><\/li>\n<li><a href=\"https:\/\/earsandeyes.noblogs.org\/fr\/opto-vision\">Opto Vision<\/a> : <strong>audio<\/strong>, <strong>vid\u00e9o<\/strong><\/li>\n<li><a href=\"https:\/\/earsandeyes.noblogs.org\/fr\/photospace\">Photospace<\/a> : <strong>tracking<\/strong><\/li>\n<li><a href=\"https:\/\/earsandeyes.noblogs.org\/fr\/point-core\">Point Core<\/a> : <strong>tracking<\/strong><\/li>\n<li><a href=\"https:\/\/earsandeyes.noblogs.org\/fr\/magnum-telecom\">Magnum Telecom<\/a> (DELTA 6) : <strong>localisation<\/strong><\/li>\n<li><a href=\"https:\/\/earsandeyes.noblogs.org\/fr\/Stancom\">Stancom<\/a> (Stancom Ing\u00e9nierie) : <strong>tracking<\/strong><\/li>\n<li><a href=\"https:\/\/earsandeyes.noblogs.org\/fr\/syans\">SYANS<\/a> : <strong>audio<\/strong>, <strong>vid\u00e9o<\/strong>, <strong>localisation<\/strong><\/li>\n<li><a href=\"https:\/\/earsandeyes.noblogs.org\/fr\/track-cars\">Track Cars<\/a> : <strong>tracking<\/strong><\/li>\n<\/ul>\n<h2 id=\"Irlande\">Irlande<\/h2>\n<ul>\n<li><a href=\"https:\/\/earsandeyes.noblogs.org\/fr\/acustek\">Acustek<\/a> : <strong>audio<\/strong><\/li>\n<\/ul>\n<h2 id=\"Italie\">Italie<\/h2>\n<ul>\n<li><a href=\"https:\/\/earsandeyes.noblogs.org\/fr\/area\">Area<\/a> : <strong>localisation<\/strong><\/li>\n<li><a href=\"https:\/\/earsandeyes.noblogs.org\/fr\/atet\">Atet<\/a> (Gruppo TRS) : <strong>audio, tracking<\/strong>, <strong><span style=\"color: #800080\">dispositif retrouv\u00e9 en f\u00e9vrier 2014 \u00e0 Turin, Italie<\/span><\/strong><\/li>\n<li><a href=\"https:\/\/earsandeyes.noblogs.org\/fr\/bea\">BEA<\/a> : <strong>audio<\/strong>, <strong>localisation<\/strong>, <strong>autre<\/strong><\/li>\n<li><a href=\"https:\/\/earsandeyes.noblogs.org\/fr\/dem-solutions\">DEM Solutions<\/a> : <strong>audio<\/strong><\/li>\n<li><a href=\"https:\/\/earsandeyes.noblogs.org\/fr\/dse\">DSE<\/a> (Digital Surveillance Equipment) : <strong>vid\u00e9o<\/strong>, <strong><span style=\"color: #800080\">dispositif retrouv\u00e9 en juin 2019 \u00e0 Cuneo, Italie<br \/>\n<\/span><\/strong><\/li>\n<li><a href=\"https:\/\/earsandeyes.noblogs.org\/fr\/elkron\">Elkron<\/a> (Urmet) : <strong>vid\u00e9o<\/strong>, <strong><span style=\"color: #800080\">dispositif retrouv\u00e9 en juin 2014 \u00e0 G\u00eanes, Italie<br \/>\n<\/span><\/strong><\/li>\n<li><a href=\"https:\/\/earsandeyes.noblogs.org\/fr\/endoacustica\">Endoacustica<\/a> : <strong>audio<\/strong>, <strong>vid\u00e9o<\/strong>, <strong>localisation<\/strong><\/li>\n<li><a href=\"https:\/\/earsandeyes.noblogs.org\/fr\/gr-sistemi\">GR SISTEMI<\/a> : <strong>audio<\/strong>, <strong>vid\u00e9o<\/strong>, <strong>localisation<\/strong><\/li>\n<li><a href=\"https:\/\/earsandeyes.noblogs.org\/fr\/innova\">Innova<\/a> : <strong>audio<\/strong>, <strong>localisation<\/strong><\/li>\n<li><a href=\"https:\/\/earsandeyes.noblogs.org\/fr\/ips\">IPS<\/a> : <strong>audio, vid\u00e9o, localisation<\/strong><\/li>\n<li><a href=\"https:\/\/earsandeyes.noblogs.org\/fr\/lutech\">Lutech<\/a> : <strong>audio<\/strong>, <strong><span style=\"color: #800080\">dispositifs retrouv\u00e9s en f\u00e9vrier 2020 \u00e0 Pise, Italie, et Follonica, Italie<\/span><\/strong><\/li>\n<li><a href=\"https:\/\/earsandeyes.noblogs.org\/fr\/micro-team\">Micro Team<\/a> : <strong>audio, vid\u00e9o, localisation<\/strong><\/li>\n<li><a href=\"https:\/\/earsandeyes.noblogs.org\/fr\/movia\">Movia<\/a> (SPMC) : <strong>audio<\/strong>, <strong>vid\u00e9o<\/strong>, <strong>localisation<\/strong><\/li>\n<li><a href=\"https:\/\/earsandeyes.noblogs.org\/fr\/sio\">Sio<\/a> : <strong>audio<\/strong>, <strong>vid\u00e9o<\/strong><\/li>\n<li><a href=\"https:\/\/earsandeyes.noblogs.org\/fr\/spektra-europe\">Spektra Europe<\/a> : <strong>audio<\/strong>, <strong>vid\u00e9o<\/strong>, <strong>localisation<\/strong><\/li>\n<\/ul>\n<h2 id=\"Lituanie\">Lituanie<\/h2>\n<ul>\n<li><a href=\"https:\/\/earsandeyes.noblogs.org\/fr\/commesh-uab\">Commesh UAB<\/a> : <strong>audio<\/strong>, <strong>vid\u00e9o<\/strong><\/li>\n<li><a href=\"https:\/\/earsandeyes.noblogs.org\/fr\/gedion\">Gedion<\/a> : <strong>audio<\/strong>, <strong>vid\u00e9o<\/strong>, <strong>localisation<\/strong><\/li>\n<\/ul>\n<h2 id=\"Pays-Bas\">Pays-Bas<\/h2>\n<ul>\n<li id=\"DigiVox\"><a href=\"https:\/\/earsandeyes.noblogs.org\/fr\/digivox\">DigiVox<\/a> : <strong>localisation<\/strong><\/li>\n<\/ul>\n<h2 id=\"R\u00e9publique Tch\u00e8que\">R\u00e9publique Tch\u00e8que<\/h2>\n<ul>\n<li><a href=\"https:\/\/earsandeyes.noblogs.org\/fr\/forsolution\">Forsolution<\/a> : <strong>audio<\/strong>, <strong>vid\u00e9o<\/strong><\/li>\n<li><a href=\"https:\/\/earsandeyes.noblogs.org\/fr\/lec\">LEC<\/a> : <strong>audio<\/strong>, <strong>vid\u00e9o<\/strong><\/li>\n<\/ul>\n<h2 id=\"Royaume-Uni\">Royaume-Uni<\/h2>\n<ul>\n<li><a href=\"https:\/\/earsandeyes.noblogs.org\/fr\/apec-systems\">Apec Systems<\/a> : <strong>audio<\/strong>, <strong>vid\u00e9o<\/strong><\/li>\n<li><a href=\"https:\/\/earsandeyes.noblogs.org\/fr\/audiotel-international\">Audiotel International<\/a> (Simpatica Group, Security Research) : <strong>audio<\/strong><\/li>\n<li><a href=\"https:\/\/earsandeyes.noblogs.org\/fr\/cellmetric\">CellMetric<\/a> : <strong>vid\u00e9o<\/strong>, <strong>localisation<\/strong><\/li>\n<li><a href=\"https:\/\/earsandeyes.noblogs.org\/fr\/claresys\">Claresys<\/a> : <strong>vid\u00e9o<\/strong><\/li>\n<li><a href=\"https:\/\/earsandeyes.noblogs.org\/fr\/david-horn-communications\">David Horn Communications<\/a> : <strong>audio<\/strong>, <strong>vid\u00e9o<\/strong><\/li>\n<li><a href=\"https:\/\/earsandeyes.noblogs.org\/fr\/eskan\">Eskan<\/a> : <strong>audio<\/strong><\/li>\n<li><a href=\"https:\/\/earsandeyes.noblogs.org\/fr\/hidden-technology\">Hidden Technology<\/a> : <strong>audio<\/strong>, <strong>vid\u00e9o<\/strong>, <strong>localisation<\/strong><\/li>\n<li><a href=\"https:\/\/earsandeyes.noblogs.org\/fr\/komcept-solutions\">Komcept Solutions<\/a> : <strong>audio<\/strong><\/li>\n<li><a href=\"https:\/\/earsandeyes.noblogs.org\/fr\/mgt-europe\">MGT Europe<\/a> : <strong>audio<\/strong>, <strong>vid\u00e9o<\/strong>, <strong>localisation<\/strong><\/li>\n<li><a href=\"https:\/\/earsandeyes.noblogs.org\/fr\/ovation-systems\">Ovation Systems<\/a> : <strong>audio<\/strong>, <strong>vid\u00e9o<\/strong><\/li>\n<li><a href=\"https:\/\/earsandeyes.noblogs.org\/fr\/providence-itf\">Providence ITF<\/a> : <strong>audio<\/strong>, <strong>vid\u00e9o<\/strong>, <strong>localisation<\/strong><\/li>\n<li><a href=\"https:\/\/earsandeyes.noblogs.org\/fr\/seven-technologies-group\">Seven Technologies Group<\/a> (Seven Technologies, Datong) : <strong>vid\u00e9o<\/strong>, <strong>localisation<\/strong><\/li>\n<li><a href=\"https:\/\/earsandeyes.noblogs.org\/fr\/shield-security\">Shield Security<\/a> : <strong>audio<\/strong>, <strong>vid\u00e9o<\/strong>, <strong>localisation<\/strong><\/li>\n<li><a href=\"https:\/\/earsandeyes.noblogs.org\/fr\/sonic-communications\">Sonic Communications<\/a> (Soncell International, Bowmer + Kirkland) : <strong>audio<\/strong>, <strong>vid\u00e9o<\/strong><\/li>\n<li><a href=\"https:\/\/earsandeyes.noblogs.org\/fr\/sure\">Sure<\/a> : <strong>audio<\/strong>, <strong>vid\u00e9o<\/strong>, <strong>localisation<\/strong><\/li>\n<li><a href=\"https:\/\/earsandeyes.noblogs.org\/fr\/terrafix\">Terrafix<\/a> : <strong>audio<\/strong>, <strong>localisation<\/strong><\/li>\n<li><a href=\"https:\/\/earsandeyes.noblogs.org\/fr\/timespace-technology\">Timespace Technology<\/a> : <strong>vid\u00e9o<\/strong>, <strong>localisation<\/strong><\/li>\n<\/ul>\n<h2 id=\"Russie\">Russie<\/h2>\n<ul>\n<li><a href=\"https:\/\/earsandeyes.noblogs.org\/fr\/set-1\">SET-1<\/a> : <strong>audio<\/strong>, <strong>vid\u00e9o<\/strong><\/li>\n<\/ul>\n<h2 id=\"Su\u00e8de\">Su\u00e8de<\/h2>\n<ul>\n<li><a href=\"https:\/\/earsandeyes.noblogs.org\/fr\/4intelligence\">4Intelligence<\/a> : <strong>audio<\/strong>, <strong>vid\u00e9o<\/strong><\/li>\n<\/ul>\n<h2 id=\"Suisse\">Suisse<\/h2>\n<ul>\n<li><a href=\"https:\/\/earsandeyes.noblogs.org\/fr\/nagra\">Nagra<\/a> (Audio Technology Switzerland) : <strong>audio<\/strong><\/li>\n<li><a href=\"https:\/\/earsandeyes.noblogs.org\/fr\/spectradome\">Spectradome<\/a> : <strong>audio<\/strong>, <strong>vid\u00e9o<\/strong>, <strong>localisation<\/strong><\/li>\n<\/ul>\n<h1>Am\u00e9rique du nord<\/h1>\n<h2 id=\"Canada\">Canada<\/h2>\n<ul>\n<li><a href=\"https:\/\/earsandeyes.noblogs.org\/fr\/dyplex-communications\">DYPLEX Communications<\/a> : <strong>vid\u00e9o<\/strong><\/li>\n<\/ul>\n<h2 id=\"\u00c9tats-Unis\">\u00c9tats-Unis<\/h2>\n<ul>\n<li><a href=\"https:\/\/earsandeyes.noblogs.org\/fr\/brickhouse-security\">BrickHouse Security<\/a> : <strong>vid\u00e9o<\/strong>, <strong>localisation<\/strong><\/li>\n<li><a href=\"https:\/\/earsandeyes.noblogs.org\/fr\/coverttrack-group\">CovertTrack Group<\/a> (GPS Intelligence) : <strong>localisation<\/strong><\/li>\n<li><a href=\"https:\/\/earsandeyes.noblogs.org\/fr\/covert-law-enforcement\">Covert Law Enforcement<\/a> (Valorence) : <strong>audio<\/strong>, <strong>vid\u00e9o<\/strong>, <strong>localisation<\/strong><\/li>\n<li><a href=\"https:\/\/earsandeyes.noblogs.org\/fr\/lea-aid\">LEA-AID<\/a> (Law Enforcement Associates, Audio Intelligence Devices) : <strong>audio<\/strong>, <strong>vid\u00e9o<\/strong>, <strong>localisation<\/strong><\/li>\n<li><a href=\"https:\/\/earsandeyes.noblogs.org\/fr\/presidio\">Presidio<\/a> (Coleman Technologies) : <strong>localisation<\/strong><\/li>\n<li><a href=\"https:\/\/earsandeyes.noblogs.org\/fr\/reconyx\">RECONYX<\/a> : <strong>vid\u00e9o<\/strong>, <strong><span style=\"color: #800080\">dispositif retrouv\u00e9 en septembre 2018 en Sarthe, France<\/span><\/strong><\/li>\n<\/ul>\n<h1 id=\"Entreprises multinationales\">Entreprises multinationales<\/h1>\n<ul>\n<li><a href=\"https:\/\/earsandeyes.noblogs.org\/fr\/domo-tactical-communications\">Domo Tactical Communications<\/a> (Cobham TCS, Spectronic Denmark A\/S, Micromill Electronics) : <strong>audio<\/strong>, <strong>vid\u00e9o<\/strong>, <strong>localisation<\/strong><\/li>\n<li><a href=\"https:\/\/earsandeyes.noblogs.org\/fr\/gamma-group\">Gamma Group<\/a> : <strong>audio<\/strong>, <strong>vid\u00e9o<\/strong>, <strong>localisation<\/strong>, <strong>autre<\/strong><\/li>\n<li><a href=\"https:\/\/earsandeyes.noblogs.org\/fr\/metocean-telematics\">MetOcean Telematics<\/a> : <strong>localisation<\/strong><\/li>\n<li><a href=\"https:\/\/earsandeyes.noblogs.org\/fr\/nautics-group\">Nautics Group<\/a> : <strong>audio<\/strong>, <strong>localisation<\/strong><\/li>\n<li><a href=\"https:\/\/earsandeyes.noblogs.org\/fr\/qinetiq\">Qinetiq<\/a> : <strong>localisation<\/strong><\/li>\n<\/ul>\n<h1 id=\"Anciennes entreprises\">Anciennes entreprises<\/h1>\n<ul>\n<li><a href=\"https:\/\/earsandeyes.noblogs.org\/fr\/griff-comm\">Griff Comm<\/a> : <strong>audio<\/strong>, <strong>vid\u00e9o<\/strong>, <strong>localisation<\/strong><\/li>\n<li><a href=\"https:\/\/earsandeyes.noblogs.org\/fr\/ljm-tech-support\">LJM Tech Support<\/a> (Risk&amp;Co Solutions, Risk&amp;Co) : <strong>audio<\/strong>, <strong>vid\u00e9o<\/strong>, <strong>localisation<\/strong><\/li>\n<li><a href=\"https:\/\/earsandeyes.noblogs.org\/fr\/pad-datentechnik\">PAD Datentechnik<\/a> : <strong>localisation<\/strong><\/li>\n<li><a href=\"https:\/\/earsandeyes.noblogs.org\/fr\/s-e-g\">S.E.G.<\/a> : <strong>audio<\/strong>, <strong>vid\u00e9o<\/strong><\/li>\n<li><a href=\"https:\/\/earsandeyes.noblogs.org\/fr\/spei-2000\">SPEI 2000<\/a> : <strong>audio<\/strong>, <strong>localisation<\/strong><\/li>\n<li><a href=\"https:\/\/earsandeyes.noblogs.org\/fr\/technologies-organization-for-intelligence\">Technologies &amp; Organization for Intelligence<\/a> (Toi) : <strong>audio, localisation<\/strong><\/li>\n<\/ul>\n<h1 id=\"Entreprises qui n'ont pas \u00e9t\u00e9 incluses dans la liste\">Entreprises qui n&rsquo;ont pas \u00e9t\u00e9 incluses dans la liste<\/h1>\n<h2>\u00c0 cause d&rsquo;un manque d&rsquo;informations<\/h2>\n<p>Les entreprises suivantes n&rsquo;ont pas \u00e9t\u00e9 incluses dans la liste car, \u00e0 cause d&rsquo;un manque d&rsquo;informations concernant leurs activit\u00e9s, on a pas \u00e9t\u00e9 capable de trouver une indication claire qu&rsquo;elles commercialisent des <strong>dispositifs de surveillance physiques con\u00e7us pour \u00eatre cach\u00e9s dans des espaces<\/strong> :<\/p>\n<ul>\n<li><a href=\"https:\/\/www.ascendantresearch.com\">Ascendant Research<\/a>, entreprise britannique. L&rsquo;entreprise commercialise \u00ab\u00a0des syst\u00e8mes de pointe pour la p\u00e9n\u00e9tration secr\u00e8te, la reconnaissance et le camouflage \u00e9lectronique\u00a0\u00bb (\u00ab\u00a0state-of-the-art systems for covert penetration, reconnaissance and electronic camouflaging\u00a0\u00bb) \u00e0 des agences du maintien de l&rsquo;ordre, des gouvernements et l&rsquo;arm\u00e9e.<\/li>\n<li><a href=\"http:\/\/www.cats-whisker.com\/\">Cats Whisker Technologies<\/a>, entreprise britannique. L&rsquo;entreprise commercialise de l&rsquo; \u00ab\u00a0\u00e9quipement de surveillance technique\u00a0\u00bb (\u00ab\u00a0technical surveillance equipment\u00a0\u00bb) \u00e0 des agences du maintien de l&rsquo;ordre et des gouvernements et fait <a href=\"https:\/\/www.ctsf.org.uk\/index.php\/en\/companies\/4\">partie du Covert Technology Suppliers Forum<\/a>.<\/li>\n<\/ul>\n<h2>Entreprises de type \u00ab\u00a0Cam\u00e9ras de chasse\u00a0\u00bb<\/h2>\n<p>Les entreprises suivantes n&rsquo;ont pas \u00e9t\u00e9 incluses dans la liste parce qu&rsquo;elles commercialisent des dispositifs de surveillance vid\u00e9o destin\u00e9s en premier lieu \u00e0 \u00eatre utilis\u00e9s par des chasseurs, et pas par des agences du maintien de l&rsquo;ordre :<\/p>\n<ul>\n<li><a href=\"http:\/\/www.bolymedia.com\/\">Boly<\/a>, bas\u00e9e aux \u00c9tats-Unis, commercialise des produits sous le nom de Bolyguard, poss\u00e8de une filliale appel\u00e9e Boly Media Communications, <strong><span style=\"color: #800080\">dispositif retrouv\u00e9 en septembre 2018 en Sarthe, France<\/span><\/strong><\/li>\n<li><a href=\"https:\/\/www.piegephotographique.fr\">Pi\u00e8ge photographique<\/a>, entreprise fran\u00e7aise<\/li>\n<\/ul>\n<h2>Entreprises de type \u00ab\u00a0Gestion de flotte\u00a0\u00bb<\/h2>\n<p>Les entreprises suivantes n&rsquo;ont pas \u00e9t\u00e9 incluses dans la liste parce qu&rsquo;elles commercialisent des dispositifs de surveillance par localisation destin\u00e9s en premier lieu \u00e0 permettre \u00e0 d&rsquo;autres entreprises de localiser leurs propres v\u00e9hicules, et pas \u00e0 des agences du maintien de l&rsquo;ordre :<\/p>\n<ul>\n<li><a href=\"https:\/\/atrack.com.tw\">ATrack Technology<\/a>, bas\u00e9e \u00e0 Taiwan<\/li>\n<li><a href=\"http:\/\/bofan.cc\">Bofan<\/a>, entreprise chinoise<\/li>\n<li><a href=\"https:\/\/www.calamp.com\">CalAmp<\/a>, bas\u00e9e aux \u00c9tats-Unis, leurs filliales incluent LoJack Equipment Ireland, LoJack Italia, et \u00ab\u00a0Telematics Products &amp; Systems, OEM and Network Products\u00a0\u00bb<\/li>\n<li><a href=\"https:\/\/cybergra.en.china.cn\">Cybergraphy<\/a>, entreprise chinoise<\/li>\n<li><a href=\"https:\/\/www.digitalcomtech.com\">Digital Communications Technologies<\/a>, bas\u00e9e aux \u00c9tats-Unis<\/li>\n<li><a href=\"http:\/\/www.ebontek.com\/\">eBon<\/a>, bas\u00e9e aux \u00c9tats-Unis<\/li>\n<li><a href=\"https:\/\/ermtelematics.com\">ERM Advanced Telematics<\/a>, bas\u00e9e en Isra\u00ebl<\/li>\n<li><a href=\"https:\/\/www.globalsat.com.tw\">Globalsat Worldcom<\/a>, bas\u00e9e \u00e0 Taiwan<\/li>\n<li><a href=\"https:\/\/gosafesystem.com\">Gosafe<\/a>, entreprise chinoise<\/li>\n<li><a href=\"https:\/\/gopass.com.tw\">GTC<\/a>, bas\u00e9e \u00e0 Taiwan, est active sous le nom de GoPass<\/li>\n<li><a href=\"https:\/\/gpshunter.com\">HunterPro<\/a>, bas\u00e9e en Uruguay, anciennement Hunter et Positron<\/li>\n<li><a href=\"https:\/\/powerfleet.com\">I.D. Systems<\/a>, bas\u00e9e aux \u00c9tats-Unis, active sous le nom de PowerFleet, leur filliales incluent <a href=\"https:\/\/pointer.com\">Pointer Telocation<\/a> et <a href=\"https:\/\/cellocator.com\">Cellocator<\/a><\/li>\n<li><a href=\"https:\/\/globaltrack.com\">Internacional Track de M\u00e9xico<\/a>, entreprise mexicaine, active sous le nom de Global Track<\/li>\n<li><a href=\"https:\/\/jimilab.com\">Jimi<\/a>, entreprise chinoise, et leur filliale <a href=\"http:\/\/iconcox.com\">Concox<\/a><\/li>\n<li><a href=\"https:\/\/laipac.com\">Laipac<\/a>, entreprise canadienne<\/li>\n<li><a href=\"https:\/\/lantronix.com\">Lantronix<\/a>, bas\u00e9e aux \u00c9tats-Unis, a acquis Falcom en 2019<\/li>\n<li><a href=\"http:\/\/lantrixgps.com\">Net Tracker<\/a>, bas\u00e9e en Argentine, active sous le nom de Lantrix<\/li>\n<li><a href=\"https:\/\/maxtrack.com.br\">Maxtrack<\/a>, entreprise br\u00e9silienne<\/li>\n<li><a href=\"http:\/\/www.recorditalia.net\/\">Record Italia<\/a>, entreprise italienne<\/li>\n<li><a href=\"https:\/\/sierrawireless.com\">Sierra Wireless<\/a>, entreprise canadienne<\/li>\n<li><a href=\"https:\/\/www.sensitech.com\/en\/\">Sensitech<\/a>, bas\u00e9e aux \u00c9tats-Unis, a acquis FreightWatch International en 2012<\/li>\n<li><a href=\"https:\/\/www.telit.com\">Telit<\/a>, entreprise italienne<strong><span style=\"color: #800080\"><br \/>\n<\/span><\/strong><\/li>\n<li><a href=\"https:\/\/www.visirun.com\/en\/\">Visirun<\/a>, entreprise italienne, filliale de Verizon<\/li>\n<\/ul>\n","protected":false},"excerpt":{"rendered":"<p>Note : hors ajouts mineurs, cette liste a \u00e9t\u00e9 mise \u00e0 jour pour la derni\u00e8re fois en novembre 2020 &#8211; certaines informations peuvent ne pas \u00eatre \u00e0 jour. Cette page a pour but de lister les entreprises qui vendent des &hellip; <a href=\"https:\/\/earsandeyes.noblogs.org\/fr\/industrie-surveillance-liste-entreprises\/\">Continuer la lecture <span class=\"meta-nav\">&rarr;<\/span><\/a><\/p>\n","protected":false},"author":13290,"featured_media":0,"parent":0,"menu_order":0,"comment_status":"closed","ping_status":"closed","template":"","meta":{"_locale":"fr_FR","_original_post":"212","footnotes":""},"class_list":["post-1373","page","type-page","status-publish","hentry","fr-FR"],"_links":{"self":[{"href":"https:\/\/earsandeyes.noblogs.org\/wp-json\/wp\/v2\/pages\/1373","targetHints":{"allow":["GET"]}}],"collection":[{"href":"https:\/\/earsandeyes.noblogs.org\/wp-json\/wp\/v2\/pages"}],"about":[{"href":"https:\/\/earsandeyes.noblogs.org\/wp-json\/wp\/v2\/types\/page"}],"author":[{"embeddable":true,"href":"https:\/\/earsandeyes.noblogs.org\/wp-json\/wp\/v2\/users\/13290"}],"replies":[{"embeddable":true,"href":"https:\/\/earsandeyes.noblogs.org\/wp-json\/wp\/v2\/comments?post=1373"}],"version-history":[{"count":35,"href":"https:\/\/earsandeyes.noblogs.org\/wp-json\/wp\/v2\/pages\/1373\/revisions"}],"predecessor-version":[{"id":2126,"href":"https:\/\/earsandeyes.noblogs.org\/wp-json\/wp\/v2\/pages\/1373\/revisions\/2126"}],"wp:attachment":[{"href":"https:\/\/earsandeyes.noblogs.org\/wp-json\/wp\/v2\/media?parent=1373"}],"curies":[{"name":"wp","href":"https:\/\/api.w.org\/{rel}","templated":true}]}}