{"id":1358,"date":"2019-11-07T10:45:37","date_gmt":"2019-11-07T09:45:37","guid":{"rendered":"https:\/\/earsandeyes.noblogs.org\/?page_id=1358"},"modified":"2019-11-07T10:45:37","modified_gmt":"2019-11-07T09:45:37","slug":"industrie-surveillance-glossaire","status":"publish","type":"page","link":"https:\/\/earsandeyes.noblogs.org\/fr\/industrie-surveillance-glossaire\/","title":{"rendered":"Industrie de la surveillance &#8211; glossaire"},"content":{"rendered":"<p>Cette page a pour but de lister les <strong>termes utilis\u00e9s dans l&rsquo;industrie de la surveillance<\/strong>. Quand un terme est r\u00e9f\u00e9renc\u00e9 sur l&rsquo;encyclop\u00e9die en ligne Wikip\u00e9dia, un lien vers l&rsquo;article Wikip\u00e9dia correspondant est donn\u00e9 apr\u00e8s la d\u00e9finition du terme. Les termes list\u00e9s sur cette page sont class\u00e9s dans l&rsquo;ordre alphab\u00e9tique selon leur expression anglaise, et l&rsquo;\u00e9quivalent fran\u00e7ais est indiqu\u00e9 lorsqu&rsquo;il existe.<\/p>\n<hr \/>\n<p><strong>CDMA2000<\/strong> : standard t\u00e9l\u00e9phonique de troisi\u00e8me g\u00e9n\u00e9ration (3G) particuli\u00e8rement utilis\u00e9 en Am\u00e9rique du Nord et en Cor\u00e9e du Sud, concurrent d&rsquo;UMTS \/ <a href=\"https:\/\/fr.wikipedia.org\/wiki\/CDMA2000\">Wikip\u00e9dia (fr)<\/a>, <a href=\"https:\/\/en.wikipedia.org\/wiki\/CDMA2000\">Wikipedia (en)<\/a><\/p>\n<p><strong>COMINT (Communications Intelligence)<\/strong> : rassemblement de renseignements relatifs aux communications entre des personnes, sous-cat\u00e9gorie de SIGINT \/ <a href=\"https:\/\/en.wikipedia.org\/wiki\/Signals_intelligence#Communications_Intelligence\">Wikipedia (en)<\/a><\/p>\n<p><strong>DVR (Digital video recorder) \/ magn\u00e9toscope num\u00e9rique<\/strong> : appareil \u00e9lectronique qui enregistre la vid\u00e9o en format num\u00e9rique sur un p\u00e9riph\u00e9rique de stockage, comme un disque dur, une carte SD ou un p\u00e9riph\u00e9rique de stockage en r\u00e9seau \/ <a href=\"https:\/\/fr.wikipedia.org\/wiki\/Magn%C3%A9toscope_num%C3%A9rique\">Wikip\u00e9dia (fr)<\/a>, <a href=\"https:\/\/en.wikipedia.org\/wiki\/Digital_video_recorder\">Wikipedia (en)<\/a><\/p>\n<p><strong>ELINT (Electronic intelligence)<\/strong> : rassemblement de renseignements \u00e0 partir de signaux \u00e9lectroniques qui ne sont pas directement utilis\u00e9s pour de la communication, sous-cat\u00e9gorie de SIGINT \/ <a href=\"https:\/\/en.wikipedia.org\/w\/index.php?title=Elint\">Wikipedia (en)<\/a><\/p>\n<p><strong>Geofencing<\/strong> : fonctionnalit\u00e9 incluse dans de nombreux appareils de localisation qui permet \u00e0 l&rsquo;appareil de d\u00e9tecter losqu&rsquo;il entre ou sort de zones sp\u00e9cifiques pr\u00e9-d\u00e9termin\u00e9es, et de r\u00e9agir de fa\u00e7on appropri\u00e9e &#8211; par exemple en envoyant une alarme \u00e0 l&rsquo;espion \/ <a href=\"https:\/\/en.wikipedia.org\/w\/index.php?title=Geofencing\">Wikipedia (en)<\/a><\/p>\n<p><strong>GLONASS (GLObal NAvigation Satellite System)<\/strong> : syst\u00e8me de navigation par satellite appartenant \u00e0 la Russie qui fournit des informations de g\u00e9olocalisation \u00e0 des r\u00e9cepteurs partout dans le monde, concurrent du GPS \/ <a href=\"https:\/\/fr.wikipedia.org\/wiki\/GLONASS\">Wikip\u00e9dia (fr)<\/a>, <a href=\"https:\/\/en.wikipedia.org\/wiki\/GLONASS\">Wikipedia (en)<\/a><\/p>\n<p><strong>GNSS (Global Navigation Satellite System)<\/strong> : acronyme g\u00e9n\u00e9rique pour les syst\u00e8mes de navigation satellite fournissant des informations de navigation \u00e0 une \u00e9chelle globale, comme les syst\u00e8mes GPS ou GLONASS \/ <a href=\"https:\/\/fr.wikipedia.org\/wiki\/Syst%C3%A8me_de_positionnement_par_satellites\">Wikip\u00e9dia (fr)<\/a>, <a href=\"https:\/\/en.wikipedia.org\/w\/index.php?title=Gnss\">Wikipedia (en)<\/a><\/p>\n<p><strong>GPRS (General Packet Radio Service)<\/strong> : standard t\u00e9l\u00e9phonique utilis\u00e9 pour la transmission de donn\u00e9es dans les r\u00e9seaux t\u00e9l\u00e9phoniques de deuxi\u00e8me g\u00e9n\u00e9ration (2G) et troisi\u00e8me g\u00e9n\u00e9ration (3G) \/ <a href=\"https:\/\/fr.wikipedia.org\/wiki\/General_Packet_Radio_Service\">Wikip\u00e9dia (fr)<\/a>, <a href=\"https:\/\/en.wikipedia.org\/wiki\/General_Packet_Radio_Service\">Wikipedia (en)<\/a><\/p>\n<p><strong>GPS (Global Positioning System)<\/strong> : syst\u00e8me de navigation par satellite appartenant aux \u00c9tats-Unis qui fournit des informations de g\u00e9olocalisation \u00e0 des r\u00e9cepteurs partout dans le monde, concurrent de GLONASS \/ <a href=\"https:\/\/fr.wikipedia.org\/wiki\/Global_Positioning_System\">Wikip\u00e9dia (fr)<\/a>, <a href=\"https:\/\/en.wikipedia.org\/wiki\/Global_Positioning_System\">Wikipedia (en)<\/a><\/p>\n<p><strong>GSM (Global System for Mobile Communications)<\/strong> : standard t\u00e9l\u00e9phonique de deuxi\u00e8me g\u00e9n\u00e9ration (2G) utilis\u00e9 partout dans le monde \/ <a href=\"https:\/\/fr.wikipedia.org\/wiki\/Global_System_for_Mobile_Communications\">Wikip\u00e9dia (fr)<\/a>, <a href=\"https:\/\/en.wikipedia.org\/wiki\/GSM\">Wikipedia (en)<\/a><\/p>\n<p><strong>HF (High frequency) \/ haute fr\u00e9quence<\/strong> : plage de fr\u00e9quences radio entre 3 Mhz et 30 Mhz \/ <a href=\"https:\/\/fr.wikipedia.org\/wiki\/Haute_fr%C3%A9quence\">Wikip\u00e9dia (fr)<\/a>, <a href=\"https:\/\/en.wikipedia.org\/wiki\/High_frequency\">Wikipedia (en)<\/a><\/p>\n<p><strong>Homeland security<\/strong> : pr\u00e9cautions prises par le gouvernement d&rsquo;un pays contre les attaques terroristes et autres menaces s\u00e9rieuses \/ <a href=\"https:\/\/en.wikipedia.org\/wiki\/Homeland_security\">Wikipedia (en)<\/a><\/p>\n<p><strong>IMSI (International mobile subscriber identity)<\/strong> : num\u00e9ro qui identifie de mani\u00e8re unique chaque appareil d&rsquo;un r\u00e9seau t\u00e9l\u00e9phonique \/ <a href=\"https:\/\/fr.wikipedia.org\/wiki\/International_Mobile_Subscriber_Identity\">Wikip\u00e9dia (fr)<\/a>, <a href=\"https:\/\/en.wikipedia.org\/wiki\/International_mobile_subscriber_identity\">Wikipedia (en)<\/a><\/p>\n<p><strong>IMSI-catcher (International mobile subscriber identity-catcher)<\/strong> : appareil de surveillance utilis\u00e9 pour intercepter le trafic de t\u00e9l\u00e9phonie mobile dans une zone autour de l&rsquo;appareil et obtenir des informations sur les t\u00e9l\u00e9phones portables pr\u00e9sents dans cette zone \/ <a href=\"https:\/\/fr.wikipedia.org\/wiki\/IMSI-catcher\">Wikip\u00e9dia (fr)<\/a>, <a href=\"https:\/\/en.wikipedia.org\/wiki\/IMSI-catcher\">Wikipedia (en)<\/a><\/p>\n<p><strong>LEA (Law enforcement agency) \/ agence du maintien de l&rsquo;ordre<\/strong> : agence gouvernementale responsable de l&rsquo;application des lois \/ <a href=\"https:\/\/en.wikipedia.org\/wiki\/Law_enforcement_agency\">Wikipedia (en)<\/a><\/p>\n<p><strong>LI (Lawful interception)<\/strong> : processus par lequel les communications entre des organisations ou des citoyens sont collect\u00e9es par un fournisseur de services, et transmises \u00e0 des agencies du maintien de l&rsquo;ordre, si celles-ci sont munies d&rsquo;une autorisation d&rsquo;un tribunal ou autre autorisation l\u00e9gale \/ <a href=\"https:\/\/en.wikipedia.org\/wiki\/Lawful_interception\">Wikipedia (en)<\/a><\/p>\n<p><strong>LTE (Long-Term Evolution)<\/strong> : standard t\u00e9l\u00e9phonique de quatri\u00e8me g\u00e9n\u00e9ration (4G) \/ <a href=\"https:\/\/fr.wikipedia.org\/wiki\/LTE_(r%C3%A9seaux_mobiles)\">Wikip\u00e9dia (fr)<\/a>, <a href=\"https:\/\/en.wikipedia.org\/wiki\/LTE_(telecommunication)\">Wikipedia (en)<\/a><\/p>\n<p><strong>NLJD (Nonlinear junction detector) \/ d\u00e9tecteur de jonction non-lin\u00e9aire<\/strong> : \u00e9quipement de contre-surveillance capable de d\u00e9tecter la pr\u00e9sence de presque n&rsquo;importe quel appareil \u00e9lectronique non prot\u00e9g\u00e9 contenant des semi-conducteurs, m\u00eame \u00e0 travers des murs, et m\u00eame si l&rsquo;appareil n&rsquo;est pas allum\u00e9. Il fonctionne en illuminant une petite r\u00e9gion de l&rsquo;espace avec des fr\u00e9quences radio \u00e0 haute fr\u00e9quence : certains composants des semi-conducteurs vont r\u00e9agir \u00e0 ces fr\u00e9quences radio d&rsquo;une mani\u00e8re sp\u00e9cifique, et cette r\u00e9action sera d\u00e9tect\u00e9e par le d\u00e9tecteur de jonction non-lin\u00e9aire \/ <a href=\"https:\/\/en.wikipedia.org\/wiki\/Nonlinear_junction_detector\">Wikipedia (en)<\/a><\/p>\n<p><strong>OEM (Original equipment manufacturer) \/ fabriquant d&rsquo;\u00e9quipement d&rsquo;origine<\/strong> : entreprise qui produit des biens qui peuvent \u00eatre commercialis\u00e9s par une autre entreprise sous son propre nom \/ <a href=\"https:\/\/fr.wikipedia.org\/wiki\/Fabricant_d%27%C3%A9quipement_d%27origine\">Wikip\u00e9dia (fr)<\/a>, <a href=\"https:\/\/en.wikipedia.org\/wiki\/Original_equipment_manufacturer\">Wikipedia (en)<\/a><\/p>\n<p><strong>PEC (Posta elettronica certificata)<\/strong> : type sp\u00e9cial d&#8217;email qui permet aux utilisateur.ice.s de prouver l\u00e9galement qu&rsquo;un email a bien \u00e9t\u00e9 envoy\u00e9 et re\u00e7u, utilis\u00e9 principalement en Italie pour les communications entre les entreprises et l&rsquo;administration publique \/ <a href=\"https:\/\/en.wikipedia.org\/wiki\/Certified_email\">Wikipedia (en)<\/a>, <a href=\"https:\/\/it.wikipedia.org\/wiki\/Posta_elettronica_certificata\">Wikipedia (it)<\/a><\/p>\n<p><strong>PMC (Private military company) \/ SMP (Soci\u00e9t\u00e9 militaire priv\u00e9e)<\/strong> : entreprise priv\u00e9e fournissant des services militaires ou de s\u00e9curit\u00e9 pour faire des b\u00e9n\u00e9fices \/ <a href=\"https:\/\/fr.wikipedia.org\/wiki\/Soci%C3%A9t%C3%A9_militaire_priv%C3%A9e\">Wikip\u00e9dia (fr)<\/a>, <a href=\"https:\/\/en.wikipedia.org\/wiki\/Private_military_company\">Wikipedia (en)<\/a><\/p>\n<p><strong>PoE (Power over Ethernet)<\/strong> : standard qui permet \u00e0 des c\u00e2bles Ethernet de simultan\u00e9ment transmettre des donn\u00e9es et de l&rsquo;\u00e9nergie en utilisant un m\u00eame c\u00e2ble r\u00e9seau, permettant par exemple \u00e0 des dispositifs de surveillance physiques d&rsquo;\u00eatre aliment\u00e9s \u00e0 l&rsquo;aide d&rsquo;un c\u00e2ble r\u00e9seau au lieu d&rsquo;\u00eatre connect\u00e9s \u00e0 un syst\u00e8me \u00e9lectrique standard \/ <a href=\"https:\/\/fr.wikipedia.org\/wiki\/Alimentation_%C3%A9lectrique_par_c%C3%A2ble_Ethernet\">Wikip\u00e9dia (fr)<\/a>, <a href=\"https:\/\/en.wikipedia.org\/wiki\/Power_over_Ethernet\">Wikipedia (en)<\/a><\/p>\n<p><strong>PSTN (Public switched telephone network) \/ RTC (R\u00e9seau t\u00e9l\u00e9phonique commut\u00e9)<\/strong> : r\u00e9seau historique des t\u00e9l\u00e9phones fixes, en opposition aux r\u00e9seaux de t\u00e9l\u00e9phonie mobile \/ <a href=\"https:\/\/fr.wikipedia.org\/wiki\/R%C3%A9seau_t%C3%A9l%C3%A9phonique_commut%C3%A9\">Wikip\u00e9dia (fr)<\/a>, <a href=\"https:\/\/en.wikipedia.org\/wiki\/Public_switched_telephone_network\">Wikipedia (en)<\/a><\/p>\n<p><strong>RF (Radio frequencies) \/ radio-fr\u00e9quences<\/strong> : fr\u00e9quences d&rsquo;onde \u00e9lectromagn\u00e9tique entre 30 Hz et 300 Ghz, constituant le spectre radio, utilis\u00e9 par les humains pour une grande gamme d&rsquo;applications, de la communication d&rsquo;informations \u00e0 la cuisson dans les fours \u00e0 micro-ondes \/ <a href=\"https:\/\/fr.wikipedia.org\/wiki\/Radio-fr%C3%A9quence\">Wikip\u00e9dia (fr)<\/a>, <a href=\"https:\/\/en.wikipedia.org\/wiki\/Radio_frequency\">Wikipedia (en)<\/a><\/p>\n<p><strong>SIGINT (Signals Intelligence) \/ ROEM (Renseignement d&rsquo;origine \u00e9lectromagn\u00e9tique)<\/strong> : rassemblement de renseignements gr\u00e2ce \u00e0 l&rsquo;interception de signaux, aussi bien des communications entre des personnes (COMINT) que des signaux \u00e9lectroniques qui ne sont pas directement utilis\u00e9s pour de la communication (ELINT) \/ <a href=\"https:\/\/fr.wikipedia.org\/wiki\/Renseignement_d%27origine_%C3%A9lectromagn%C3%A9tique\">Wikip\u00e9dia (fr)<\/a>, <a href=\"https:\/\/en.wikipedia.org\/wiki\/Signals_intelligence\">Wikipedia (en)<\/a><\/p>\n<p><strong>TSCM (Technical surveillance counter-measures)<\/strong> : mesures techniques mises en place pour contrer une surveillance, comme le fait d&rsquo;utiliser des appareils pour chercher des microphones espions, utiliser des logiciels s\u00e9curis\u00e9s ou dissimuler son identit\u00e9 \/ <a href=\"https:\/\/en.wikipedia.org\/wiki\/Countersurveillance#Technical_surveillance_counter-measures\">Wikipedia (en)<\/a><\/p>\n<p><strong>UHF (Ultra high frequency) \/ ultra haute fr\u00e9quence<\/strong> : plage de fr\u00e9quences radio entre 300 Mhz et 3 Ghz \/ <a href=\"https:\/\/fr.wikipedia.org\/wiki\/Ultra_haute_fr%C3%A9quence\">Wikip\u00e9dia (fr)<\/a>, <a href=\"https:\/\/en.wikipedia.org\/wiki\/Ultra_high_frequency\">Wikipedia (en)<\/a><\/p>\n<p><strong>UMTS (Universal Mobile Telecommunications System)<\/strong> : standard t\u00e9l\u00e9phonique de troisi\u00e8me g\u00e9n\u00e9ration (3G) particuli\u00e8rement utilis\u00e9 en Europe, au Japon et en Chine, concurrent de CDMA2000 \/ <a href=\"https:\/\/fr.wikipedia.org\/wiki\/Universal_Mobile_Telecommunications_System\">Wikip\u00e9dia (fr)<\/a>, <a href=\"https:\/\/en.wikipedia.org\/wiki\/UMTS\">Wikipedia (en)<\/a><\/p>\n<p><strong>VHF (Very high frequency) \/ tr\u00e8s haute fr\u00e9quence<\/strong> : plage de fr\u00e9quences radio entre 30 Mhz et 300 Mhz \/ <a href=\"https:\/\/fr.wikipedia.org\/wiki\/Tr%C3%A8s_haute_fr%C3%A9quence\">Wikip\u00e9dia (fr)<\/a>, <a href=\"https:\/\/en.wikipedia.org\/wiki\/Very_high_frequency\">Wikipedia (en)<\/a><\/p>\n","protected":false},"excerpt":{"rendered":"<p>Cette page a pour but de lister les termes utilis\u00e9s dans l&rsquo;industrie de la surveillance. Quand un terme est r\u00e9f\u00e9renc\u00e9 sur l&rsquo;encyclop\u00e9die en ligne Wikip\u00e9dia, un lien vers l&rsquo;article Wikip\u00e9dia correspondant est donn\u00e9 apr\u00e8s la d\u00e9finition du terme. Les termes &hellip; <a href=\"https:\/\/earsandeyes.noblogs.org\/fr\/industrie-surveillance-glossaire\/\">Continuer la lecture <span class=\"meta-nav\">&rarr;<\/span><\/a><\/p>\n","protected":false},"author":13290,"featured_media":0,"parent":0,"menu_order":0,"comment_status":"closed","ping_status":"closed","template":"","meta":{"_locale":"fr_FR","_original_post":"915","footnotes":""},"class_list":["post-1358","page","type-page","status-publish","hentry","fr-FR"],"_links":{"self":[{"href":"https:\/\/earsandeyes.noblogs.org\/wp-json\/wp\/v2\/pages\/1358","targetHints":{"allow":["GET"]}}],"collection":[{"href":"https:\/\/earsandeyes.noblogs.org\/wp-json\/wp\/v2\/pages"}],"about":[{"href":"https:\/\/earsandeyes.noblogs.org\/wp-json\/wp\/v2\/types\/page"}],"author":[{"embeddable":true,"href":"https:\/\/earsandeyes.noblogs.org\/wp-json\/wp\/v2\/users\/13290"}],"replies":[{"embeddable":true,"href":"https:\/\/earsandeyes.noblogs.org\/wp-json\/wp\/v2\/comments?post=1358"}],"version-history":[{"count":3,"href":"https:\/\/earsandeyes.noblogs.org\/wp-json\/wp\/v2\/pages\/1358\/revisions"}],"predecessor-version":[{"id":1372,"href":"https:\/\/earsandeyes.noblogs.org\/wp-json\/wp\/v2\/pages\/1358\/revisions\/1372"}],"wp:attachment":[{"href":"https:\/\/earsandeyes.noblogs.org\/wp-json\/wp\/v2\/media?parent=1358"}],"curies":[{"name":"wp","href":"https:\/\/api.w.org\/{rel}","templated":true}]}}