{"id":1355,"date":"2019-11-07T10:45:37","date_gmt":"2019-11-07T09:45:37","guid":{"rendered":"https:\/\/earsandeyes.noblogs.org\/?page_id=1355"},"modified":"2021-03-26T07:55:58","modified_gmt":"2021-03-26T06:55:58","slug":"sure","status":"publish","type":"page","link":"https:\/\/earsandeyes.noblogs.org\/fr\/sure\/","title":{"rendered":"Sure"},"content":{"rendered":"<p><strong>Site officiel<\/strong> : <a href=\"https:\/\/www.sure24.co.uk\">sure24.co.uk<\/a><br \/>\n<strong>Adresse<\/strong> : SURE24 Limited, 2 Moorbridge Court, Moorbridge Road East, Bingham, Nottinghamshire, NG13 8GG, Royaume-Uni<br \/>\n<strong>T\u00e9l\u00e9phone<\/strong> : +44 (0)1949 836 990<br \/>\n<strong>Email<\/strong> : enquiries@sure24.co.uk, support@sure24.co.uk, sales@sure24.co.uk<\/p>\n<p><strong>Statut l\u00e9gal<\/strong> : Entreprise britannique fond\u00e9e en 1992, enregistr\u00e9e sous le nom de Sure24.<br \/>\n<strong>Clients<\/strong> : Agences du maintien de l&rsquo;ordre et gouvernements (d&rsquo;apr\u00e8s leur site web).<br \/>\n<strong>Produits<\/strong> : Dispositifs de surveillance audio, vid\u00e9o, et par localisation. Une <a href=\"https:\/\/sure24.co.uk\/solutions\/covert-solutions\">page de leur site web<\/a> liste les dispositifs de surveillance commercialis\u00e9s par l&rsquo;entreprise, avec des sp\u00e9cifications techniques et des photos. D&rsquo;apr\u00e8s la menu d\u00e9roulant \u00ab\u00a0brands\u00a0\u00bb de leur site web, l&rsquo;entreprise distribue des dispositifs de surveillance commercialis\u00e9s par d&rsquo;autres entreprises, comme <a href=\"https:\/\/earsandeyes.noblogs.org\/fr\/timespace-technology\">Timespace Technology<\/a>.<\/p>\n<p>Un <a href=\"https:\/\/assets.documentcloud.org\/documents\/810528\/1174-sure-product-list-covert-surveillance.pdf\">catalogue non dat\u00e9<\/a> listant tous leurs produits de surveillance con\u00e7us pour \u00eatre cach\u00e9s est \u00e9galement disponible.<\/p>\n","protected":false},"excerpt":{"rendered":"<p>Site officiel : sure24.co.uk Adresse : SURE24 Limited, 2 Moorbridge Court, Moorbridge Road East, Bingham, Nottinghamshire, NG13 8GG, Royaume-Uni T\u00e9l\u00e9phone : +44 (0)1949 836 990 Email : enquiries@sure24.co.uk, support@sure24.co.uk, sales@sure24.co.uk Statut l\u00e9gal : Entreprise britannique fond\u00e9e en 1992, enregistr\u00e9e sous &hellip; <a href=\"https:\/\/earsandeyes.noblogs.org\/fr\/sure\/\">Continuer la lecture <span class=\"meta-nav\">&rarr;<\/span><\/a><\/p>\n","protected":false},"author":13290,"featured_media":0,"parent":0,"menu_order":0,"comment_status":"closed","ping_status":"closed","template":"","meta":{"_locale":"fr_FR","_original_post":"792","footnotes":""},"class_list":["post-1355","page","type-page","status-publish","hentry","fr-FR"],"_links":{"self":[{"href":"https:\/\/earsandeyes.noblogs.org\/wp-json\/wp\/v2\/pages\/1355","targetHints":{"allow":["GET"]}}],"collection":[{"href":"https:\/\/earsandeyes.noblogs.org\/wp-json\/wp\/v2\/pages"}],"about":[{"href":"https:\/\/earsandeyes.noblogs.org\/wp-json\/wp\/v2\/types\/page"}],"author":[{"embeddable":true,"href":"https:\/\/earsandeyes.noblogs.org\/wp-json\/wp\/v2\/users\/13290"}],"replies":[{"embeddable":true,"href":"https:\/\/earsandeyes.noblogs.org\/wp-json\/wp\/v2\/comments?post=1355"}],"version-history":[{"count":4,"href":"https:\/\/earsandeyes.noblogs.org\/wp-json\/wp\/v2\/pages\/1355\/revisions"}],"predecessor-version":[{"id":2248,"href":"https:\/\/earsandeyes.noblogs.org\/wp-json\/wp\/v2\/pages\/1355\/revisions\/2248"}],"wp:attachment":[{"href":"https:\/\/earsandeyes.noblogs.org\/wp-json\/wp\/v2\/media?parent=1355"}],"curies":[{"name":"wp","href":"https:\/\/api.w.org\/{rel}","templated":true}]}}