{"id":1350,"date":"2019-11-07T10:45:37","date_gmt":"2019-11-07T09:45:37","guid":{"rendered":"https:\/\/earsandeyes.noblogs.org\/?page_id=1350"},"modified":"2021-03-26T07:55:48","modified_gmt":"2021-03-26T06:55:48","slug":"spektra-europe","status":"publish","type":"page","link":"https:\/\/earsandeyes.noblogs.org\/fr\/spektra-europe\/","title":{"rendered":"Spektra Europe"},"content":{"rendered":"<p><em>Cette entreprise est \u00e9galement list\u00e9e sur : <a href=\"https:\/\/buggedplanet.info\/index.php?title=SPEKTRA\">Bugged Planet<\/a><\/em><\/p>\n<p><strong>Site officiel<\/strong> : <a href=\"http:\/\/www.spektra-srl.it\">spektra-srl.it<\/a><br \/>\n<strong>Adresse<\/strong> : (incertain) Via Pavia 29, 21052 Busto Arsizio (VA), Italie<br \/>\n<strong>T\u00e9l\u00e9phone<\/strong> : (incertain) +39 339 128 22 23<br \/>\n<strong>Email<\/strong> : (incertain) spektra@email.it \/ tossy@libero.it<\/p>\n<p><strong>Statut l\u00e9gal<\/strong> : Entreprise italienne fond\u00e9e en 2002. On est pas s\u00fbr que l&rsquo;entreprise soit toujours active.<br \/>\n<strong>Clients<\/strong> : Agences du maintien de l&rsquo;ordre et autorit\u00e9s judiciaires (d&rsquo;apr\u00e8s leur site web).<br \/>\n<strong>Produits<\/strong> : Syst\u00e8mes de surveillance audio, vid\u00e9o, et par localisation.<\/p>\n<p>Le site officiel de Spektra Europe contient de nombreux documents dat\u00e9s de 2007 \u00e0 2013 qui d\u00e9crivent leurs produits, avec des sp\u00e9cifications techniques. Ces documents sont en italien, et en anglais pour certains d&rsquo;entre eux. Les liens suivants donnent acc\u00e8s \u00e0 tous les documents :<\/p>\n<ul>\n<li><a href=\"http:\/\/www.spektra-srl.it\/pixel-line.html\">http:\/\/www.spektra-srl.it\/pixel-line.html<\/a><\/li>\n<li><a href=\"http:\/\/www.spektra-srl.it\/babi-ng-line.html\">http:\/\/www.spektra-srl.it\/babi-ng-line.html<\/a><\/li>\n<li><a href=\"http:\/\/www.spektra-srl.it\/audio-recorder.html\">http:\/\/www.spektra-srl.it\/audio-recorder.html<\/a><\/li>\n<li><a href=\"http:\/\/www.spektra-srl.it\/old_products.htm\">http:\/\/www.spektra-srl.it\/old_products.htm<\/a><\/li>\n<\/ul>\n<p>Leurs produits incluent des balises GPS et des microphones espions. Ils peuvent \u00eatre aliment\u00e9s par des batteries ou connect\u00e9s \u00e0 un syst\u00e8me \u00e9lectrique. Ils peuvent stocker les donn\u00e9es enregistr\u00e9es (audio ou localisation) sur une m\u00e9moire interne ou les transmettre sur le r\u00e9seau GSM.<\/p>\n","protected":false},"excerpt":{"rendered":"<p>Cette entreprise est \u00e9galement list\u00e9e sur : Bugged Planet Site officiel : spektra-srl.it Adresse : (incertain) Via Pavia 29, 21052 Busto Arsizio (VA), Italie T\u00e9l\u00e9phone : (incertain) +39 339 128 22 23 Email : (incertain) spektra@email.it \/ tossy@libero.it Statut l\u00e9gal &hellip; <a href=\"https:\/\/earsandeyes.noblogs.org\/fr\/spektra-europe\/\">Continuer la lecture <span class=\"meta-nav\">&rarr;<\/span><\/a><\/p>\n","protected":false},"author":13290,"featured_media":0,"parent":0,"menu_order":0,"comment_status":"closed","ping_status":"closed","template":"","meta":{"_locale":"fr_FR","_original_post":"283","footnotes":""},"class_list":["post-1350","page","type-page","status-publish","hentry","fr-FR"],"_links":{"self":[{"href":"https:\/\/earsandeyes.noblogs.org\/wp-json\/wp\/v2\/pages\/1350","targetHints":{"allow":["GET"]}}],"collection":[{"href":"https:\/\/earsandeyes.noblogs.org\/wp-json\/wp\/v2\/pages"}],"about":[{"href":"https:\/\/earsandeyes.noblogs.org\/wp-json\/wp\/v2\/types\/page"}],"author":[{"embeddable":true,"href":"https:\/\/earsandeyes.noblogs.org\/wp-json\/wp\/v2\/users\/13290"}],"replies":[{"embeddable":true,"href":"https:\/\/earsandeyes.noblogs.org\/wp-json\/wp\/v2\/comments?post=1350"}],"version-history":[{"count":3,"href":"https:\/\/earsandeyes.noblogs.org\/wp-json\/wp\/v2\/pages\/1350\/revisions"}],"predecessor-version":[{"id":2246,"href":"https:\/\/earsandeyes.noblogs.org\/wp-json\/wp\/v2\/pages\/1350\/revisions\/2246"}],"wp:attachment":[{"href":"https:\/\/earsandeyes.noblogs.org\/wp-json\/wp\/v2\/media?parent=1350"}],"curies":[{"name":"wp","href":"https:\/\/api.w.org\/{rel}","templated":true}]}}