{"id":1348,"date":"2019-11-07T10:45:37","date_gmt":"2019-11-07T09:45:37","guid":{"rendered":"https:\/\/earsandeyes.noblogs.org\/?page_id=1348"},"modified":"2021-03-26T07:55:18","modified_gmt":"2021-03-26T06:55:18","slug":"spectradome","status":"publish","type":"page","link":"https:\/\/earsandeyes.noblogs.org\/fr\/spectradome\/","title":{"rendered":"Spectradome"},"content":{"rendered":"<p><strong>Site officiel<\/strong> : <a href=\"http:\/\/spectradome.com\">spectradome.com<\/a><br \/>\n<strong>Adresse<\/strong> : ?<br \/>\n<strong>T\u00e9l\u00e9phone<\/strong> : +41 44 50 87 068, +39 051 051 69 89<\/p>\n<p><strong>Statut l\u00e9gal<\/strong> : Entreprise bas\u00e9e en Suisse.<br \/>\n<strong>Clients<\/strong> : Agences du maintien de l&rsquo;ordre et gouvernements (d&rsquo;apr\u00e8s leur site web).<br \/>\n<strong>Produits<\/strong> : Grande gamme de syst\u00e8mes de surveillance, dont des dispositifs de surveillance audio, vid\u00e9o, et par localisation. Une liste fournie des syst\u00e8mes de surveillance commercialis\u00e9s par l&rsquo;entreprise est visible aux pages 66-115 du <a href=\"http:\/\/shahzadgul.com\/Company_Profile_SG.pdf\">catalogue de 2015<\/a> de Shahzad Gul Enterprises, une entreprise bas\u00e9e au Pakistan qui pratique la revente des produits de Spectradome.<\/p>\n","protected":false},"excerpt":{"rendered":"<p>Site officiel : spectradome.com Adresse : ? T\u00e9l\u00e9phone : +41 44 50 87 068, +39 051 051 69 89 Statut l\u00e9gal : Entreprise bas\u00e9e en Suisse. Clients : Agences du maintien de l&rsquo;ordre et gouvernements (d&rsquo;apr\u00e8s leur site web). Produits &hellip; <a href=\"https:\/\/earsandeyes.noblogs.org\/fr\/spectradome\/\">Continuer la lecture <span class=\"meta-nav\">&rarr;<\/span><\/a><\/p>\n","protected":false},"author":13290,"featured_media":0,"parent":0,"menu_order":0,"comment_status":"closed","ping_status":"closed","template":"","meta":{"_locale":"fr_FR","_original_post":"375","footnotes":""},"class_list":["post-1348","page","type-page","status-publish","hentry","fr-FR"],"_links":{"self":[{"href":"https:\/\/earsandeyes.noblogs.org\/wp-json\/wp\/v2\/pages\/1348","targetHints":{"allow":["GET"]}}],"collection":[{"href":"https:\/\/earsandeyes.noblogs.org\/wp-json\/wp\/v2\/pages"}],"about":[{"href":"https:\/\/earsandeyes.noblogs.org\/wp-json\/wp\/v2\/types\/page"}],"author":[{"embeddable":true,"href":"https:\/\/earsandeyes.noblogs.org\/wp-json\/wp\/v2\/users\/13290"}],"replies":[{"embeddable":true,"href":"https:\/\/earsandeyes.noblogs.org\/wp-json\/wp\/v2\/comments?post=1348"}],"version-history":[{"count":4,"href":"https:\/\/earsandeyes.noblogs.org\/wp-json\/wp\/v2\/pages\/1348\/revisions"}],"predecessor-version":[{"id":2242,"href":"https:\/\/earsandeyes.noblogs.org\/wp-json\/wp\/v2\/pages\/1348\/revisions\/2242"}],"wp:attachment":[{"href":"https:\/\/earsandeyes.noblogs.org\/wp-json\/wp\/v2\/media?parent=1348"}],"curies":[{"name":"wp","href":"https:\/\/api.w.org\/{rel}","templated":true}]}}