{"id":1345,"date":"2019-11-07T10:45:37","date_gmt":"2019-11-07T09:45:37","guid":{"rendered":"https:\/\/earsandeyes.noblogs.org\/?page_id=1345"},"modified":"2022-07-24T01:46:55","modified_gmt":"2022-07-23T23:46:55","slug":"sonic-communications","status":"publish","type":"page","link":"https:\/\/earsandeyes.noblogs.org\/fr\/sonic-communications\/","title":{"rendered":"Sonic Communications"},"content":{"rendered":"<p><strong>Site officiel<\/strong> : <a href=\"https:\/\/www.sonic-comms.com\">sonic-comms.com<\/a><br \/>\n<strong>Adresse<\/strong> : Sonic Communications (Int) Ltd, Birmingham International Park, Starley Way, Bickenhill, Birmingham, B37 7HB, Royaume-Uni<br \/>\n<strong>T\u00e9l\u00e9phone<\/strong> : +44 (0) 121 781 4400<br \/>\n<strong>Fax<\/strong> : +44 (0) 121 781 4402, +44 (0) 121 781 4404<br \/>\n<strong>Email<\/strong> : info@sonic-comms.com<\/p>\n<p><strong>Statut l\u00e9gal<\/strong> : Entreprise britannique. Sonic Communications est une filliale de Soncell International, qui est une filliale de \u00ab\u00a0Bowmer + Kirkland\u00a0\u00bb, une entreprise britannique de services de construction et de s\u00e9curit\u00e9.<br \/>\n<strong>Clients<\/strong> : Agences du maintien de l&rsquo;ordre, gouvernements, et l&rsquo;arm\u00e9e (d&rsquo;apr\u00e8s leur site web).<br \/>\n<strong>Produits<\/strong> : Dispositifs de surveillance audio et vid\u00e9o. D&rsquo;apr\u00e8s une page de leur site web, l&rsquo;entreprise commercialise \u00ab\u00a0de l&rsquo;\u00e9quipement de vid\u00e9o-surveillance mobile et statique et l&rsquo;installation de tout type d&rsquo;\u00e9quipement technique dans des v\u00e9hicules, aussi bien ouvertement que secr\u00e8tement\u00a0\u00bb (\u00ab\u00a0mobile and static video surveillance equipment and the installation of all types of technical equipment into vehicles, both covertly and overtly\u00a0\u00bb). Leur site web ne donne pas beaucoup de d\u00e9tails \u00e0 propos de leurs produits.<\/p>\n<p>Leur <a href=\"https:\/\/earsandeyes.noblogs.org\/files\/2022\/07\/Sonic-Communications-2021-catalog.pdf\">catalogue de 2021<\/a> a \u00e9t\u00e9 publi\u00e9 en 2022 par le collectif DDoSecrets.<\/p>\n<p>Leur <a href=\"https:\/\/earsandeyes.noblogs.org\/files\/2022\/07\/Sonic-Communications-2012-catalog.pdf\">catalogue de 2012<\/a> est \u00e9galement disponible.<\/p>\n<p>Deux autres documents disponibles d\u00e9crivent certains de leurs dispositifs de surveillance vid\u00e9o, avec des sp\u00e9cifications techniques plus compl\u00e8tes que dans leur catalogue de 2012 :<\/p>\n<ul>\n<li>Un <a href=\"https:\/\/earsandeyes.noblogs.org\/files\/2019\/10\/Sonic-Communications-Micro-Cameras.pdf\">document dat\u00e9 de 2013<\/a> liste leurs cam\u00e9ras de surveillance miniatures con\u00e7ues pour \u00eatre cach\u00e9es.<\/li>\n<li>Un <a href=\"https:\/\/earsandeyes.noblogs.org\/files\/2019\/10\/Sonic-Communications-OMNi.pdf\">document dat\u00e9 de 2011<\/a> d\u00e9crit une gamme de produits appel\u00e9e \u00ab\u00a0OMNi\u00a0\u00bb, un type de cam\u00e9ras cylindriques.<\/li>\n<\/ul>\n","protected":false},"excerpt":{"rendered":"<p>Site officiel : sonic-comms.com Adresse : Sonic Communications (Int) Ltd, Birmingham International Park, Starley Way, Bickenhill, Birmingham, B37 7HB, Royaume-Uni T\u00e9l\u00e9phone : +44 (0) 121 781 4400 Fax : +44 (0) 121 781 4402, +44 (0) 121 781 4404 Email &hellip; <a href=\"https:\/\/earsandeyes.noblogs.org\/fr\/sonic-communications\/\">Continuer la lecture <span class=\"meta-nav\">&rarr;<\/span><\/a><\/p>\n","protected":false},"author":13290,"featured_media":0,"parent":0,"menu_order":0,"comment_status":"closed","ping_status":"closed","template":"","meta":{"_locale":"fr_FR","_original_post":"650","footnotes":""},"class_list":["post-1345","page","type-page","status-publish","hentry","fr-FR"],"_links":{"self":[{"href":"https:\/\/earsandeyes.noblogs.org\/wp-json\/wp\/v2\/pages\/1345","targetHints":{"allow":["GET"]}}],"collection":[{"href":"https:\/\/earsandeyes.noblogs.org\/wp-json\/wp\/v2\/pages"}],"about":[{"href":"https:\/\/earsandeyes.noblogs.org\/wp-json\/wp\/v2\/types\/page"}],"author":[{"embeddable":true,"href":"https:\/\/earsandeyes.noblogs.org\/wp-json\/wp\/v2\/users\/13290"}],"replies":[{"embeddable":true,"href":"https:\/\/earsandeyes.noblogs.org\/wp-json\/wp\/v2\/comments?post=1345"}],"version-history":[{"count":4,"href":"https:\/\/earsandeyes.noblogs.org\/wp-json\/wp\/v2\/pages\/1345\/revisions"}],"predecessor-version":[{"id":2496,"href":"https:\/\/earsandeyes.noblogs.org\/wp-json\/wp\/v2\/pages\/1345\/revisions\/2496"}],"wp:attachment":[{"href":"https:\/\/earsandeyes.noblogs.org\/wp-json\/wp\/v2\/media?parent=1345"}],"curies":[{"name":"wp","href":"https:\/\/api.w.org\/{rel}","templated":true}]}}