{"id":1342,"date":"2019-11-07T10:45:37","date_gmt":"2019-11-07T09:45:37","guid":{"rendered":"https:\/\/earsandeyes.noblogs.org\/?page_id=1342"},"modified":"2021-03-26T07:55:00","modified_gmt":"2021-03-26T06:55:00","slug":"sio","status":"publish","type":"page","link":"https:\/\/earsandeyes.noblogs.org\/fr\/sio\/","title":{"rendered":"Sio"},"content":{"rendered":"<p><strong>Site officiel<\/strong> : <a href=\"https:\/\/siospa.it\">siospa.it<\/a><br \/>\n<strong>Adresse<\/strong> : Via Lario, 33, 22063 Cant\u00f9 (CO), Italie<br \/>\n<strong>T\u00e9l\u00e9phone<\/strong> : +39 031 71.811<br \/>\n<strong>Fax<\/strong> : 39 031 71.811.262<br \/>\n<strong>Email<\/strong> : international.sales@siospa.com<\/p>\n<p><strong>Statut l\u00e9gal<\/strong> : Entreprise italienne fond\u00e9e en 1992.<br \/>\n<strong>Clients<\/strong> : Agences du maintien de l&rsquo;ordre et autorit\u00e9s judiciaires (d&rsquo;apr\u00e8s leur site web).<br \/>\n<strong>Produits<\/strong> : Syst\u00e8mes de surveillance audio et vid\u00e9o (d&rsquo;apr\u00e8s leur site web).<\/p>\n","protected":false},"excerpt":{"rendered":"<p>Site officiel : siospa.it Adresse : Via Lario, 33, 22063 Cant\u00f9 (CO), Italie T\u00e9l\u00e9phone : +39 031 71.811 Fax : 39 031 71.811.262 Email : international.sales@siospa.com Statut l\u00e9gal : Entreprise italienne fond\u00e9e en 1992. Clients : Agences du maintien de &hellip; <a href=\"https:\/\/earsandeyes.noblogs.org\/fr\/sio\/\">Continuer la lecture <span class=\"meta-nav\">&rarr;<\/span><\/a><\/p>\n","protected":false},"author":13290,"featured_media":0,"parent":0,"menu_order":0,"comment_status":"closed","ping_status":"closed","template":"","meta":{"_locale":"fr_FR","_original_post":"350","footnotes":""},"class_list":["post-1342","page","type-page","status-publish","hentry","fr-FR"],"_links":{"self":[{"href":"https:\/\/earsandeyes.noblogs.org\/wp-json\/wp\/v2\/pages\/1342","targetHints":{"allow":["GET"]}}],"collection":[{"href":"https:\/\/earsandeyes.noblogs.org\/wp-json\/wp\/v2\/pages"}],"about":[{"href":"https:\/\/earsandeyes.noblogs.org\/wp-json\/wp\/v2\/types\/page"}],"author":[{"embeddable":true,"href":"https:\/\/earsandeyes.noblogs.org\/wp-json\/wp\/v2\/users\/13290"}],"replies":[{"embeddable":true,"href":"https:\/\/earsandeyes.noblogs.org\/wp-json\/wp\/v2\/comments?post=1342"}],"version-history":[{"count":2,"href":"https:\/\/earsandeyes.noblogs.org\/wp-json\/wp\/v2\/pages\/1342\/revisions"}],"predecessor-version":[{"id":2238,"href":"https:\/\/earsandeyes.noblogs.org\/wp-json\/wp\/v2\/pages\/1342\/revisions\/2238"}],"wp:attachment":[{"href":"https:\/\/earsandeyes.noblogs.org\/wp-json\/wp\/v2\/media?parent=1342"}],"curies":[{"name":"wp","href":"https:\/\/api.w.org\/{rel}","templated":true}]}}