{"id":1339,"date":"2019-11-07T10:45:37","date_gmt":"2019-11-07T09:45:37","guid":{"rendered":"https:\/\/earsandeyes.noblogs.org\/?page_id=1339"},"modified":"2021-03-26T07:54:51","modified_gmt":"2021-03-26T06:54:51","slug":"shield-security","status":"publish","type":"page","link":"https:\/\/earsandeyes.noblogs.org\/fr\/shield-security\/","title":{"rendered":"Shield Security"},"content":{"rendered":"<p><strong>Site officiel<\/strong> : <a href=\"http:\/\/shieldsecurity.org\">shieldsecurity.org<\/a><br \/>\n<strong>Adresse \u00e0 Londres<\/strong> : Suite LP4981, 20-22 Wenlock Road, London, N1 7GU, Royaume-Uni<br \/>\n<strong>Adresse \u00e0 B\u00e9lize<\/strong> : 99 Albert Street, Belize City, Belize CA<br \/>\n<strong>T\u00e9l\u00e9phone<\/strong> : +44 207 608 5510<br \/>\n<strong>Fax<\/strong> : +44 870 838 6561<br \/>\n<strong>Email<\/strong> : p.adams@shieldsecurity.org<\/p>\n<p><strong>Statut l\u00e9gal<\/strong> : Entreprise britannique.<br \/>\n<strong>Clients<\/strong> : Agences du maintien de l&rsquo;ordre (d&rsquo;apr\u00e8s leur site web).<br \/>\n<strong>Produits<\/strong> : Dispositifs de surveillance audio, vid\u00e9o, et par localisation , d&rsquo;apr\u00e8s une <a href=\"http:\/\/shieldsecurity.org\/solutions\/\">page de leur site web<\/a>. Leur site web ne donne pas beaucoup d&rsquo;informations \u00e0 propos de leurs produits.<\/p>\n","protected":false},"excerpt":{"rendered":"<p>Site officiel : shieldsecurity.org Adresse \u00e0 Londres : Suite LP4981, 20-22 Wenlock Road, London, N1 7GU, Royaume-Uni Adresse \u00e0 B\u00e9lize : 99 Albert Street, Belize City, Belize CA T\u00e9l\u00e9phone : +44 207 608 5510 Fax : +44 870 838 6561 &hellip; <a href=\"https:\/\/earsandeyes.noblogs.org\/fr\/shield-security\/\">Continuer la lecture <span class=\"meta-nav\">&rarr;<\/span><\/a><\/p>\n","protected":false},"author":13290,"featured_media":0,"parent":0,"menu_order":0,"comment_status":"closed","ping_status":"closed","template":"","meta":{"_locale":"fr_FR","_original_post":"883","footnotes":""},"class_list":["post-1339","page","type-page","status-publish","hentry","fr-FR"],"_links":{"self":[{"href":"https:\/\/earsandeyes.noblogs.org\/wp-json\/wp\/v2\/pages\/1339","targetHints":{"allow":["GET"]}}],"collection":[{"href":"https:\/\/earsandeyes.noblogs.org\/wp-json\/wp\/v2\/pages"}],"about":[{"href":"https:\/\/earsandeyes.noblogs.org\/wp-json\/wp\/v2\/types\/page"}],"author":[{"embeddable":true,"href":"https:\/\/earsandeyes.noblogs.org\/wp-json\/wp\/v2\/users\/13290"}],"replies":[{"embeddable":true,"href":"https:\/\/earsandeyes.noblogs.org\/wp-json\/wp\/v2\/comments?post=1339"}],"version-history":[{"count":2,"href":"https:\/\/earsandeyes.noblogs.org\/wp-json\/wp\/v2\/pages\/1339\/revisions"}],"predecessor-version":[{"id":2236,"href":"https:\/\/earsandeyes.noblogs.org\/wp-json\/wp\/v2\/pages\/1339\/revisions\/2236"}],"wp:attachment":[{"href":"https:\/\/earsandeyes.noblogs.org\/wp-json\/wp\/v2\/media?parent=1339"}],"curies":[{"name":"wp","href":"https:\/\/api.w.org\/{rel}","templated":true}]}}