{"id":1336,"date":"2019-11-07T10:45:38","date_gmt":"2019-11-07T09:45:38","guid":{"rendered":"https:\/\/earsandeyes.noblogs.org\/?page_id=1336"},"modified":"2019-11-07T10:45:38","modified_gmt":"2019-11-07T09:45:38","slug":"shahzad-gul-enterprises","status":"publish","type":"page","link":"https:\/\/earsandeyes.noblogs.org\/fr\/shahzad-gul-enterprises\/","title":{"rendered":"Shahzad Gul Enterprises"},"content":{"rendered":"<p><strong>Site officiel<\/strong> : <a href=\"https:\/\/shahzadgul.com\">shahzadgul.com<\/a><br \/>\n<strong>Adresse \u00e0 Lahore<\/strong> : Evernew Group Division, Evernew Mansion, 2-Abbot Road, Lahore-54000, Pakistan<br \/>\n<strong>Adresse \u00e0 Karachi<\/strong> : 15- Sir Jehangir Kothari Mansion, Inverarity Road, Karachi<br \/>\n<strong>Adresse \u00e0 Islamabad<\/strong> : F-4, 1st Floor Sardar Arcade, G-11 Markaz, Islamabad<\/p>\n<p><strong>Statut l\u00e9gal<\/strong> : Entreprise bas\u00e9e au Pakistan fond\u00e9e en 2000. L&rsquo;entreprise est une filliale de Evernew Group, une importante entreprise de divertissement au Pakistan.<br \/>\n<strong>Clients<\/strong> : Agences du maintien de l&rsquo;ordre et le gouvernement du Pakistan, d&rsquo;apr\u00e8s leur <a href=\"http:\/\/shahzadgul.com\/Company_Profile_SG.pdf\">catalogue de 2015<\/a> disponible sur leur site web.<br \/>\n<strong>Produits<\/strong> : Syst\u00e8mes de surveillance audio, vid\u00e9o, et par localisation. Leur catalogue de 2015 est disponible sur leur site web. D&rsquo;apr\u00e8s leur site web et leur catalogue de 2015, l&rsquo;entreprise commercialise au Pakistan des syst\u00e8mes de surveillance d\u00e9velopp\u00e9s par d&rsquo;autres entreprises, dont <a href=\"https:\/\/earsandeyes.noblogs.org\/fr\/audiotel-international\">Audiotel International<\/a>, <a href=\"https:\/\/earsandeyes.noblogs.org\/fr\/domo-tactical-communications\">Domo Tactical Communications<\/a>, <a href=\"https:\/\/earsandeyes.noblogs.org\/fr\/pki-electronic-intelligence\">PKI Electronic Intelligence<\/a> et <a href=\"https:\/\/earsandeyes.noblogs.org\/fr\/spectradome\">Spectradome<\/a>.<\/p>\n","protected":false},"excerpt":{"rendered":"<p>Site officiel : shahzadgul.com Adresse \u00e0 Lahore : Evernew Group Division, Evernew Mansion, 2-Abbot Road, Lahore-54000, Pakistan Adresse \u00e0 Karachi : 15- Sir Jehangir Kothari Mansion, Inverarity Road, Karachi Adresse \u00e0 Islamabad : F-4, 1st Floor Sardar Arcade, G-11 Markaz, &hellip; <a href=\"https:\/\/earsandeyes.noblogs.org\/fr\/shahzad-gul-enterprises\/\">Continuer la lecture <span class=\"meta-nav\">&rarr;<\/span><\/a><\/p>\n","protected":false},"author":13290,"featured_media":0,"parent":0,"menu_order":0,"comment_status":"closed","ping_status":"closed","template":"","meta":{"_locale":"fr_FR","_original_post":"359","footnotes":""},"class_list":["post-1336","page","type-page","status-publish","hentry","fr-FR"],"_links":{"self":[{"href":"https:\/\/earsandeyes.noblogs.org\/wp-json\/wp\/v2\/pages\/1336","targetHints":{"allow":["GET"]}}],"collection":[{"href":"https:\/\/earsandeyes.noblogs.org\/wp-json\/wp\/v2\/pages"}],"about":[{"href":"https:\/\/earsandeyes.noblogs.org\/wp-json\/wp\/v2\/types\/page"}],"author":[{"embeddable":true,"href":"https:\/\/earsandeyes.noblogs.org\/wp-json\/wp\/v2\/users\/13290"}],"replies":[{"embeddable":true,"href":"https:\/\/earsandeyes.noblogs.org\/wp-json\/wp\/v2\/comments?post=1336"}],"version-history":[{"count":1,"href":"https:\/\/earsandeyes.noblogs.org\/wp-json\/wp\/v2\/pages\/1336\/revisions"}],"predecessor-version":[{"id":1337,"href":"https:\/\/earsandeyes.noblogs.org\/wp-json\/wp\/v2\/pages\/1336\/revisions\/1337"}],"wp:attachment":[{"href":"https:\/\/earsandeyes.noblogs.org\/wp-json\/wp\/v2\/media?parent=1336"}],"curies":[{"name":"wp","href":"https:\/\/api.w.org\/{rel}","templated":true}]}}