{"id":1334,"date":"2019-11-07T10:45:38","date_gmt":"2019-11-07T09:45:38","guid":{"rendered":"https:\/\/earsandeyes.noblogs.org\/?page_id=1334"},"modified":"2021-03-26T07:54:42","modified_gmt":"2021-03-26T06:54:42","slug":"seven-technologies-group","status":"publish","type":"page","link":"https:\/\/earsandeyes.noblogs.org\/fr\/seven-technologies-group\/","title":{"rendered":"Seven Technologies Group"},"content":{"rendered":"<p><em>Cette entreprise est \u00e9galement list\u00e9e sur : Bugged Planet (<a href=\"https:\/\/buggedplanet.info\/index.php?title=DATONG\">Datong<\/a>)<br \/>\n<\/em><\/p>\n<p><strong>Site officiel<\/strong> : <a href=\"https:\/\/7techgroup.com\">7techgroup.com<\/a><br \/>\n<strong>Adresse \u00e0 Leeds<\/strong> : (en 2017, d&rsquo;apr\u00e8s <a href=\"https:\/\/web.archive.org\/web\/20170705044742\/https:\/\/7techgroup.com\/contact-us\/\">une page archiv\u00e9e<\/a>) 1 Low Hall Business Park, Horsforth, Leeds, LS18 4EG<br \/>\n<strong>Adresse \u00e0 Lisburn<\/strong> : (en 2017, d&rsquo;apr\u00e8s <a href=\"https:\/\/web.archive.org\/web\/20170705044742\/https:\/\/7techgroup.com\/contact-us\/\">une page archiv\u00e9e<\/a>) 23-25 Crescent Business Park, Lisburn, Northern Ireland, BT28 2GN<br \/>\n<strong>Adresse \u00e0 Londres<\/strong> : (en 2017, d&rsquo;apr\u00e8s <a href=\"https:\/\/web.archive.org\/web\/20170705044742\/https:\/\/7techgroup.com\/contact-us\/\">une page archiv\u00e9e<\/a>) Ashby House, Swan Street, Old Isleworth, Middlesex, TW7 6RJ<\/p>\n<p><strong>Statut l\u00e9gal<\/strong> : Entreprise britannique form\u00e9e en 2013 en combinant deux entreprises, Seven Technologies et Datong. L&rsquo;entreprise est bas\u00e9e au Royaume-Uni mais est active partout dans le monde.<br \/>\n<strong>Clients<\/strong> : Agences du maintien de l&rsquo;ordre et organisations militaires (d&rsquo;apr\u00e8s leur site web). Il semble que leurs dispositifs de surveillance par localisation aient \u00e9t\u00e9 utilis\u00e9s par les services de renseignement fran\u00e7ais au milieu des ann\u00e9es 2000, d&rsquo;apr\u00e8s un <a href=\"https:\/\/earsandeyes.noblogs.org\/post\/2019\/03\/12\/internal-document-french-intelligence-services\">document interne des services de renseignement fran\u00e7ais qui a fuit\u00e9<\/a>.<br \/>\n<strong>Produits<\/strong> : Syst\u00e8mes de surveillance vid\u00e9o et par localisation (d&rsquo;apr\u00e8s leur site web).<\/p>\n","protected":false},"excerpt":{"rendered":"<p>Cette entreprise est \u00e9galement list\u00e9e sur : Bugged Planet (Datong) Site officiel : 7techgroup.com Adresse \u00e0 Leeds : (en 2017, d&rsquo;apr\u00e8s une page archiv\u00e9e) 1 Low Hall Business Park, Horsforth, Leeds, LS18 4EG Adresse \u00e0 Lisburn : (en 2017, d&rsquo;apr\u00e8s &hellip; <a href=\"https:\/\/earsandeyes.noblogs.org\/fr\/seven-technologies-group\/\">Continuer la lecture <span class=\"meta-nav\">&rarr;<\/span><\/a><\/p>\n","protected":false},"author":13290,"featured_media":0,"parent":0,"menu_order":0,"comment_status":"closed","ping_status":"closed","template":"","meta":{"_locale":"fr_FR","_original_post":"381","footnotes":""},"class_list":["post-1334","page","type-page","status-publish","hentry","fr-FR"],"_links":{"self":[{"href":"https:\/\/earsandeyes.noblogs.org\/wp-json\/wp\/v2\/pages\/1334","targetHints":{"allow":["GET"]}}],"collection":[{"href":"https:\/\/earsandeyes.noblogs.org\/wp-json\/wp\/v2\/pages"}],"about":[{"href":"https:\/\/earsandeyes.noblogs.org\/wp-json\/wp\/v2\/types\/page"}],"author":[{"embeddable":true,"href":"https:\/\/earsandeyes.noblogs.org\/wp-json\/wp\/v2\/users\/13290"}],"replies":[{"embeddable":true,"href":"https:\/\/earsandeyes.noblogs.org\/wp-json\/wp\/v2\/comments?post=1334"}],"version-history":[{"count":4,"href":"https:\/\/earsandeyes.noblogs.org\/wp-json\/wp\/v2\/pages\/1334\/revisions"}],"predecessor-version":[{"id":2234,"href":"https:\/\/earsandeyes.noblogs.org\/wp-json\/wp\/v2\/pages\/1334\/revisions\/2234"}],"wp:attachment":[{"href":"https:\/\/earsandeyes.noblogs.org\/wp-json\/wp\/v2\/media?parent=1334"}],"curies":[{"name":"wp","href":"https:\/\/api.w.org\/{rel}","templated":true}]}}