{"id":1330,"date":"2019-11-07T10:45:38","date_gmt":"2019-11-07T09:45:38","guid":{"rendered":"https:\/\/earsandeyes.noblogs.org\/?page_id=1330"},"modified":"2021-03-26T07:54:25","modified_gmt":"2021-03-26T06:54:25","slug":"set-1","status":"publish","type":"page","link":"https:\/\/earsandeyes.noblogs.org\/fr\/set-1\/","title":{"rendered":"SET-1"},"content":{"rendered":"<p><strong>Site officiel<\/strong> : <a href=\"https:\/\/en.set-1.ru\">en.set-1.ru<\/a><br \/>\n<strong>Adresse<\/strong> : 2-ya Khutorskaya Str., 38A-1, office 614, Moscow, 127287, Russie<br \/>\n<strong>T\u00e9l\u00e9phone<\/strong> : +7 (495) 223-22-05<br \/>\n<strong>Email<\/strong> : set@set-1.ru, info@set-1.ru<\/p>\n<p><strong>Statut l\u00e9gal<\/strong> : Entreprise russe fond\u00e9e en 1992.<br \/>\n<strong>Clients<\/strong> : Agences du maintien de l&rsquo;ordre. D&rsquo;apr\u00e8s la page <a href=\"https:\/\/en.set-1.ru\/about\/\">\u00ab\u00a0\u00e0 propos\u00a0\u00bb<\/a> de leur site web, \u00ab\u00a0[leurs] principaux clients sont des agences du maintien de l&rsquo;ordre (\u00ab\u00a0[their] primary customers are law enforcement agencies\u00a0\u00bb) et \u00ab\u00a0l&rsquo;entreprise est accr\u00e9dit\u00e9e pour la fabrication d&rsquo;armes et de produits militaires par le service f\u00e9d\u00e9ral de s\u00e9curit\u00e9 et le minist\u00e8re de l&rsquo;industrie et du commerce de la F\u00e9d\u00e9ration de Russie (\u00ab\u00a0the company is licensed to manufacture weapons and military products by the Federal Security Bureau (FSB) and by the Ministry of Industry and Trade of the Russian Federation\u00a0\u00bb).<br \/>\n<strong>Produits<\/strong> : Syst\u00e8mes de surveillance audio et vid\u00e9o, d&rsquo;apr\u00e8s leur page <a href=\"https:\/\/en.set-1.ru\/about\/\">\u00ab\u00a0\u00e0 propos\u00a0\u00bb<\/a>. Leur site web ne liste pas leurs produits de surveillance con\u00e7us pour \u00eatre cach\u00e9s. L&rsquo;entreprise travaille avec l&rsquo;entreprise <a href=\"https:\/\/earsandeyes.noblogs.org\/fr\/ammertex\">Ammertex<\/a> bas\u00e9e \u00e0 Singapour, comme nous le montrons sur notre page d\u00e9di\u00e9e \u00e0 Ammertex.<\/p>\n<p>Un <a href=\"https:\/\/earsandeyes.noblogs.org\/files\/2019\/10\/ERII-2013-conference-presentation.pdf\">document de pr\u00e9sentation<\/a> utilis\u00e9 par l&rsquo;entreprise fran\u00e7aise <a href=\"https:\/\/earsandeyes.noblogs.org\/fr\/ljm-tech-support\">LJM Tech Support<\/a> lors de la conf\u00e9rence de 2013 de l&rsquo;Espionage Research Institute International (ERII) d\u00e9crit aux pages 3-15 un syst\u00e8me de surveillance audio commercialis\u00e9 par SET-1 qui inclut un transmetteur audio destin\u00e9 \u00e0 \u00eatre cach\u00e9.<\/p>\n","protected":false},"excerpt":{"rendered":"<p>Site officiel : en.set-1.ru Adresse : 2-ya Khutorskaya Str., 38A-1, office 614, Moscow, 127287, Russie T\u00e9l\u00e9phone : +7 (495) 223-22-05 Email : set@set-1.ru, info@set-1.ru Statut l\u00e9gal : Entreprise russe fond\u00e9e en 1992. Clients : Agences du maintien de l&rsquo;ordre. D&rsquo;apr\u00e8s &hellip; <a href=\"https:\/\/earsandeyes.noblogs.org\/fr\/set-1\/\">Continuer la lecture <span class=\"meta-nav\">&rarr;<\/span><\/a><\/p>\n","protected":false},"author":13290,"featured_media":0,"parent":0,"menu_order":0,"comment_status":"closed","ping_status":"closed","template":"","meta":{"_locale":"fr_FR","_original_post":"810","footnotes":""},"class_list":["post-1330","page","type-page","status-publish","hentry","fr-FR"],"_links":{"self":[{"href":"https:\/\/earsandeyes.noblogs.org\/wp-json\/wp\/v2\/pages\/1330","targetHints":{"allow":["GET"]}}],"collection":[{"href":"https:\/\/earsandeyes.noblogs.org\/wp-json\/wp\/v2\/pages"}],"about":[{"href":"https:\/\/earsandeyes.noblogs.org\/wp-json\/wp\/v2\/types\/page"}],"author":[{"embeddable":true,"href":"https:\/\/earsandeyes.noblogs.org\/wp-json\/wp\/v2\/users\/13290"}],"replies":[{"embeddable":true,"href":"https:\/\/earsandeyes.noblogs.org\/wp-json\/wp\/v2\/comments?post=1330"}],"version-history":[{"count":6,"href":"https:\/\/earsandeyes.noblogs.org\/wp-json\/wp\/v2\/pages\/1330\/revisions"}],"predecessor-version":[{"id":2232,"href":"https:\/\/earsandeyes.noblogs.org\/wp-json\/wp\/v2\/pages\/1330\/revisions\/2232"}],"wp:attachment":[{"href":"https:\/\/earsandeyes.noblogs.org\/wp-json\/wp\/v2\/media?parent=1330"}],"curies":[{"name":"wp","href":"https:\/\/api.w.org\/{rel}","templated":true}]}}