{"id":1325,"date":"2019-11-07T10:45:38","date_gmt":"2019-11-07T09:45:38","guid":{"rendered":"https:\/\/earsandeyes.noblogs.org\/?page_id=1325"},"modified":"2021-03-26T07:53:57","modified_gmt":"2021-03-26T06:53:57","slug":"seartech","status":"publish","type":"page","link":"https:\/\/earsandeyes.noblogs.org\/fr\/seartech\/","title":{"rendered":"Seartech"},"content":{"rendered":"<p><em>Cette entreprise est \u00e9galement list\u00e9e sur : <a href=\"https:\/\/buggedplanet.info\/index.php?title=SEARTECH\">Bugged Planet<\/a><\/em><\/p>\n<p><strong>Site officiel<\/strong> : <a href=\"http:\/\/seartech.co.za\">seartech.co.za<\/a><br \/>\n<strong>Adresse<\/strong> : 401 Roslyn Avenue, Waterkloof Glen, Pretoria, 0181, Afrique du Sud<br \/>\n<strong>T\u00e9l\u00e9phone<\/strong> : +27 12 998 8078 \/ 8519<br \/>\n<strong>Email<\/strong> : sales@seartech.co.za, rikus@seartech.co.za<\/p>\n<p><strong>Statut l\u00e9gal<\/strong> : Entreprise d&rsquo;Afrique du Sud.<br \/>\n<strong>Clients<\/strong> : Agences du maintien de l&rsquo;ordre et organisations militaires (d&rsquo;apr\u00e8s leur site web).<br \/>\n<strong>Produits<\/strong> : \u00c9quipement de surveillance audio. Trois documents des Spy Files (un grand ensemble de documents divulgu\u00e9s par Wikileaks entre 2011 et 2014) dat\u00e9s de 2011 d\u00e9crivent les dispositifs de surveillance audio commercialis\u00e9s par l&rsquo;entreprise, <a href=\"https:\/\/www.wikileaks.org\/spyfiles\/files\/0\/157_SEARTECH-NTXR-B-de.pdf\">ici<\/a>, <a href=\"https:\/\/www.wikileaks.org\/spyfiles\/files\/0\/158_SEARTECH-NTXR-H-de.pdf\">ici<\/a> et <a href=\"https:\/\/www.wikileaks.org\/spyfiles\/files\/0\/159_SEARTECH-NTXR-S-de.pdf\">ici<\/a> (en allemand).<\/p>\n","protected":false},"excerpt":{"rendered":"<p>Cette entreprise est \u00e9galement list\u00e9e sur : Bugged Planet Site officiel : seartech.co.za Adresse : 401 Roslyn Avenue, Waterkloof Glen, Pretoria, 0181, Afrique du Sud T\u00e9l\u00e9phone : +27 12 998 8078 \/ 8519 Email : sales@seartech.co.za, rikus@seartech.co.za Statut l\u00e9gal : &hellip; <a href=\"https:\/\/earsandeyes.noblogs.org\/fr\/seartech\/\">Continuer la lecture <span class=\"meta-nav\">&rarr;<\/span><\/a><\/p>\n","protected":false},"author":13290,"featured_media":0,"parent":0,"menu_order":0,"comment_status":"closed","ping_status":"closed","template":"","meta":{"_locale":"fr_FR","_original_post":"354","footnotes":""},"class_list":["post-1325","page","type-page","status-publish","hentry","fr-FR"],"_links":{"self":[{"href":"https:\/\/earsandeyes.noblogs.org\/wp-json\/wp\/v2\/pages\/1325","targetHints":{"allow":["GET"]}}],"collection":[{"href":"https:\/\/earsandeyes.noblogs.org\/wp-json\/wp\/v2\/pages"}],"about":[{"href":"https:\/\/earsandeyes.noblogs.org\/wp-json\/wp\/v2\/types\/page"}],"author":[{"embeddable":true,"href":"https:\/\/earsandeyes.noblogs.org\/wp-json\/wp\/v2\/users\/13290"}],"replies":[{"embeddable":true,"href":"https:\/\/earsandeyes.noblogs.org\/wp-json\/wp\/v2\/comments?post=1325"}],"version-history":[{"count":5,"href":"https:\/\/earsandeyes.noblogs.org\/wp-json\/wp\/v2\/pages\/1325\/revisions"}],"predecessor-version":[{"id":2230,"href":"https:\/\/earsandeyes.noblogs.org\/wp-json\/wp\/v2\/pages\/1325\/revisions\/2230"}],"wp:attachment":[{"href":"https:\/\/earsandeyes.noblogs.org\/wp-json\/wp\/v2\/media?parent=1325"}],"curies":[{"name":"wp","href":"https:\/\/api.w.org\/{rel}","templated":true}]}}