{"id":1323,"date":"2019-11-07T10:45:38","date_gmt":"2019-11-07T09:45:38","guid":{"rendered":"https:\/\/earsandeyes.noblogs.org\/?page_id=1323"},"modified":"2020-11-26T04:35:42","modified_gmt":"2020-11-26T03:35:42","slug":"s-e-g","status":"publish","type":"page","link":"https:\/\/earsandeyes.noblogs.org\/fr\/s-e-g\/","title":{"rendered":"S.E.G."},"content":{"rendered":"<p>Ancienne entreprise bas\u00e9e aux \u00c9tats-Unis qui commercialisait des syst\u00e8mes de surveillance audio et vid\u00e9o. Leurs clients incluaient des agences gouvernementales et de maintien de l&rsquo;ordre. L&rsquo;entreprise distribuait aux \u00c9tats-Unis des produits commercialis\u00e9s par d&rsquo;autres entreprises, dont <a href=\"https:\/\/earsandeyes.noblogs.org\/fr\/acustek\">Acustek<\/a>.<\/p>\n","protected":false},"excerpt":{"rendered":"<p>Ancienne entreprise bas\u00e9e aux \u00c9tats-Unis qui commercialisait des syst\u00e8mes de surveillance audio et vid\u00e9o. Leurs clients incluaient des agences gouvernementales et de maintien de l&rsquo;ordre. L&rsquo;entreprise distribuait aux \u00c9tats-Unis des produits commercialis\u00e9s par d&rsquo;autres entreprises, dont Acustek.<\/p>\n","protected":false},"author":13290,"featured_media":0,"parent":0,"menu_order":0,"comment_status":"closed","ping_status":"closed","template":"","meta":{"_locale":"fr_FR","_original_post":"620","footnotes":""},"class_list":["post-1323","page","type-page","status-publish","hentry","fr-FR"],"_links":{"self":[{"href":"https:\/\/earsandeyes.noblogs.org\/wp-json\/wp\/v2\/pages\/1323","targetHints":{"allow":["GET"]}}],"collection":[{"href":"https:\/\/earsandeyes.noblogs.org\/wp-json\/wp\/v2\/pages"}],"about":[{"href":"https:\/\/earsandeyes.noblogs.org\/wp-json\/wp\/v2\/types\/page"}],"author":[{"embeddable":true,"href":"https:\/\/earsandeyes.noblogs.org\/wp-json\/wp\/v2\/users\/13290"}],"replies":[{"embeddable":true,"href":"https:\/\/earsandeyes.noblogs.org\/wp-json\/wp\/v2\/comments?post=1323"}],"version-history":[{"count":3,"href":"https:\/\/earsandeyes.noblogs.org\/wp-json\/wp\/v2\/pages\/1323\/revisions"}],"predecessor-version":[{"id":1887,"href":"https:\/\/earsandeyes.noblogs.org\/wp-json\/wp\/v2\/pages\/1323\/revisions\/1887"}],"wp:attachment":[{"href":"https:\/\/earsandeyes.noblogs.org\/wp-json\/wp\/v2\/media?parent=1323"}],"curies":[{"name":"wp","href":"https:\/\/api.w.org\/{rel}","templated":true}]}}