{"id":1319,"date":"2019-11-07T10:45:38","date_gmt":"2019-11-07T09:45:38","guid":{"rendered":"https:\/\/earsandeyes.noblogs.org\/?page_id=1319"},"modified":"2019-11-07T10:45:38","modified_gmt":"2019-11-07T09:45:38","slug":"reconyx","status":"publish","type":"page","link":"https:\/\/earsandeyes.noblogs.org\/fr\/reconyx\/","title":{"rendered":"RECONYX"},"content":{"rendered":"<p><strong>Site officiel<\/strong> : <a href=\"https:\/\/www.reconyx.com\">reconyx.com<\/a><br \/>\n<strong>Adresse<\/strong> : 3828 Creekside Ln, Ste 2, Holmen, WI 54636, \u00c9tats-Unis<br \/>\n<strong>T\u00e9l\u00e9phone<\/strong> : 608.781.6064<br \/>\n<strong>Fax<\/strong> : 608.779.1344<br \/>\n<strong>Email<\/strong> : info@reconyx.com, support@reconyx.com<\/p>\n<p><strong>Statut l\u00e9gal<\/strong> : Entreprise bas\u00e9e aux \u00c9tats-Unis, fond\u00e9e en 2002.<br \/>\n<strong>Clients<\/strong> : Agences du maintien de l&rsquo;ordre (d&rsquo;apr\u00e8s leur site web).<br \/>\n<strong>Produits<\/strong> : Dispositifs de surveillance vid\u00e9o. Une <a href=\"https:\/\/www.reconyx.com\/product\/security_series\">page de leur site web<\/a> liste les dispositifs de surveillance vid\u00e9o commercialis\u00e9s par l&rsquo;entreprise, avec des sp\u00e9cifications techniques et des photos. Leurs cam\u00e9ras sont sp\u00e9cialis\u00e9es dans la reconnaissance des plaques d&rsquo;immatriculation des v\u00e9hicules et dans l&rsquo;utilisation de technologies infrarouge pour \u00ab\u00a0voir dans le noir\u00a0\u00bb.<\/p>\n<p><strong>Dispositifs retrouv\u00e9s<\/strong> : Une cam\u00e9ra RECONYX a \u00e9t\u00e9 <a href=\"https:\/\/earsandeyes.noblogs.org\/fr\/post\/2018\/12\/10\/cameras-surveillance-exterieures-journee-de-soutien\/\">retrouv\u00e9e en septembre 2018<\/a> en France, lors d&rsquo;un \u00e9v\u00e8nement organis\u00e9 en soutien \u00e0 une lutte contre un projet de centre d&rsquo;enfouissement de d\u00e9chets radioactifs. La cam\u00e9ra \u00e9tait cach\u00e9e dehors, attach\u00e9e au tronc d&rsquo;un arbre le long d&rsquo;un chemin menant au lieu de l&rsquo;\u00e9v\u00e8nement. Elle a probablement \u00e9t\u00e9 plac\u00e9e par des flics fran\u00e7ais.<\/p>\n","protected":false},"excerpt":{"rendered":"<p>Site officiel : reconyx.com Adresse : 3828 Creekside Ln, Ste 2, Holmen, WI 54636, \u00c9tats-Unis T\u00e9l\u00e9phone : 608.781.6064 Fax : 608.779.1344 Email : info@reconyx.com, support@reconyx.com Statut l\u00e9gal : Entreprise bas\u00e9e aux \u00c9tats-Unis, fond\u00e9e en 2002. Clients : Agences du maintien &hellip; <a href=\"https:\/\/earsandeyes.noblogs.org\/fr\/reconyx\/\">Continuer la lecture <span class=\"meta-nav\">&rarr;<\/span><\/a><\/p>\n","protected":false},"author":13290,"featured_media":0,"parent":0,"menu_order":0,"comment_status":"closed","ping_status":"closed","template":"","meta":{"_locale":"fr_FR","_original_post":"610","footnotes":""},"class_list":["post-1319","page","type-page","status-publish","hentry","fr-FR"],"_links":{"self":[{"href":"https:\/\/earsandeyes.noblogs.org\/wp-json\/wp\/v2\/pages\/1319","targetHints":{"allow":["GET"]}}],"collection":[{"href":"https:\/\/earsandeyes.noblogs.org\/wp-json\/wp\/v2\/pages"}],"about":[{"href":"https:\/\/earsandeyes.noblogs.org\/wp-json\/wp\/v2\/types\/page"}],"author":[{"embeddable":true,"href":"https:\/\/earsandeyes.noblogs.org\/wp-json\/wp\/v2\/users\/13290"}],"replies":[{"embeddable":true,"href":"https:\/\/earsandeyes.noblogs.org\/wp-json\/wp\/v2\/comments?post=1319"}],"version-history":[{"count":1,"href":"https:\/\/earsandeyes.noblogs.org\/wp-json\/wp\/v2\/pages\/1319\/revisions"}],"predecessor-version":[{"id":1320,"href":"https:\/\/earsandeyes.noblogs.org\/wp-json\/wp\/v2\/pages\/1319\/revisions\/1320"}],"wp:attachment":[{"href":"https:\/\/earsandeyes.noblogs.org\/wp-json\/wp\/v2\/media?parent=1319"}],"curies":[{"name":"wp","href":"https:\/\/api.w.org\/{rel}","templated":true}]}}