{"id":1316,"date":"2019-11-07T10:45:38","date_gmt":"2019-11-07T09:45:38","guid":{"rendered":"https:\/\/earsandeyes.noblogs.org\/?page_id=1316"},"modified":"2021-03-26T07:52:57","modified_gmt":"2021-03-26T06:52:57","slug":"qinetiq","status":"publish","type":"page","link":"https:\/\/earsandeyes.noblogs.org\/fr\/qinetiq\/","title":{"rendered":"Qinetiq"},"content":{"rendered":"<p><em>Cette entreprise est \u00e9galement list\u00e9e sur :\u00a0<a href=\"https:\/\/en.wikipedia.org\/wiki\/Qinetiq\">Wikipedia (en)<\/a><\/em><\/p>\n<p><strong>Site officiel<\/strong> : <a href=\"https:\/\/www.qinetiq.com\">qinetiq.com<\/a><br \/>\n<strong>Adresse<\/strong> : <a href=\"https:\/\/www.qinetiq.com\/en\/our-company\/our-locations\">de nombreuses adresses \u00e0 travers le monde<\/a><\/p>\n<p><strong>Statut l\u00e9gal<\/strong> : Entreprise britannique multinationale.<br \/>\n<strong>Clients<\/strong> : Agences gouvernementales et l&rsquo;arm\u00e9e (d&rsquo;apr\u00e8s leur site web).<br \/>\n<strong>Produits<\/strong> : Grande gamme de produits li\u00e9s \u00e0 la s\u00e9curit\u00e9 et \u00e0 la d\u00e9fense, dont des dispositifs de surveillance par localisation. Leur site web ne donne pas beaucoup d&rsquo;informations \u00e0 propos de leurs produits.<\/p>\n<p>Un document disponible d\u00e9crit un dispositif de surveillance par localisation commercialis\u00e9 par l&rsquo;entreprise appel\u00e9 <a href=\"https:\/\/assets.documentcloud.org\/documents\/711315\/brochure500.pdf\">Ocellus S100<\/a>.<\/p>\n","protected":false},"excerpt":{"rendered":"<p>Cette entreprise est \u00e9galement list\u00e9e sur :\u00a0Wikipedia (en) Site officiel : qinetiq.com Adresse : de nombreuses adresses \u00e0 travers le monde Statut l\u00e9gal : Entreprise britannique multinationale. Clients : Agences gouvernementales et l&rsquo;arm\u00e9e (d&rsquo;apr\u00e8s leur site web). Produits : Grande &hellip; <a href=\"https:\/\/earsandeyes.noblogs.org\/fr\/qinetiq\/\">Continuer la lecture <span class=\"meta-nav\">&rarr;<\/span><\/a><\/p>\n","protected":false},"author":13290,"featured_media":0,"parent":0,"menu_order":0,"comment_status":"closed","ping_status":"closed","template":"","meta":{"_locale":"fr_FR","_original_post":"886","footnotes":""},"class_list":["post-1316","page","type-page","status-publish","hentry","fr-FR"],"_links":{"self":[{"href":"https:\/\/earsandeyes.noblogs.org\/wp-json\/wp\/v2\/pages\/1316","targetHints":{"allow":["GET"]}}],"collection":[{"href":"https:\/\/earsandeyes.noblogs.org\/wp-json\/wp\/v2\/pages"}],"about":[{"href":"https:\/\/earsandeyes.noblogs.org\/wp-json\/wp\/v2\/types\/page"}],"author":[{"embeddable":true,"href":"https:\/\/earsandeyes.noblogs.org\/wp-json\/wp\/v2\/users\/13290"}],"replies":[{"embeddable":true,"href":"https:\/\/earsandeyes.noblogs.org\/wp-json\/wp\/v2\/comments?post=1316"}],"version-history":[{"count":3,"href":"https:\/\/earsandeyes.noblogs.org\/wp-json\/wp\/v2\/pages\/1316\/revisions"}],"predecessor-version":[{"id":2228,"href":"https:\/\/earsandeyes.noblogs.org\/wp-json\/wp\/v2\/pages\/1316\/revisions\/2228"}],"wp:attachment":[{"href":"https:\/\/earsandeyes.noblogs.org\/wp-json\/wp\/v2\/media?parent=1316"}],"curies":[{"name":"wp","href":"https:\/\/api.w.org\/{rel}","templated":true}]}}