{"id":1312,"date":"2019-11-07T10:45:38","date_gmt":"2019-11-07T09:45:38","guid":{"rendered":"https:\/\/earsandeyes.noblogs.org\/?page_id=1312"},"modified":"2021-03-26T07:52:41","modified_gmt":"2021-03-26T06:52:41","slug":"providence-itf","status":"publish","type":"page","link":"https:\/\/earsandeyes.noblogs.org\/fr\/providence-itf\/","title":{"rendered":"Providence ITF"},"content":{"rendered":"<p><strong>Site officiel<\/strong> : <a href=\"http:\/\/www.providenceitf.com\">providenceitf.com<\/a><br \/>\n<strong>Adresse<\/strong> : 1 Upper Barn, Grange Farm, Harewood Park Estate, Harewood End, HR2 8JS, Royaume-Uni<br \/>\n<strong>T\u00e9l\u00e9phone<\/strong> : +44 (0) 1989 730 740<br \/>\n<strong>Fax<\/strong> : +44 (0) 1989 550 401<br \/>\n<strong>Email<\/strong> : administration@providenceitf.com<\/p>\n<p><strong>Statut l\u00e9gal<\/strong> : Entreprise britannique enregistr\u00e9e sous le nom de Providence Global ITF.<br \/>\n<strong>Clients<\/strong> : Agences du maintien de l&rsquo;ordre, gouvernements et l&rsquo;arm\u00e9e (d&rsquo;apr\u00e8s leur site web).<br \/>\n<strong>Produits<\/strong> : Syst\u00e8mes de surveillance audio, vid\u00e9o et par localisation (d&rsquo;apr\u00e8s leur site web). Leur site web ne donne aucun d\u00e9tail \u00e0 propos des produits commercialis\u00e9s par l&rsquo;entreprise.<\/p>\n","protected":false},"excerpt":{"rendered":"<p>Site officiel : providenceitf.com Adresse : 1 Upper Barn, Grange Farm, Harewood Park Estate, Harewood End, HR2 8JS, Royaume-Uni T\u00e9l\u00e9phone : +44 (0) 1989 730 740 Fax : +44 (0) 1989 550 401 Email : administration@providenceitf.com Statut l\u00e9gal : Entreprise &hellip; <a href=\"https:\/\/earsandeyes.noblogs.org\/fr\/providence-itf\/\">Continuer la lecture <span class=\"meta-nav\">&rarr;<\/span><\/a><\/p>\n","protected":false},"author":13290,"featured_media":0,"parent":0,"menu_order":0,"comment_status":"closed","ping_status":"closed","template":"","meta":{"_locale":"fr_FR","_original_post":"578","footnotes":""},"class_list":["post-1312","page","type-page","status-publish","hentry","fr-FR"],"_links":{"self":[{"href":"https:\/\/earsandeyes.noblogs.org\/wp-json\/wp\/v2\/pages\/1312","targetHints":{"allow":["GET"]}}],"collection":[{"href":"https:\/\/earsandeyes.noblogs.org\/wp-json\/wp\/v2\/pages"}],"about":[{"href":"https:\/\/earsandeyes.noblogs.org\/wp-json\/wp\/v2\/types\/page"}],"author":[{"embeddable":true,"href":"https:\/\/earsandeyes.noblogs.org\/wp-json\/wp\/v2\/users\/13290"}],"replies":[{"embeddable":true,"href":"https:\/\/earsandeyes.noblogs.org\/wp-json\/wp\/v2\/comments?post=1312"}],"version-history":[{"count":3,"href":"https:\/\/earsandeyes.noblogs.org\/wp-json\/wp\/v2\/pages\/1312\/revisions"}],"predecessor-version":[{"id":2226,"href":"https:\/\/earsandeyes.noblogs.org\/wp-json\/wp\/v2\/pages\/1312\/revisions\/2226"}],"wp:attachment":[{"href":"https:\/\/earsandeyes.noblogs.org\/wp-json\/wp\/v2\/media?parent=1312"}],"curies":[{"name":"wp","href":"https:\/\/api.w.org\/{rel}","templated":true}]}}