{"id":1307,"date":"2019-11-07T10:45:38","date_gmt":"2019-11-07T09:45:38","guid":{"rendered":"https:\/\/earsandeyes.noblogs.org\/?page_id=1307"},"modified":"2019-11-07T10:45:38","modified_gmt":"2019-11-07T09:45:38","slug":"pro4tech","status":"publish","type":"page","link":"https:\/\/earsandeyes.noblogs.org\/fr\/pro4tech\/","title":{"rendered":"Pro4Tech"},"content":{"rendered":"<p><strong>Site officiel<\/strong> : <a href=\"https:\/\/www.pro4tech.com\">pro4tech.com<\/a><br \/>\n<strong>Adresse<\/strong> : Pro4tech Ltd., Shalom Meir Tower, 9 Ahad Ha&rsquo;am St. Tel Aviv, Isra\u00ebl<br \/>\n<strong>T\u00e9l\u00e9phone<\/strong> : +972 3 6819966<br \/>\n<strong>Fax<\/strong> : +972 3 6997704<br \/>\n<strong>Email<\/strong> : info@pro4tech.com<\/p>\n<p><strong>Statut l\u00e9gal<\/strong> : Entreprise bas\u00e9e en Isra\u00ebl.<br \/>\n<strong>Clients<\/strong> : Agences du maintien de l&rsquo;ordre et gouvernements (d&rsquo;apr\u00e8s leur site web).<br \/>\n<strong>Produits<\/strong> : Dispositifs de surveillance audio et vid\u00e9o. D&rsquo;apr\u00e8s un <a href=\"https:\/\/phys.org\/news\/2015-06-hidden-cameras-invisibility-cloaks-israeli.html\">article de 2015<\/a>, l&rsquo;entreprise commercialise \u00ab\u00a0des mini-cam\u00e9ras qui prennent des vid\u00e9os, des photos et enregistrent le son et sont cach\u00e9es dans des objets ordinaires comme un faux arroseur, une fausse canette de soda, un vrai stylo, une cravate, et une tasse de caf\u00e9 dot\u00e9e d&rsquo;un compartiment pour le caf\u00e9 chaud\u00a0\u00bb (\u00ab\u00a0mini-cameras that shoot video, take photos and record audio that are hidden inside ordinary-looking objects, like a fake sprinkler, a fake soda can, a real pen, a necktie, and a coffee cup that contains a compartment for hot coffee\u00a0\u00bb).<\/p>\n","protected":false},"excerpt":{"rendered":"<p>Site officiel : pro4tech.com Adresse : Pro4tech Ltd., Shalom Meir Tower, 9 Ahad Ha&rsquo;am St. Tel Aviv, Isra\u00ebl T\u00e9l\u00e9phone : +972 3 6819966 Fax : +972 3 6997704 Email : info@pro4tech.com Statut l\u00e9gal : Entreprise bas\u00e9e en Isra\u00ebl. Clients : &hellip; <a href=\"https:\/\/earsandeyes.noblogs.org\/fr\/pro4tech\/\">Continuer la lecture <span class=\"meta-nav\">&rarr;<\/span><\/a><\/p>\n","protected":false},"author":13290,"featured_media":0,"parent":0,"menu_order":0,"comment_status":"closed","ping_status":"closed","template":"","meta":{"_locale":"fr_FR","_original_post":"688","footnotes":""},"class_list":["post-1307","page","type-page","status-publish","hentry","fr-FR"],"_links":{"self":[{"href":"https:\/\/earsandeyes.noblogs.org\/wp-json\/wp\/v2\/pages\/1307","targetHints":{"allow":["GET"]}}],"collection":[{"href":"https:\/\/earsandeyes.noblogs.org\/wp-json\/wp\/v2\/pages"}],"about":[{"href":"https:\/\/earsandeyes.noblogs.org\/wp-json\/wp\/v2\/types\/page"}],"author":[{"embeddable":true,"href":"https:\/\/earsandeyes.noblogs.org\/wp-json\/wp\/v2\/users\/13290"}],"replies":[{"embeddable":true,"href":"https:\/\/earsandeyes.noblogs.org\/wp-json\/wp\/v2\/comments?post=1307"}],"version-history":[{"count":1,"href":"https:\/\/earsandeyes.noblogs.org\/wp-json\/wp\/v2\/pages\/1307\/revisions"}],"predecessor-version":[{"id":1309,"href":"https:\/\/earsandeyes.noblogs.org\/wp-json\/wp\/v2\/pages\/1307\/revisions\/1309"}],"wp:attachment":[{"href":"https:\/\/earsandeyes.noblogs.org\/wp-json\/wp\/v2\/media?parent=1307"}],"curies":[{"name":"wp","href":"https:\/\/api.w.org\/{rel}","templated":true}]}}