{"id":1301,"date":"2019-11-07T10:45:38","date_gmt":"2019-11-07T09:45:38","guid":{"rendered":"https:\/\/earsandeyes.noblogs.org\/?page_id=1301"},"modified":"2019-11-07T10:45:38","modified_gmt":"2019-11-07T09:45:38","slug":"presidio","status":"publish","type":"page","link":"https:\/\/earsandeyes.noblogs.org\/fr\/presidio\/","title":{"rendered":"Presidio"},"content":{"rendered":"<p><strong>Site officiel<\/strong> : <a href=\"https:\/\/presidio.com\">presidio.com<\/a><br \/>\n<strong>Adresse<\/strong> : <a href=\"https:\/\/www.presidio.com\/page\/464\/offices\">plus de 60 adresses aux \u00c9tats-Unis<\/a><\/p>\n<p><strong>Statut l\u00e9gal<\/strong> : Entreprise bas\u00e9e aux \u00c9tats-Unis.<br \/>\n<strong>Clients<\/strong> : Agences du maintien de l&rsquo;ordre. Depuis 2012, l&rsquo;entreprise commercialise des dispositifs de surveillance par localisation aupr\u00e8s d&rsquo;agences du maintien de l&rsquo;ordre, apr\u00e8s avoir <a href=\"https:\/\/www.crn.com\/news\/channel-programs\/222300955\/presidio-buys-coleman-creates-11-billion-var-powerhouse.htm\">acquis Coleman Technologies<\/a>, qui \u00e9tait l&rsquo;entreprise qui commercialisait ces dispositifs au d\u00e9part.<br \/>\n<strong>Produits<\/strong> : Tr\u00e8s grande gamme de produits et services li\u00e9s aux technologies de l&rsquo;information, dont des dispositifs de surveillance par localisation.<\/p>\n<p>Un exemple de dispositif de localisation commercialis\u00e9 par Presidio, sous le nom de Coleman Technologies, est visible aux pages 10-11 d&rsquo;un <a href=\"https:\/\/earsandeyes.noblogs.org\/files\/2019\/10\/Doral-Police-Department-GPS-trackers.pdf\">document dat\u00e9 de 2012<\/a> qui montre que le dispositif en question \u00e9tait consid\u00e9r\u00e9 comme un achat potentiel par une section locale de police en Floride (bien que le dispositif d&rsquo;un concurrent ait \u00e9t\u00e9 choisi au final).<\/p>\n","protected":false},"excerpt":{"rendered":"<p>Site officiel : presidio.com Adresse : plus de 60 adresses aux \u00c9tats-Unis Statut l\u00e9gal : Entreprise bas\u00e9e aux \u00c9tats-Unis. Clients : Agences du maintien de l&rsquo;ordre. Depuis 2012, l&rsquo;entreprise commercialise des dispositifs de surveillance par localisation aupr\u00e8s d&rsquo;agences du maintien &hellip; <a href=\"https:\/\/earsandeyes.noblogs.org\/fr\/presidio\/\">Continuer la lecture <span class=\"meta-nav\">&rarr;<\/span><\/a><\/p>\n","protected":false},"author":13290,"featured_media":0,"parent":0,"menu_order":0,"comment_status":"closed","ping_status":"closed","template":"","meta":{"_locale":"fr_FR","_original_post":"387","footnotes":""},"class_list":["post-1301","page","type-page","status-publish","hentry","fr-FR"],"_links":{"self":[{"href":"https:\/\/earsandeyes.noblogs.org\/wp-json\/wp\/v2\/pages\/1301","targetHints":{"allow":["GET"]}}],"collection":[{"href":"https:\/\/earsandeyes.noblogs.org\/wp-json\/wp\/v2\/pages"}],"about":[{"href":"https:\/\/earsandeyes.noblogs.org\/wp-json\/wp\/v2\/types\/page"}],"author":[{"embeddable":true,"href":"https:\/\/earsandeyes.noblogs.org\/wp-json\/wp\/v2\/users\/13290"}],"replies":[{"embeddable":true,"href":"https:\/\/earsandeyes.noblogs.org\/wp-json\/wp\/v2\/comments?post=1301"}],"version-history":[{"count":2,"href":"https:\/\/earsandeyes.noblogs.org\/wp-json\/wp\/v2\/pages\/1301\/revisions"}],"predecessor-version":[{"id":1305,"href":"https:\/\/earsandeyes.noblogs.org\/wp-json\/wp\/v2\/pages\/1301\/revisions\/1305"}],"wp:attachment":[{"href":"https:\/\/earsandeyes.noblogs.org\/wp-json\/wp\/v2\/media?parent=1301"}],"curies":[{"name":"wp","href":"https:\/\/api.w.org\/{rel}","templated":true}]}}