{"id":1299,"date":"2019-11-07T10:45:38","date_gmt":"2019-11-07T09:45:38","guid":{"rendered":"https:\/\/earsandeyes.noblogs.org\/?page_id=1299"},"modified":"2021-03-26T07:52:29","modified_gmt":"2021-03-26T06:52:29","slug":"pki-electronic-intelligence","status":"publish","type":"page","link":"https:\/\/earsandeyes.noblogs.org\/fr\/pki-electronic-intelligence\/","title":{"rendered":"PKI Electronic Intelligence"},"content":{"rendered":"<p><strong>Site officiel<\/strong> : <a href=\"http:\/\/pki-electronic.com\">pki-electronic.com<\/a><br \/>\n<strong>Adresse<\/strong> : PKI Electronic Intelligence GmbH Germany, Gro\u00dfenseer Str. 17, 22952 L\u00fctjensee, Hamburg, Allemagne<br \/>\n<strong>Email<\/strong> : information<span class=\"\">@pki-electronic.com<\/span><\/p>\n<p><strong>Statut l\u00e9gal<\/strong> : Entreprise allemande fond\u00e9e en 1968.<br \/>\n<strong>Clients<\/strong> : Agences du maintien de l&rsquo;ordre (d&rsquo;apr\u00e8s leur site web).<br \/>\n<strong>Produits<\/strong> : Syst\u00e8mes de surveillance audio, vid\u00e9o, et par localisation. Leur site web liste les syst\u00e8mes de surveillance <a href=\"http:\/\/www.pki-electronic.com\/products\/product-category\/audio-surveillance-equipment\/\">audio<\/a>, <a href=\"http:\/\/www.pki-electronic.com\/products\/product-category\/video-and-night-vision-systems\/\">vid\u00e9o<\/a>, et <a href=\"http:\/\/www.pki-electronic.com\/products\/product-category\/gps-gsm-technology\/\">par localisation<\/a> commercialis\u00e9s par l&rsquo;entreprise, avec des sp\u00e9cifications techniques. Leurs <a href=\"http:\/\/www.pki-electronic.com\/catalogue\/\">catalogues<\/a> sont aussi disponibles.<\/p>\n","protected":false},"excerpt":{"rendered":"<p>Site officiel : pki-electronic.com Adresse : PKI Electronic Intelligence GmbH Germany, Gro\u00dfenseer Str. 17, 22952 L\u00fctjensee, Hamburg, Allemagne Email : information@pki-electronic.com Statut l\u00e9gal : Entreprise allemande fond\u00e9e en 1968. Clients : Agences du maintien de l&rsquo;ordre (d&rsquo;apr\u00e8s leur site web). &hellip; <a href=\"https:\/\/earsandeyes.noblogs.org\/fr\/pki-electronic-intelligence\/\">Continuer la lecture <span class=\"meta-nav\">&rarr;<\/span><\/a><\/p>\n","protected":false},"author":13290,"featured_media":0,"parent":0,"menu_order":0,"comment_status":"closed","ping_status":"closed","template":"","meta":{"_locale":"fr_FR","_original_post":"373","footnotes":""},"class_list":["post-1299","page","type-page","status-publish","hentry","fr-FR"],"_links":{"self":[{"href":"https:\/\/earsandeyes.noblogs.org\/wp-json\/wp\/v2\/pages\/1299","targetHints":{"allow":["GET"]}}],"collection":[{"href":"https:\/\/earsandeyes.noblogs.org\/wp-json\/wp\/v2\/pages"}],"about":[{"href":"https:\/\/earsandeyes.noblogs.org\/wp-json\/wp\/v2\/types\/page"}],"author":[{"embeddable":true,"href":"https:\/\/earsandeyes.noblogs.org\/wp-json\/wp\/v2\/users\/13290"}],"replies":[{"embeddable":true,"href":"https:\/\/earsandeyes.noblogs.org\/wp-json\/wp\/v2\/comments?post=1299"}],"version-history":[{"count":4,"href":"https:\/\/earsandeyes.noblogs.org\/wp-json\/wp\/v2\/pages\/1299\/revisions"}],"predecessor-version":[{"id":2224,"href":"https:\/\/earsandeyes.noblogs.org\/wp-json\/wp\/v2\/pages\/1299\/revisions\/2224"}],"wp:attachment":[{"href":"https:\/\/earsandeyes.noblogs.org\/wp-json\/wp\/v2\/media?parent=1299"}],"curies":[{"name":"wp","href":"https:\/\/api.w.org\/{rel}","templated":true}]}}