{"id":1296,"date":"2019-11-07T10:45:38","date_gmt":"2019-11-07T09:45:38","guid":{"rendered":"https:\/\/earsandeyes.noblogs.org\/?page_id=1296"},"modified":"2021-03-26T07:52:18","modified_gmt":"2021-03-26T06:52:18","slug":"parinto","status":"publish","type":"page","link":"https:\/\/earsandeyes.noblogs.org\/fr\/parinto\/","title":{"rendered":"Parinto"},"content":{"rendered":"<p><strong>Site officiel<\/strong> : <a href=\"http:\/\/parinto.co.za\">parinto.co.za<\/a><br \/>\n<strong>Adresse<\/strong> : C2 Newlands Plaza, Cnr Lois &amp; Dely Avenue, Newlands, Pretoria, 0049, Afrique du Sud<br \/>\n<strong>T\u00e9l\u00e9phone<\/strong> : +27 (12) 348 6522 \/ 3<br \/>\n<strong>Email<\/strong> : sales@parinto.co.za<\/p>\n<p><strong>Statut l\u00e9gal<\/strong> : Entreprise d&rsquo;Afrique du Sud fond\u00e9e en 1998.<br \/>\n<strong>Clients<\/strong> : Agences du maintien de l&rsquo;ordre. D&rsquo;apr\u00e8s leur site web, leurs clients incluent des agences du maintien de l&rsquo;ordre, des unit\u00e9s d&rsquo;enqu\u00eates sp\u00e9ciales et l&rsquo;arm\u00e9e (\u00ab\u00a0Law Enforcement Agencies, Special Investigation Units and the Military\u00a0\u00bb).<br \/>\n<strong>Produits<\/strong> : Dispositifs de surveillance audio et vid\u00e9o. Une <a href=\"https:\/\/web.archive.org\/web\/20140624180810\/http:\/\/parinto.co.za\/covert.html\">version archiv\u00e9e d&rsquo;une page de leur site web dat\u00e9e de 2014<\/a> d\u00e9crit les dispositifs de surveillance con\u00e7us pour \u00eatre cach\u00e9s commercialis\u00e9s par l&rsquo;entreprise, sans donner de d\u00e9tails.<\/p>\n","protected":false},"excerpt":{"rendered":"<p>Site officiel : parinto.co.za Adresse : C2 Newlands Plaza, Cnr Lois &amp; Dely Avenue, Newlands, Pretoria, 0049, Afrique du Sud T\u00e9l\u00e9phone : +27 (12) 348 6522 \/ 3 Email : sales@parinto.co.za Statut l\u00e9gal : Entreprise d&rsquo;Afrique du Sud fond\u00e9e en &hellip; <a href=\"https:\/\/earsandeyes.noblogs.org\/fr\/parinto\/\">Continuer la lecture <span class=\"meta-nav\">&rarr;<\/span><\/a><\/p>\n","protected":false},"author":13290,"featured_media":0,"parent":0,"menu_order":0,"comment_status":"closed","ping_status":"closed","template":"","meta":{"_locale":"fr_FR","_original_post":"805","footnotes":""},"class_list":["post-1296","page","type-page","status-publish","hentry","fr-FR"],"_links":{"self":[{"href":"https:\/\/earsandeyes.noblogs.org\/wp-json\/wp\/v2\/pages\/1296","targetHints":{"allow":["GET"]}}],"collection":[{"href":"https:\/\/earsandeyes.noblogs.org\/wp-json\/wp\/v2\/pages"}],"about":[{"href":"https:\/\/earsandeyes.noblogs.org\/wp-json\/wp\/v2\/types\/page"}],"author":[{"embeddable":true,"href":"https:\/\/earsandeyes.noblogs.org\/wp-json\/wp\/v2\/users\/13290"}],"replies":[{"embeddable":true,"href":"https:\/\/earsandeyes.noblogs.org\/wp-json\/wp\/v2\/comments?post=1296"}],"version-history":[{"count":2,"href":"https:\/\/earsandeyes.noblogs.org\/wp-json\/wp\/v2\/pages\/1296\/revisions"}],"predecessor-version":[{"id":2222,"href":"https:\/\/earsandeyes.noblogs.org\/wp-json\/wp\/v2\/pages\/1296\/revisions\/2222"}],"wp:attachment":[{"href":"https:\/\/earsandeyes.noblogs.org\/wp-json\/wp\/v2\/media?parent=1296"}],"curies":[{"name":"wp","href":"https:\/\/api.w.org\/{rel}","templated":true}]}}