{"id":1293,"date":"2019-11-07T10:45:38","date_gmt":"2019-11-07T09:45:38","guid":{"rendered":"https:\/\/earsandeyes.noblogs.org\/?page_id=1293"},"modified":"2021-03-26T07:52:08","modified_gmt":"2021-03-26T06:52:08","slug":"pad-datentechnik","status":"publish","type":"page","link":"https:\/\/earsandeyes.noblogs.org\/fr\/pad-datentechnik\/","title":{"rendered":"PAD Datentechnik"},"content":{"rendered":"<p><em>Cette entreprise est \u00e9galement list\u00e9e sur : <a href=\"https:\/\/buggedplanet.info\/index.php?title=PAD\">Bugged Planet<\/a><\/em><\/p>\n<p>Ancienne entreprise allemande qui commercialisait des syst\u00e8mes de surveillance par localisation. Il semble que l&rsquo;entreprise ait stopp\u00e9 ses activit\u00e9s en 2008, parce que leur <a href=\"http:\/\/pad-datentechnik.de\">site officiel<\/a> est vide depuis 2008.<\/p>\n","protected":false},"excerpt":{"rendered":"<p>Cette entreprise est \u00e9galement list\u00e9e sur : Bugged Planet Ancienne entreprise allemande qui commercialisait des syst\u00e8mes de surveillance par localisation. Il semble que l&rsquo;entreprise ait stopp\u00e9 ses activit\u00e9s en 2008, parce que leur site officiel est vide depuis 2008.<\/p>\n","protected":false},"author":13290,"featured_media":0,"parent":0,"menu_order":0,"comment_status":"closed","ping_status":"closed","template":"","meta":{"_locale":"fr_FR","_original_post":"397","footnotes":""},"class_list":["post-1293","page","type-page","status-publish","hentry","fr-FR"],"_links":{"self":[{"href":"https:\/\/earsandeyes.noblogs.org\/wp-json\/wp\/v2\/pages\/1293","targetHints":{"allow":["GET"]}}],"collection":[{"href":"https:\/\/earsandeyes.noblogs.org\/wp-json\/wp\/v2\/pages"}],"about":[{"href":"https:\/\/earsandeyes.noblogs.org\/wp-json\/wp\/v2\/types\/page"}],"author":[{"embeddable":true,"href":"https:\/\/earsandeyes.noblogs.org\/wp-json\/wp\/v2\/users\/13290"}],"replies":[{"embeddable":true,"href":"https:\/\/earsandeyes.noblogs.org\/wp-json\/wp\/v2\/comments?post=1293"}],"version-history":[{"count":2,"href":"https:\/\/earsandeyes.noblogs.org\/wp-json\/wp\/v2\/pages\/1293\/revisions"}],"predecessor-version":[{"id":2220,"href":"https:\/\/earsandeyes.noblogs.org\/wp-json\/wp\/v2\/pages\/1293\/revisions\/2220"}],"wp:attachment":[{"href":"https:\/\/earsandeyes.noblogs.org\/wp-json\/wp\/v2\/media?parent=1293"}],"curies":[{"name":"wp","href":"https:\/\/api.w.org\/{rel}","templated":true}]}}