{"id":1290,"date":"2019-11-07T10:45:38","date_gmt":"2019-11-07T09:45:38","guid":{"rendered":"https:\/\/earsandeyes.noblogs.org\/?page_id=1290"},"modified":"2019-11-07T10:45:38","modified_gmt":"2019-11-07T09:45:38","slug":"ovation-systems","status":"publish","type":"page","link":"https:\/\/earsandeyes.noblogs.org\/fr\/ovation-systems\/","title":{"rendered":"Ovation Systems"},"content":{"rendered":"<p><strong>Site officiel<\/strong> : <a href=\"https:\/\/www.ovation.co.uk\">ovation.co.uk<\/a><br \/>\n<strong>Adresse<\/strong> : Springfield Barn, London Road, Milton Common, Oxfordshire, OX9 2JY, Royaume-Uni<br \/>\n<strong>T\u00e9l\u00e9phone<\/strong> : +44 1844 279 638<br \/>\n<strong>Email<\/strong> : sales@ovation.co.uk<\/p>\n<p><strong>Statut l\u00e9gal<\/strong> : Entreprise britannique fond\u00e9e en 1987.<br \/>\n<strong>Clients<\/strong> : Agences du maintien de l&rsquo;ordre, gouvernements et l&rsquo;arm\u00e9e (d&rsquo;apr\u00e8s leur site web).<br \/>\n<strong>Products<\/strong> : Syst\u00e8mes de surveillance audio et vid\u00e9o. Une <a href=\"https:\/\/www.ovation.co.uk\/products\/digital-video-recording\">page de leur site web<\/a> liste les syst\u00e8mes de surveillance commercialis\u00e9s par l&rsquo;entreprise, avec des sp\u00e9cifications techniques et des photos.<\/p>\n","protected":false},"excerpt":{"rendered":"<p>Site officiel : ovation.co.uk Adresse : Springfield Barn, London Road, Milton Common, Oxfordshire, OX9 2JY, Royaume-Uni T\u00e9l\u00e9phone : +44 1844 279 638 Email : sales@ovation.co.uk Statut l\u00e9gal : Entreprise britannique fond\u00e9e en 1987. Clients : Agences du maintien de l&rsquo;ordre, &hellip; <a href=\"https:\/\/earsandeyes.noblogs.org\/fr\/ovation-systems\/\">Continuer la lecture <span class=\"meta-nav\">&rarr;<\/span><\/a><\/p>\n","protected":false},"author":13290,"featured_media":0,"parent":0,"menu_order":0,"comment_status":"closed","ping_status":"closed","template":"","meta":{"_locale":"fr_FR","_original_post":"573","footnotes":""},"class_list":["post-1290","page","type-page","status-publish","hentry","fr-FR"],"_links":{"self":[{"href":"https:\/\/earsandeyes.noblogs.org\/wp-json\/wp\/v2\/pages\/1290","targetHints":{"allow":["GET"]}}],"collection":[{"href":"https:\/\/earsandeyes.noblogs.org\/wp-json\/wp\/v2\/pages"}],"about":[{"href":"https:\/\/earsandeyes.noblogs.org\/wp-json\/wp\/v2\/types\/page"}],"author":[{"embeddable":true,"href":"https:\/\/earsandeyes.noblogs.org\/wp-json\/wp\/v2\/users\/13290"}],"replies":[{"embeddable":true,"href":"https:\/\/earsandeyes.noblogs.org\/wp-json\/wp\/v2\/comments?post=1290"}],"version-history":[{"count":1,"href":"https:\/\/earsandeyes.noblogs.org\/wp-json\/wp\/v2\/pages\/1290\/revisions"}],"predecessor-version":[{"id":1292,"href":"https:\/\/earsandeyes.noblogs.org\/wp-json\/wp\/v2\/pages\/1290\/revisions\/1292"}],"wp:attachment":[{"href":"https:\/\/earsandeyes.noblogs.org\/wp-json\/wp\/v2\/media?parent=1290"}],"curies":[{"name":"wp","href":"https:\/\/api.w.org\/{rel}","templated":true}]}}