{"id":1286,"date":"2019-11-07T10:45:38","date_gmt":"2019-11-07T09:45:38","guid":{"rendered":"https:\/\/earsandeyes.noblogs.org\/?page_id=1286"},"modified":"2022-07-24T01:44:29","modified_gmt":"2022-07-23T23:44:29","slug":"nautics-group","status":"publish","type":"page","link":"https:\/\/earsandeyes.noblogs.org\/fr\/nautics-group\/","title":{"rendered":"Nautics Group"},"content":{"rendered":"<p><strong>Sites officiels<\/strong> : <a href=\"https:\/\/nauticsgroup.com\">nauticsgroup.com<\/a>, <a href=\"https:\/\/www.atr-ltd.co.uk\">atr-ltd.co.uk<\/a><br \/>\n<strong>Adresse au Canada<\/strong> : Nautics Technical Surveillance Corporation, Unit 2220 \/ 1658 Bedford Hwy, Bedford, B4A 2X9, NS, Canada<br \/>\n<strong>Adresse d&rsquo;Advanced Tactical Resources<\/strong> : The Old Barracks, Goring Heath, Reading, RG8 7RU, United Kingdom<\/p>\n<p><strong>Statut l\u00e9gal<\/strong> : Entreprise multinationale. L&rsquo;entreprise commercialise des produits de surveillance sous le nom Geonautics. Leurs produits sont commercialis\u00e9s au Royaume-Uni \u00e0 travers leur filliale britannique Advanced Tactical Resources.<br \/>\n<strong>Clients<\/strong> : Agences du maintien de l&rsquo;ordre, gouvernements et l&rsquo;arm\u00e9e (d&rsquo;apr\u00e8s leurs sites web).<br \/>\n<strong>Produits<\/strong> : Dispositifs de surveillance audio et par localisation. Leurs sites web ne donnent pas beaucoup de d\u00e9tails \u00e0 propos de leurs produits.<\/p>\n<p>Leur <a href=\"https:\/\/earsandeyes.noblogs.org\/files\/2022\/07\/Nautics-Group-2020-catalog.pdf\">catalogue de 2020<\/a> ainsi que des <a href=\"https:\/\/earsandeyes.noblogs.org\/files\/2022\/07\/Nautics-Group-2020-specifications.pdf\">sp\u00e9cifications techniques de 2020<\/a> ont \u00e9t\u00e9 publi\u00e9s en 2022 par le collectif DDoSecrets.<\/p>\n<p>Un <a href=\"https:\/\/earsandeyes.noblogs.org\/files\/2022\/07\/Nautics-Group-2012-catalog.pdf\">catalogue dat\u00e9 de 2012<\/a> d\u00e9crit les dispositifs de surveillance con\u00e7us pour \u00eatre cach\u00e9s commercialis\u00e9s par Nautics Group sous le nom Geonautics. Les liens vers d&rsquo;autres documents qui d\u00e9crivent des produits sp\u00e9cifiques (certains d\u00e9j\u00e0 pr\u00e9sents dans le catalogue) sont donn\u00e9s plus bas.<\/p>\n<p>Les dispositifs de surveillance audio commercialis\u00e9s par l&rsquo;entreprise incluent :<\/p>\n<ul>\n<li>Des enregistreurs audio cach\u00e9s dans des objets ordinaires, capables d&rsquo;enregistrer l&rsquo;audio et de stocker les enregistrements sur une m\u00e9moire interne. Ils sont aliment\u00e9s par des batteries. Ils peuvent \u00eatre cach\u00e9s dans un <a href=\"https:\/\/earsandeyes.noblogs.org\/files\/2019\/10\/Geonautics-A3k-Key-Fob.pdf\">porte-cl\u00e9s<\/a>, un <a href=\"https:\/\/earsandeyes.noblogs.org\/files\/2019\/10\/Geonautics-A3z-Zippo.pdf\">allume-cigare<\/a>, une <a href=\"https:\/\/earsandeyes.noblogs.org\/files\/2019\/10\/Geonautics-A3w-G-Shock.pdf\">montre<\/a>, une <a href=\"https:\/\/earsandeyes.noblogs.org\/files\/2019\/10\/Geonautics-A5RF-JBL-Clip2.pdf\">enceinte portable<\/a>, ou un <a href=\"https:\/\/earsandeyes.noblogs.org\/files\/2019\/10\/Geonautics-A5u-Car-USB-charger.pdf\">chargeur USB pour voiture<\/a>. L&rsquo;entreprise commercialise aussi s\u00e9par\u00e9ment l&rsquo;enregistreur audio cach\u00e9 dans les objets, appel\u00e9 <a href=\"https:\/\/earsandeyes.noblogs.org\/files\/2019\/10\/Geonautics-TAG-A5f-Dingo.pdf\">Dingo<\/a>.<\/li>\n<li>Un enregistreur audio appel\u00e9 <a href=\"https:\/\/earsandeyes.noblogs.org\/files\/2019\/10\/Geonautics-TAG-A4RF-Bilby.pdf\">Bilby<\/a> capable de transmettre les enregistrements sur des fr\u00e9quences radio.<\/li>\n<li>Un enregistreur audio appel\u00e9 <a href=\"https:\/\/earsandeyes.noblogs.org\/files\/2019\/10\/Geonautics-C2-Wallaby.pdf\">Wallaby<\/a> capable de transmettre les enregistrements sur les r\u00e9seaux t\u00e9l\u00e9phoniques GSM\/CDMA.<\/li>\n<\/ul>\n<p>Les dispositifs de surveillance par localisation commercialis\u00e9s par l&rsquo;entreprise incluent :<\/p>\n<ul>\n<li>Un appareil appel\u00e9 <a href=\"https:\/\/earsandeyes.noblogs.org\/files\/2019\/10\/Geonautics-T5-Wombat.pdf\">Wombat<\/a> capable d&rsquo;obtenir sa propre position en utilisant le GPS et de stocker les donn\u00e9es de localisation sur une m\u00e9moire interne.<\/li>\n<li>Un appareil appel\u00e9 <a href=\"https:\/\/earsandeyes.noblogs.org\/files\/2019\/10\/Geonautics-T6-Possum.pdf\">Possum<\/a> capable d&rsquo;obtenir sa propre position en utilisant le GPS et de transmettre les donn\u00e9es de localisation sur les r\u00e9seaux t\u00e9l\u00e9phoniques LTE\/4G.<\/li>\n<li>Un appareil appel\u00e9 <a href=\"https:\/\/earsandeyes.noblogs.org\/files\/2019\/10\/Geonautics-L2g-Koala.pdf\">Koala<\/a> capable d&rsquo;obtenir sa propre position en utilisant le GPS ou GLONASS (une alternative au GPS) et d&rsquo;enregistrer l&rsquo;audio, et de transmettre les donn\u00e9es de localisation et les donn\u00e9es audio sur le r\u00e9seau t\u00e9l\u00e9phonique 3G.<\/li>\n<\/ul>\n","protected":false},"excerpt":{"rendered":"<p>Sites officiels : nauticsgroup.com, atr-ltd.co.uk Adresse au Canada : Nautics Technical Surveillance Corporation, Unit 2220 \/ 1658 Bedford Hwy, Bedford, B4A 2X9, NS, Canada Adresse d&rsquo;Advanced Tactical Resources : The Old Barracks, Goring Heath, Reading, RG8 7RU, United Kingdom Statut &hellip; <a href=\"https:\/\/earsandeyes.noblogs.org\/fr\/nautics-group\/\">Continuer la lecture <span class=\"meta-nav\">&rarr;<\/span><\/a><\/p>\n","protected":false},"author":13290,"featured_media":0,"parent":0,"menu_order":0,"comment_status":"closed","ping_status":"closed","template":"","meta":{"_locale":"fr_FR","_original_post":"658","footnotes":""},"class_list":["post-1286","page","type-page","status-publish","hentry","fr-FR"],"_links":{"self":[{"href":"https:\/\/earsandeyes.noblogs.org\/wp-json\/wp\/v2\/pages\/1286","targetHints":{"allow":["GET"]}}],"collection":[{"href":"https:\/\/earsandeyes.noblogs.org\/wp-json\/wp\/v2\/pages"}],"about":[{"href":"https:\/\/earsandeyes.noblogs.org\/wp-json\/wp\/v2\/types\/page"}],"author":[{"embeddable":true,"href":"https:\/\/earsandeyes.noblogs.org\/wp-json\/wp\/v2\/users\/13290"}],"replies":[{"embeddable":true,"href":"https:\/\/earsandeyes.noblogs.org\/wp-json\/wp\/v2\/comments?post=1286"}],"version-history":[{"count":9,"href":"https:\/\/earsandeyes.noblogs.org\/wp-json\/wp\/v2\/pages\/1286\/revisions"}],"predecessor-version":[{"id":2493,"href":"https:\/\/earsandeyes.noblogs.org\/wp-json\/wp\/v2\/pages\/1286\/revisions\/2493"}],"wp:attachment":[{"href":"https:\/\/earsandeyes.noblogs.org\/wp-json\/wp\/v2\/media?parent=1286"}],"curies":[{"name":"wp","href":"https:\/\/api.w.org\/{rel}","templated":true}]}}