{"id":1280,"date":"2019-11-07T10:45:38","date_gmt":"2019-11-07T09:45:38","guid":{"rendered":"https:\/\/earsandeyes.noblogs.org\/?page_id=1280"},"modified":"2020-11-26T04:03:44","modified_gmt":"2020-11-26T03:03:44","slug":"movia","status":"publish","type":"page","link":"https:\/\/earsandeyes.noblogs.org\/fr\/movia\/","title":{"rendered":"Movia"},"content":{"rendered":"<p><strong>Site officiel<\/strong> : <a href=\"http:\/\/movia.biz\">movia.biz<\/a><br \/>\n<strong>Adresse \u00e0 Catania<\/strong> : Centro di Ricerca e Sviluppo, Via A. Pacinotti, 5 &#8211; 95025 Aci Sant&rsquo;Antonio (CT), Italie<br \/>\n<strong>Adresse \u00e0 Milan<\/strong> : Sede Commerciale ed Operativa, Via Stefanardo da Vimercate, 28 \u2013 20128 Milano, Italie<br \/>\n<strong>Email<\/strong> : info<span class=\"atwho-query\">@movia.biz<\/span><\/p>\n<p><strong>Statut l\u00e9gal<\/strong> : Entreprise italienne fond\u00e9e en 2002 sous le nom SPMC.<br \/>\n<strong>Clients<\/strong> : Agences gouvernementales (d&rsquo;apr\u00e8s leur site web).<br \/>\n<strong>Produits<\/strong> : Syst\u00e8mes de surveillance audio, vid\u00e9o, et par localisation. Une courte description de leurs produits est donn\u00e9e sur <a href=\"https:\/\/web.archive.org\/web\/20200223205224\/https:\/\/www.movia.biz\/solutions\">une version archiv\u00e9e d&rsquo;une page de leur site web<\/a>.<\/p>\n","protected":false},"excerpt":{"rendered":"<p>Site officiel : movia.biz Adresse \u00e0 Catania : Centro di Ricerca e Sviluppo, Via A. Pacinotti, 5 &#8211; 95025 Aci Sant&rsquo;Antonio (CT), Italie Adresse \u00e0 Milan : Sede Commerciale ed Operativa, Via Stefanardo da Vimercate, 28 \u2013 20128 Milano, Italie &hellip; <a href=\"https:\/\/earsandeyes.noblogs.org\/fr\/movia\/\">Continuer la lecture <span class=\"meta-nav\">&rarr;<\/span><\/a><\/p>\n","protected":false},"author":13290,"featured_media":0,"parent":0,"menu_order":0,"comment_status":"closed","ping_status":"closed","template":"","meta":{"_locale":"fr_FR","_original_post":"347","footnotes":""},"class_list":["post-1280","page","type-page","status-publish","hentry","fr-FR"],"_links":{"self":[{"href":"https:\/\/earsandeyes.noblogs.org\/wp-json\/wp\/v2\/pages\/1280","targetHints":{"allow":["GET"]}}],"collection":[{"href":"https:\/\/earsandeyes.noblogs.org\/wp-json\/wp\/v2\/pages"}],"about":[{"href":"https:\/\/earsandeyes.noblogs.org\/wp-json\/wp\/v2\/types\/page"}],"author":[{"embeddable":true,"href":"https:\/\/earsandeyes.noblogs.org\/wp-json\/wp\/v2\/users\/13290"}],"replies":[{"embeddable":true,"href":"https:\/\/earsandeyes.noblogs.org\/wp-json\/wp\/v2\/comments?post=1280"}],"version-history":[{"count":2,"href":"https:\/\/earsandeyes.noblogs.org\/wp-json\/wp\/v2\/pages\/1280\/revisions"}],"predecessor-version":[{"id":1867,"href":"https:\/\/earsandeyes.noblogs.org\/wp-json\/wp\/v2\/pages\/1280\/revisions\/1867"}],"wp:attachment":[{"href":"https:\/\/earsandeyes.noblogs.org\/wp-json\/wp\/v2\/media?parent=1280"}],"curies":[{"name":"wp","href":"https:\/\/api.w.org\/{rel}","templated":true}]}}