{"id":1275,"date":"2019-11-07T10:45:38","date_gmt":"2019-11-07T09:45:38","guid":{"rendered":"https:\/\/earsandeyes.noblogs.org\/?page_id=1275"},"modified":"2021-03-26T07:51:29","modified_gmt":"2021-03-26T06:51:29","slug":"mgt-europe","status":"publish","type":"page","link":"https:\/\/earsandeyes.noblogs.org\/fr\/mgt-europe\/","title":{"rendered":"MGT Europe"},"content":{"rendered":"<p><strong>Site officiel<\/strong> : <a href=\"http:\/\/www.mgteurope.com\">mgteurope.com<\/a><br \/>\n<strong>Adresse<\/strong> : 262 Chamberlayne Rd, NW10 3LN, London, Royaume-Uni<br \/>\n<strong>T\u00e9l\u00e9phone<\/strong> : +44 (0) 208 451 3024, +44 (0) 777 039 0324<br \/>\n<strong>Email<\/strong> : info@mgteurope.com<\/p>\n<p><strong>Statut l\u00e9gal<\/strong> : Entreprise britannique.<br \/>\n<strong>Clients<\/strong> : Agences du maintien de l&rsquo;ordre (d&rsquo;apr\u00e8s leur site web).<br \/>\n<strong>Produits<\/strong> : Dispositifs de surveillance audio, vid\u00e9o, et par localisation. <a href=\"http:\/\/www.mgteurope.com\">Leur site web<\/a> liste les dispositifs de surveillance commercialis\u00e9s par l&rsquo;entreprise, sans donner beaucoup d&rsquo;informations.<\/p>\n<p>Plusieurs documents disponibles d\u00e9crivent leurs dispositifs de surveillance, avec des sp\u00e9cifications techniques et des photos. Des documents sont disponibles sur :<\/p>\n<ul>\n<li>Un syst\u00e8me de surveillance audio appel\u00e9 <a href=\"https:\/\/earsandeyes.noblogs.org\/files\/2019\/10\/MGT-Europe-RM2003D.pdf\">MGT RM2003D<\/a>, qui consiste en deux petits transmetteurs capables d&rsquo;enregistrer l&rsquo;audio avec un microphone interne et de transmettre les donn\u00e9es enregistr\u00e9es \u00e0 un r\u00e9cepteur plac\u00e9 non loin.<\/li>\n<li>Un appareil de surveillance audio appel\u00e9 <a href=\"https:\/\/earsandeyes.noblogs.org\/files\/2019\/10\/MGT-Europe-NOTE-33.pdf\">MGT NOTE-33<\/a> capable d&rsquo;enregistrer l&rsquo;audio et de stocker les donn\u00e9es enregistr\u00e9es sur une m\u00e9moire interne.<\/li>\n<li>Un appareil de surveillance vid\u00e9o appel\u00e9 <a href=\"https:\/\/earsandeyes.noblogs.org\/files\/2019\/10\/MGT-Europe-MGT-512.pdf\">MGT-512<\/a> capable d&rsquo;enregistrer l&rsquo;audio et la vid\u00e9o et de transmettre les donn\u00e9es enregistr\u00e9es sur des fr\u00e9quences radio.<\/li>\n<li>Un appareil de surveillance vid\u00e9o appel\u00e9 <a href=\"https:\/\/earsandeyes.noblogs.org\/files\/2019\/10\/MGT-Europe-NANO-Clip-13.pdf\">MGT-NANO-Clip-13<\/a> capable d&rsquo;enregistrer l&rsquo;audio et la vid\u00e9o et de transmettre les donn\u00e9es enregistr\u00e9es sur les r\u00e9seaux t\u00e9l\u00e9phoniques 2G\/3G\/4G.<\/li>\n<\/ul>\n<p>&nbsp;<\/p>\n","protected":false},"excerpt":{"rendered":"<p>Site officiel : mgteurope.com Adresse : 262 Chamberlayne Rd, NW10 3LN, London, Royaume-Uni T\u00e9l\u00e9phone : +44 (0) 208 451 3024, +44 (0) 777 039 0324 Email : info@mgteurope.com Statut l\u00e9gal : Entreprise britannique. Clients : Agences du maintien de l&rsquo;ordre &hellip; <a href=\"https:\/\/earsandeyes.noblogs.org\/fr\/mgt-europe\/\">Continuer la lecture <span class=\"meta-nav\">&rarr;<\/span><\/a><\/p>\n","protected":false},"author":13290,"featured_media":0,"parent":0,"menu_order":0,"comment_status":"closed","ping_status":"closed","template":"","meta":{"_locale":"fr_FR","_original_post":"839","footnotes":""},"class_list":["post-1275","page","type-page","status-publish","hentry","fr-FR"],"_links":{"self":[{"href":"https:\/\/earsandeyes.noblogs.org\/wp-json\/wp\/v2\/pages\/1275","targetHints":{"allow":["GET"]}}],"collection":[{"href":"https:\/\/earsandeyes.noblogs.org\/wp-json\/wp\/v2\/pages"}],"about":[{"href":"https:\/\/earsandeyes.noblogs.org\/wp-json\/wp\/v2\/types\/page"}],"author":[{"embeddable":true,"href":"https:\/\/earsandeyes.noblogs.org\/wp-json\/wp\/v2\/users\/13290"}],"replies":[{"embeddable":true,"href":"https:\/\/earsandeyes.noblogs.org\/wp-json\/wp\/v2\/comments?post=1275"}],"version-history":[{"count":4,"href":"https:\/\/earsandeyes.noblogs.org\/wp-json\/wp\/v2\/pages\/1275\/revisions"}],"predecessor-version":[{"id":2214,"href":"https:\/\/earsandeyes.noblogs.org\/wp-json\/wp\/v2\/pages\/1275\/revisions\/2214"}],"wp:attachment":[{"href":"https:\/\/earsandeyes.noblogs.org\/wp-json\/wp\/v2\/media?parent=1275"}],"curies":[{"name":"wp","href":"https:\/\/api.w.org\/{rel}","templated":true}]}}